{"id":8510,"date":"2025-06-05T09:15:15","date_gmt":"2025-06-05T07:15:15","guid":{"rendered":"https:\/\/www.biokari.sk\/?page_id=8510"},"modified":"2025-10-28T13:37:14","modified_gmt":"2025-10-28T12:37:14","slug":"talianske-vyrobky","status":"publish","type":"page","link":"https:\/\/www.biokari.sk\/en\/italian-products\/","title":{"rendered":"Italian products"},"content":{"rendered":"<div data-elementor-type=\"wp-post\" data-elementor-id=\"8510\" class=\"elementor elementor-8510\" data-elementor-post-type=\"page\">\n\t\t\t\t\t\t<section class=\"elementor-section elementor-top-section elementor-element elementor-element-da428d5 lazy-background elementor-section-content-middle elementor-section-height-min-height elementor-section-stretched elementor-section-boxed elementor-section-height-default elementor-section-items-middle\" data-id=\"da428d5\" data-element_type=\"section\" data-settings=\"{&quot;background_background&quot;:&quot;classic&quot;,&quot;shape_divider_bottom&quot;:&quot;waves&quot;,&quot;shape_divider_bottom_negative&quot;:&quot;yes&quot;,&quot;stretch_section&quot;:&quot;section-stretched&quot;}\">\n\t\t\t\t\t<div class=\"elementor-shape elementor-shape-bottom\" aria-hidden=\"true\" data-negative=\"true\">\n\t\t\t<svg xmlns=\"http:\/\/www.w3.org\/2000\/svg\" viewbox=\"0 0 1000 100\" preserveaspectratio=\"none\">\n\t<path class=\"elementor-shape-fill\" d=\"M790.5,93.1c-59.3-5.3-116.8-18-192.6-50c-29.6-12.7-76.9-31-100.5-35.9c-23.6-4.9-52.6-7.8-75.5-5.3\tc-10.2,1.1-22.6,1.4-50.1,7.4c-27.2,6.3-58.2,16.6-79.4,24.7c-41.3,15.9-94.9,21.9-134,22.6C72,58.2,0,25.8,0,25.8V100h1000V65.3\tc0,0-51.5,19.4-106.2,25.7C839.5,97,814.1,95.2,790.5,93.1z\"\/>\n<\/svg>\t\t<\/div>\n\t\t\t\t\t<div class=\"elementor-container elementor-column-gap-default\">\n\t\t\t\t\t<div class=\"elementor-column elementor-col-100 elementor-top-column elementor-element elementor-element-91b24ad\" data-id=\"91b24ad\" data-element_type=\"column\">\n\t\t\t<div class=\"elementor-widget-wrap elementor-element-populated\">\n\t\t\t\t\t\t<div class=\"elementor-element elementor-element-5b7dad8 elementor-invisible elementor-widget elementor-widget-heading\" data-id=\"5b7dad8\" data-element_type=\"widget\" data-settings=\"{&quot;_animation&quot;:&quot;fadeInDown&quot;}\" data-widget_type=\"heading.default\">\n\t\t\t\t<div class=\"elementor-widget-container\">\n\t\t\t\t\t<h2 class=\"elementor-heading-title elementor-size-default\">Only the best from Italy<\/h2>\t\t\t\t<\/div>\n\t\t\t\t<\/div>\n\t\t\t\t<div class=\"elementor-element elementor-element-3a6d1332 elementor-invisible elementor-widget elementor-widget-heading\" data-id=\"3a6d1332\" data-element_type=\"widget\" data-settings=\"{&quot;_animation&quot;:&quot;fadeInDown&quot;}\" data-widget_type=\"heading.default\">\n\t\t\t\t<div class=\"elementor-widget-container\">\n\t\t\t\t\t<h2 class=\"elementor-heading-title elementor-size-default\">For moments that deserve something special<\/h2>\t\t\t\t<\/div>\n\t\t\t\t<\/div>\n\t\t\t\t<div class=\"elementor-element elementor-element-abafa74 elementor-widget elementor-widget-image\" data-id=\"abafa74\" data-element_type=\"widget\" data-widget_type=\"image.default\">\n\t\t\t\t<div class=\"elementor-widget-container\">\n\t\t\t\t\t\t\t\t\t\t\t\t\t\t\t<img fetchpriority=\"high\" decoding=\"async\" width=\"1000\" height=\"255\" src=\"https:\/\/www.biokari.sk\/wp-content\/uploads\/2025\/07\/taliansko.webp\" class=\"attachment-large size-large wp-image-8726\" alt=\"\" srcset=\"https:\/\/www.biokari.sk\/wp-content\/uploads\/2025\/07\/taliansko.webp 1000w, https:\/\/www.biokari.sk\/wp-content\/uploads\/2025\/07\/taliansko-300x77.webp 300w, https:\/\/www.biokari.sk\/wp-content\/uploads\/2025\/07\/taliansko-768x196.webp 768w, https:\/\/www.biokari.sk\/wp-content\/uploads\/2025\/07\/taliansko-990x252.webp 990w, https:\/\/www.biokari.sk\/wp-content\/uploads\/2025\/07\/taliansko-441x112.webp 441w, https:\/\/www.biokari.sk\/wp-content\/uploads\/2025\/07\/taliansko-800x204.webp 800w, https:\/\/www.biokari.sk\/wp-content\/uploads\/2025\/07\/taliansko-150x38.webp 150w\" sizes=\"(max-width: 360px) 147px, (max-width: 1000px) 100vw, 1000px\" \/>\t\t\t\t\t\t\t\t\t\t\t\t\t\t\t<\/div>\n\t\t\t\t<\/div>\n\t\t\t\t\t<\/div>\n\t\t<\/div>\n\t\t\t\t\t<\/div>\n\t\t<\/section>\n\t\t\t\t<section class=\"elementor-section elementor-top-section elementor-element elementor-element-f93e32d elementor-section-boxed elementor-section-height-default elementor-section-height-default\" data-id=\"f93e32d\" data-element_type=\"section\">\n\t\t\t\t\t\t<div class=\"elementor-container elementor-column-gap-wider\">\n\t\t\t\t\t<div class=\"elementor-column elementor-col-100 elementor-top-column elementor-element elementor-element-d89678d elementor-invisible\" data-id=\"d89678d\" data-element_type=\"column\" data-settings=\"{&quot;animation&quot;:&quot;fadeIn&quot;}\">\n\t\t\t<div class=\"elementor-widget-wrap elementor-element-populated\">\n\t\t\t\t\t\t<div class=\"elementor-element elementor-element-13580cd elementor-widget elementor-widget-text-editor\" data-id=\"13580cd\" data-element_type=\"widget\" data-widget_type=\"text-editor.default\">\n\t\t\t\t<div class=\"elementor-widget-container\">\n\t\t\t\t\t\t\t\t\t<p style=\"text-align: justify;\">In this section you will find products directly <strong>from Italian producers,<\/strong> which we search for ourselves, visit personally and taste the products before they are included in the range. We place particular emphasis on making the products special: <strong>premium, gluten-free<\/strong> or <strong>directly from the farmer,<\/strong> and that they are not commonly available in Slovak supermarket chains. We are constantly expanding our assortment.<\/p>\t\t\t\t\t\t\t\t<\/div>\n\t\t\t\t<\/div>\n\t\t\t\t\t<\/div>\n\t\t<\/div>\n\t\t\t\t\t<\/div>\n\t\t<\/section>\n\t\t\t\t<section class=\"elementor-section elementor-top-section elementor-element elementor-element-9415dc8 elementor-section-content-middle elementor-section-boxed elementor-section-height-default elementor-section-height-default\" data-id=\"9415dc8\" data-element_type=\"section\">\n\t\t\t\t\t\t<div class=\"elementor-container elementor-column-gap-default\">\n\t\t\t\t\t<div class=\"elementor-column elementor-col-50 elementor-top-column elementor-element elementor-element-03f7abb\" data-id=\"03f7abb\" data-element_type=\"column\">\n\t\t\t<div class=\"elementor-widget-wrap elementor-element-populated\">\n\t\t\t\t\t\t<div class=\"elementor-element elementor-element-2c8462a elementor-widget elementor-widget-heading\" data-id=\"2c8462a\" data-element_type=\"widget\" data-widget_type=\"heading.default\">\n\t\t\t\t<div class=\"elementor-widget-container\">\n\t\t\t\t\t<h2 class=\"elementor-heading-title elementor-size-default\">Italian products<\/h2>\t\t\t\t<\/div>\n\t\t\t\t<\/div>\n\t\t\t\t\t<\/div>\n\t\t<\/div>\n\t\t\t\t<div class=\"elementor-column elementor-col-50 elementor-top-column elementor-element elementor-element-cd53030\" data-id=\"cd53030\" data-element_type=\"column\">\n\t\t\t<div class=\"elementor-widget-wrap elementor-element-populated\">\n\t\t\t\t\t\t<div class=\"elementor-element elementor-element-6a9436b elementor-align-right elementor-mobile-align-center elementor-widget elementor-widget-button\" data-id=\"6a9436b\" data-element_type=\"widget\" data-widget_type=\"button.default\">\n\t\t\t\t<div class=\"elementor-widget-container\">\n\t\t\t\t\t\t\t\t\t<div class=\"elementor-button-wrapper\">\n\t\t\t\t\t<a class=\"elementor-button elementor-button-link elementor-size-sm\" href=\"https:\/\/www.biokari.sk\/en\/znacka-produktu\/talianske-vyrobky\/\">\n\t\t\t\t\t\t<span class=\"elementor-button-content-wrapper\">\n\t\t\t\t\t\t<span class=\"elementor-button-icon\">\n\t\t\t\t<svg aria-hidden=\"true\" class=\"e-font-icon-svg e-fas-angle-right\" viewbox=\"0 0 256 512\" xmlns=\"http:\/\/www.w3.org\/2000\/svg\"><path d=\"M224.3 273l-136 136c-9.4 9.4-24.6 9.4-33.9 0l-22.6-22.6c-9.4-9.4-9.4-24.6 0-33.9l96.4-96.4-96.4-96.4c-9.4-9.4-9.4-24.6 0-33.9L54.3 103c9.4-9.4 24.6-9.4 33.9 0l136 136c9.5 9.4 9.5 24.6.1 34z\"><\/path><\/svg>\t\t\t<\/span>\n\t\t\t\t\t\t\t\t\t<span class=\"elementor-button-text\">View<\/span>\n\t\t\t\t\t<\/span>\n\t\t\t\t\t<\/a>\n\t\t\t\t<\/div>\n\t\t\t\t\t\t\t\t<\/div>\n\t\t\t\t<\/div>\n\t\t\t\t\t<\/div>\n\t\t<\/div>\n\t\t\t\t\t<\/div>\n\t\t<\/section>\n\t\t\t\t<section class=\"elementor-section elementor-top-section elementor-element elementor-element-5861b6d elementor-section-boxed elementor-section-height-default elementor-section-height-default\" data-id=\"5861b6d\" data-element_type=\"section\">\n\t\t\t\t\t\t<div class=\"elementor-container elementor-column-gap-default\">\n\t\t\t\t\t<div class=\"elementor-column elementor-col-100 elementor-top-column elementor-element elementor-element-fbe3f51\" data-id=\"fbe3f51\" data-element_type=\"column\">\n\t\t\t<div class=\"elementor-widget-wrap elementor-element-populated\">\n\t\t\t\t\t\t<div class=\"elementor-element elementor-element-a1d4505 elementor-grid-4 elementor-grid-tablet-3 elementor-grid-mobile-2 elementor-products-grid elementor-wc-products elementor-widget elementor-widget-woocommerce-products\" data-id=\"a1d4505\" data-element_type=\"widget\" data-widget_type=\"woocommerce-products.default\">\n\t\t\t\t<div class=\"elementor-widget-container\">\n\t\t\t\t\t<div class=\"woocommerce columns-4\"><ul class=\"products elementor-grid columns-4\">\n<li class=\"product type-product post-9488 status-publish first instock product_cat-maskrty product_cat-potraviny product_cat-slane-maskrty product_tag-talianske-vyrobky has-post-thumbnail taxable shipping-taxable purchasable product-type-simple\">\n\t<div class=\"commercekit-wishlist mini\" data-product-id=\"9488\"><a href=\"#\" class=\"commercekit-save-wishlist\" data-product-id=\"9488\" data-type=\"list\" title=\"Wishlist\" aria-label=\"Wishlist\"><em class=\"cg-wishlist\"><\/em><span><\/span><\/a><\/div><a href=\"https:\/\/www.biokari.sk\/en\/product\/saporipiaceri-stiacche-grissini-2x83g\/\" class=\"woocommerce-LoopProduct-link woocommerce-loop-product__link\"><div class=\"woocommerce-image__wrapper\"><a href=\"https:\/\/www.biokari.sk\/en\/product\/saporipiaceri-stiacche-grissini-2x83g\/\" title=\"Sapori&amp;piaceri Stiacche 2x83g\" class=\"woocommerce-LoopProduct-link woocommerce-loop-product__link\"><div class=\"shoptimizer-plp-carousel-container\"><div class=\"shoptimizer-plp-image-wrapper\"><img decoding=\"async\" width=\"300\" height=\"300\" src=\"https:\/\/www.biokari.sk\/wp-content\/uploads\/2025\/07\/8881c7ef-6cff-4ee3-9dab-936edc971f0f1-300x300.jpg\" class=\"attachment-woocommerce_thumbnail size-woocommerce_thumbnail\" alt=\"Sapori&amp;piaceri Stiacche 2x83g\" srcset=\"https:\/\/www.biokari.sk\/wp-content\/uploads\/2025\/07\/8881c7ef-6cff-4ee3-9dab-936edc971f0f1-300x300.jpg 300w, https:\/\/www.biokari.sk\/wp-content\/uploads\/2025\/07\/8881c7ef-6cff-4ee3-9dab-936edc971f0f1-150x150.jpg 150w, https:\/\/www.biokari.sk\/wp-content\/uploads\/2025\/07\/8881c7ef-6cff-4ee3-9dab-936edc971f0f1-100x100.jpg 100w\" sizes=\"(max-width: 360px) 147px, (max-width: 300px) 100vw, 300px\" \/>\t\t\t\n\t<\/div><\/div><\/a><\/div><div class=\"woocommerce-card__header\">\t\t\t\t<div class=\"woocommerce-loop-product__title\"><a tabindex=\"0\" href=\"https:\/\/www.biokari.sk\/en\/product\/saporipiaceri-stiacche-grissini-2x83g\/\" aria-label=\"Sapori&amp;piaceri Stiacche 2x83g\" class=\"woocommerce-LoopProduct-link woocommerce-loop-product__link\">Sapori&amp;piaceri Stiacche 2x83g<\/a><\/div>\n\t<span class=\"price\"><span class=\"woocommerce-Price-amount amount\"><bdi>3,49&nbsp;<span class=\"woocommerce-Price-currencySymbol\">\u20ac<\/span><\/bdi><\/span><\/span>\n<\/a><a href=\"\/en\/wp-json\/wp\/v2\/pages\/8510?add-to-cart=9488\" aria-describedby=\"woocommerce_loop_add_to_cart_link_describedby_9488\" data-quantity=\"1\" class=\"button product_type_simple add_to_cart_button ajax_add_to_cart\" data-product_id=\"9488\" data-product_sku=\"13818\" aria-label=\"Add to basket: \u201cSapori&amp;piaceri Stiacche 2x83g\u201d\" rel=\"nofollow\" data-success_message=\"\u201cSapori&amp;piaceri Stiacche 2x83g\u201d has been added to your cart\" role=\"button\" data-no-translation=\"\" data-trp-gettext=\"\" data-no-translation-aria-label=\"\" data-no-translation-data-success_message=\"\">Add to basket<\/a>\t<span id=\"woocommerce_loop_add_to_cart_link_describedby_9488\" class=\"screen-reader-text\">\n\t\t\t<\/span>\n<\/div><\/li>\n<li class=\"product type-product post-9344 status-publish instock product_cat-cestoviny product_cat-potraviny product_tag-talianske-vyrobky has-post-thumbnail taxable shipping-taxable purchasable product-type-simple\">\n\t<div class=\"commercekit-wishlist mini\" data-product-id=\"9344\"><a href=\"#\" class=\"commercekit-save-wishlist\" data-product-id=\"9344\" data-type=\"list\" title=\"Wishlist\" aria-label=\"Wishlist\"><em class=\"cg-wishlist\"><\/em><span><\/span><\/a><\/div><a href=\"https:\/\/www.biokari.sk\/en\/product\/rummo-gluten-free-gnocchi-500g\/\" class=\"woocommerce-LoopProduct-link woocommerce-loop-product__link\"><div class=\"woocommerce-image__wrapper\"><a href=\"https:\/\/www.biokari.sk\/en\/product\/rummo-gluten-free-gnocchi-500g\/\" title=\"Rummo Gluten-free gnocchi 500g\" class=\"woocommerce-LoopProduct-link woocommerce-loop-product__link\"><div class=\"shoptimizer-plp-carousel-container\"><div class=\"shoptimizer-plp-image-wrapper\"><img decoding=\"async\" width=\"300\" height=\"300\" src=\"https:\/\/www.biokari.sk\/wp-content\/uploads\/2025\/07\/9f8416b0-9bdd-41c5-af93-a1e895917c5e1-300x300.jpg\" class=\"attachment-woocommerce_thumbnail size-woocommerce_thumbnail\" alt=\"Rummo Gluten-free gnocchi 500g\" srcset=\"https:\/\/www.biokari.sk\/wp-content\/uploads\/2025\/07\/9f8416b0-9bdd-41c5-af93-a1e895917c5e1-300x300.jpg 300w, https:\/\/www.biokari.sk\/wp-content\/uploads\/2025\/07\/9f8416b0-9bdd-41c5-af93-a1e895917c5e1-150x150.jpg 150w, https:\/\/www.biokari.sk\/wp-content\/uploads\/2025\/07\/9f8416b0-9bdd-41c5-af93-a1e895917c5e1-100x100.jpg 100w\" sizes=\"(max-width: 360px) 147px, (max-width: 300px) 100vw, 300px\" \/><div class=\"product-typ-badges\"><img decoding=\"async\" class=\"typ-badge\" src=\"https:\/\/www.biokari.sk\/wp-content\/uploads\/2025\/07\/bez-lepku-1.svg\" alt=\"Gluten Free\" title=\"Gluten Free\" \/><\/div>\t\t\t\n\t<\/div><\/div><\/a><\/div><div class=\"woocommerce-card__header\">\t\t\t\t<div class=\"woocommerce-loop-product__title\"><a tabindex=\"0\" href=\"https:\/\/www.biokari.sk\/en\/product\/rummo-gluten-free-gnocchi-500g\/\" aria-label=\"Rummo Gluten-free gnocchi 500g\" class=\"woocommerce-LoopProduct-link woocommerce-loop-product__link\">Rummo Gluten-free gnocchi 500g<\/a><\/div>\n\t<span class=\"price\"><span class=\"woocommerce-Price-amount amount\"><bdi>4,89&nbsp;<span class=\"woocommerce-Price-currencySymbol\">\u20ac<\/span><\/bdi><\/span><\/span>\n<\/a><a href=\"\/en\/wp-json\/wp\/v2\/pages\/8510?add-to-cart=9344\" aria-describedby=\"woocommerce_loop_add_to_cart_link_describedby_9344\" data-quantity=\"1\" class=\"button product_type_simple add_to_cart_button ajax_add_to_cart\" data-product_id=\"9344\" data-product_sku=\"13820\" aria-label=\"Add to basket: \u201cRummo Bezlepkov\u00e9 gnocchi 500g\u201d\" rel=\"nofollow\" data-success_message=\"\u201cRummo Bezlepkov\u00e9 gnocchi 500g\u201d has been added to your cart\" role=\"button\" data-no-translation=\"\" data-trp-gettext=\"\" data-no-translation-aria-label=\"\" data-no-translation-data-success_message=\"\">Add to basket<\/a>\t<span id=\"woocommerce_loop_add_to_cart_link_describedby_9344\" class=\"screen-reader-text\">\n\t\t\t<\/span>\n<\/div><\/li>\n<li class=\"product type-product post-9372 status-publish instock product_cat-oleje product_cat-potraviny product_tag-talianske-vyrobky has-post-thumbnail taxable shipping-taxable purchasable product-type-simple\">\n\t<div class=\"commercekit-wishlist mini\" data-product-id=\"9372\"><a href=\"#\" class=\"commercekit-save-wishlist\" data-product-id=\"9372\" data-type=\"list\" title=\"Wishlist\" aria-label=\"Wishlist\"><em class=\"cg-wishlist\"><\/em><span><\/span><\/a><\/div><a href=\"https:\/\/www.biokari.sk\/en\/product\/orlandi-famiglia-virgin-olive-oil-500ml\/\" class=\"woocommerce-LoopProduct-link woocommerce-loop-product__link\"><div class=\"woocommerce-image__wrapper\"><a href=\"https:\/\/www.biokari.sk\/en\/product\/orlandi-famiglia-virgin-olive-oil-500ml\/\" title=\"Orlandi Famiglia Virgin Olive Oil 500ml\" class=\"woocommerce-LoopProduct-link woocommerce-loop-product__link\"><div class=\"shoptimizer-plp-carousel-container\"><div class=\"shoptimizer-plp-image-wrapper\"><img loading=\"lazy\" decoding=\"async\" width=\"300\" height=\"300\" src=\"https:\/\/www.biokari.sk\/wp-content\/uploads\/2025\/07\/PHOTO-2025-06-02-16-10-44-300x300.jpg\" class=\"attachment-woocommerce_thumbnail size-woocommerce_thumbnail\" alt=\"Orlandi Famiglia Virgin Olive Oil 500ml\" srcset=\"https:\/\/www.biokari.sk\/wp-content\/uploads\/2025\/07\/PHOTO-2025-06-02-16-10-44-300x300.jpg 300w, https:\/\/www.biokari.sk\/wp-content\/uploads\/2025\/07\/PHOTO-2025-06-02-16-10-44-150x150.jpg 150w, https:\/\/www.biokari.sk\/wp-content\/uploads\/2025\/07\/PHOTO-2025-06-02-16-10-44-100x100.jpg 100w\" sizes=\"(max-width: 360px) 147px, (max-width: 300px) 100vw, 300px\" \/>\t\t\t\n\t<\/div><\/div><\/a><\/div><div class=\"woocommerce-card__header\">\t\t\t\t<div class=\"woocommerce-loop-product__title\"><a tabindex=\"0\" href=\"https:\/\/www.biokari.sk\/en\/product\/orlandi-famiglia-virgin-olive-oil-500ml\/\" aria-label=\"Orlandi Famiglia Virgin Olive Oil 500ml\" class=\"woocommerce-LoopProduct-link woocommerce-loop-product__link\">Orlandi Famiglia Virgin Olive Oil 500ml<\/a><\/div>\n\t<span class=\"price\"><span class=\"woocommerce-Price-amount amount\"><bdi>19,99&nbsp;<span class=\"woocommerce-Price-currencySymbol\">\u20ac<\/span><\/bdi><\/span><\/span>\n<\/a><a href=\"\/en\/wp-json\/wp\/v2\/pages\/8510?add-to-cart=9372\" aria-describedby=\"woocommerce_loop_add_to_cart_link_describedby_9372\" data-quantity=\"1\" class=\"button product_type_simple add_to_cart_button ajax_add_to_cart\" data-product_id=\"9372\" data-product_sku=\"13819\" aria-label=\"Add to basket: \u201cOrlandi Famiglia Panensk\u00fd olivov\u00fd olej 500ml\u201d\" rel=\"nofollow\" data-success_message=\"\u201cOrlandi Famiglia Panensk\u00fd olivov\u00fd olej 500ml\u201d has been added to your cart\" role=\"button\" data-no-translation=\"\" data-trp-gettext=\"\" data-no-translation-aria-label=\"\" data-no-translation-data-success_message=\"\">Add to basket<\/a>\t<span id=\"woocommerce_loop_add_to_cart_link_describedby_9372\" class=\"screen-reader-text\">\n\t\t\t<\/span>\n<\/div><\/li>\n<\/ul>\n<\/div>\t\t\t\t<\/div>\n\t\t\t\t<\/div>\n\t\t\t\t\t<\/div>\n\t\t<\/div>\n\t\t\t\t\t<\/div>\n\t\t<\/section>\n\t\t\t\t<\/div>","protected":false},"excerpt":{"rendered":"<p>Z Talianska len to najlep\u0161ie Pre chv\u00edle, ktor\u00e9 si zasl\u00fa\u017eia nie\u010do v\u00fdnimo\u010dn\u00e9 V tejto sekcii n\u00e1jdete v\u00fdrobky priamo od talianskych v\u00fdrobcov, ktor\u00fdch si sami vyh\u013ead\u00e1vame, nav\u0161t\u00edvime osobne a v\u00fdrobky pred zaraden\u00edm do sortimentu ochutn\u00e1me. Kladieme mimoriadny d\u00f4raz na to, aby boli v\u00fdrobky nie\u010d\u00edm v\u00fdnimo\u010dn\u00e9: pr\u00e9miov\u00e9, bezlepkov\u00e9 alebo priamo od farm\u00e1ra, a aby neboli be\u017ene dostupn\u00e9 [&hellip;]<\/p>","protected":false},"author":1,"featured_media":0,"parent":0,"menu_order":0,"comment_status":"closed","ping_status":"closed","template":"template-fullwidth-no-heading.php","meta":{"inline_featured_image":false,"footnotes":""},"class_list":["post-8510","page","type-page","status-publish","hentry"],"aioseo_notices":[],"_links":{"self":[{"href":"https:\/\/www.biokari.sk\/en\/wp-json\/wp\/v2\/pages\/8510","targetHints":{"allow":["GET"]}}],"collection":[{"href":"https:\/\/www.biokari.sk\/en\/wp-json\/wp\/v2\/pages"}],"about":[{"href":"https:\/\/www.biokari.sk\/en\/wp-json\/wp\/v2\/types\/page"}],"author":[{"embeddable":true,"href":"https:\/\/www.biokari.sk\/en\/wp-json\/wp\/v2\/users\/1"}],"replies":[{"embeddable":true,"href":"https:\/\/www.biokari.sk\/en\/wp-json\/wp\/v2\/comments?post=8510"}],"version-history":[{"count":31,"href":"https:\/\/www.biokari.sk\/en\/wp-json\/wp\/v2\/pages\/8510\/revisions"}],"predecessor-version":[{"id":10579,"href":"https:\/\/www.biokari.sk\/en\/wp-json\/wp\/v2\/pages\/8510\/revisions\/10579"}],"wp:attachment":[{"href":"https:\/\/www.biokari.sk\/en\/wp-json\/wp\/v2\/media?parent=8510"}],"curies":[{"name":"wp","href":"https:\/\/api.w.org\/{rel}","templated":true}]}}