{"id":9533,"date":"2025-07-21T08:48:15","date_gmt":"2025-07-21T06:48:15","guid":{"rendered":"https:\/\/www.biokari.sk\/?page_id=9533"},"modified":"2025-10-28T13:39:01","modified_gmt":"2025-10-28T12:39:01","slug":"analyza-vlasov","status":"publish","type":"page","link":"https:\/\/www.biokari.sk\/en\/hair-analysis\/","title":{"rendered":"Hair analysis"},"content":{"rendered":"<div data-elementor-type=\"wp-post\" data-elementor-id=\"9533\" class=\"elementor elementor-9533\" data-elementor-post-type=\"page\">\n\t\t\t\t\t\t<section class=\"elementor-section elementor-top-section elementor-element elementor-element-da428d5 lazy-background elementor-section-content-middle elementor-section-height-min-height elementor-section-stretched elementor-section-boxed elementor-section-height-default elementor-section-items-middle\" data-id=\"da428d5\" data-element_type=\"section\" data-settings=\"{&quot;background_background&quot;:&quot;classic&quot;,&quot;shape_divider_bottom&quot;:&quot;waves&quot;,&quot;shape_divider_bottom_negative&quot;:&quot;yes&quot;,&quot;stretch_section&quot;:&quot;section-stretched&quot;}\">\n\t\t\t\t\t<div class=\"elementor-shape elementor-shape-bottom\" aria-hidden=\"true\" data-negative=\"true\">\n\t\t\t<svg xmlns=\"http:\/\/www.w3.org\/2000\/svg\" viewbox=\"0 0 1000 100\" preserveaspectratio=\"none\">\n\t<path class=\"elementor-shape-fill\" d=\"M790.5,93.1c-59.3-5.3-116.8-18-192.6-50c-29.6-12.7-76.9-31-100.5-35.9c-23.6-4.9-52.6-7.8-75.5-5.3\tc-10.2,1.1-22.6,1.4-50.1,7.4c-27.2,6.3-58.2,16.6-79.4,24.7c-41.3,15.9-94.9,21.9-134,22.6C72,58.2,0,25.8,0,25.8V100h1000V65.3\tc0,0-51.5,19.4-106.2,25.7C839.5,97,814.1,95.2,790.5,93.1z\"\/>\n<\/svg>\t\t<\/div>\n\t\t\t\t\t<div class=\"elementor-container elementor-column-gap-default\">\n\t\t\t\t\t<div class=\"elementor-column elementor-col-100 elementor-top-column elementor-element elementor-element-91b24ad\" data-id=\"91b24ad\" data-element_type=\"column\">\n\t\t\t<div class=\"elementor-widget-wrap elementor-element-populated\">\n\t\t\t\t\t\t<div class=\"elementor-element elementor-element-da29204 elementor-invisible elementor-widget elementor-widget-heading\" data-id=\"da29204\" data-element_type=\"widget\" data-settings=\"{&quot;_animation&quot;:&quot;fadeInDown&quot;}\" data-widget_type=\"heading.default\">\n\t\t\t\t<div class=\"elementor-widget-container\">\n\t\t\t\t\t<h2 class=\"elementor-heading-title elementor-size-default\">Hair analysis<\/h2>\t\t\t\t<\/div>\n\t\t\t\t<\/div>\n\t\t\t\t<div class=\"elementor-element elementor-element-3a6d1332 elementor-invisible elementor-widget elementor-widget-heading\" data-id=\"3a6d1332\" data-element_type=\"widget\" data-settings=\"{&quot;_animation&quot;:&quot;fadeInDown&quot;}\" data-widget_type=\"heading.default\">\n\t\t\t\t<div class=\"elementor-widget-container\">\n\t\t\t\t\t<h2 class=\"elementor-heading-title elementor-size-default\">The first step to beautiful and healthy hair<\/h2>\t\t\t\t<\/div>\n\t\t\t\t<\/div>\n\t\t\t\t<div class=\"elementor-element elementor-element-abafa74 elementor-widget elementor-widget-image\" data-id=\"abafa74\" data-element_type=\"widget\" data-widget_type=\"image.default\">\n\t\t\t\t<div class=\"elementor-widget-container\">\n\t\t\t\t\t\t\t\t\t\t\t\t\t\t\t<img fetchpriority=\"high\" decoding=\"async\" width=\"1000\" height=\"255\" src=\"https:\/\/www.biokari.sk\/wp-content\/uploads\/2025\/07\/hair.webp\" class=\"attachment-large size-large wp-image-9542\" alt=\"\" srcset=\"https:\/\/www.biokari.sk\/wp-content\/uploads\/2025\/07\/hair.webp 1000w, https:\/\/www.biokari.sk\/wp-content\/uploads\/2025\/07\/hair-300x77.webp 300w, https:\/\/www.biokari.sk\/wp-content\/uploads\/2025\/07\/hair-768x196.webp 768w, https:\/\/www.biokari.sk\/wp-content\/uploads\/2025\/07\/hair-990x252.webp 990w, https:\/\/www.biokari.sk\/wp-content\/uploads\/2025\/07\/hair-441x112.webp 441w, https:\/\/www.biokari.sk\/wp-content\/uploads\/2025\/07\/hair-800x204.webp 800w, https:\/\/www.biokari.sk\/wp-content\/uploads\/2025\/07\/hair-150x38.webp 150w\" sizes=\"(max-width: 360px) 147px, (max-width: 1000px) 100vw, 1000px\" \/>\t\t\t\t\t\t\t\t\t\t\t\t\t\t\t<\/div>\n\t\t\t\t<\/div>\n\t\t\t\t\t<\/div>\n\t\t<\/div>\n\t\t\t\t\t<\/div>\n\t\t<\/section>\n\t\t\t\t<section class=\"elementor-section elementor-top-section elementor-element elementor-element-adda75a elementor-section-boxed elementor-section-height-default elementor-section-height-default\" data-id=\"adda75a\" data-element_type=\"section\">\n\t\t\t\t\t\t<div class=\"elementor-container elementor-column-gap-wider\">\n\t\t\t\t\t<div class=\"elementor-column elementor-col-100 elementor-top-column elementor-element elementor-element-76835bf elementor-invisible\" data-id=\"76835bf\" data-element_type=\"column\" data-settings=\"{&quot;animation&quot;:&quot;fadeIn&quot;}\">\n\t\t\t<div class=\"elementor-widget-wrap elementor-element-populated\">\n\t\t\t\t\t\t<div class=\"elementor-element elementor-element-9d3f10e elementor-widget elementor-widget-text-editor\" data-id=\"9d3f10e\" data-element_type=\"widget\" data-widget_type=\"text-editor.default\">\n\t\t\t\t<div class=\"elementor-widget-container\">\n\t\t\t\t\t\t\t\t\t<p data-start=\"293\" data-end=\"575\">Are you worried <strong data-start=\"302\" data-end=\"324\">hair loss<\/strong>, dandruff or scalp problems? Or do you just want to know what condition your hair is in before you start care? Professional <strong data-start=\"461\" data-end=\"499\">hair and scalp diagnostics<\/strong> helps you uncover the real cause of problems and design effective solutions.<\/p><h3 data-start=\"577\" data-end=\"614\">Why is hair analysis important?<\/h3><p data-start=\"616\" data-end=\"755\">Many hair problems are caused by internal factors such as stress, hormonal imbalances or vitamin deficiencies. During our analysis:<\/p><ul data-start=\"757\" data-end=\"934\"><li data-start=\"757\" data-end=\"797\"><p data-start=\"759\" data-end=\"797\">we'll examine your hair and scalp,<\/p><\/li><li data-start=\"798\" data-end=\"872\"><p data-start=\"800\" data-end=\"872\">find out the cause of the problem (e.g. hair loss, itching, dryness),<\/p><\/li><li data-start=\"873\" data-end=\"934\"><p data-start=\"875\" data-end=\"934\">we will recommend individual care and suitable products.<\/p><\/li><\/ul><p data-start=\"936\" data-end=\"998\">Forget guessing - find out what your hair really needs!<\/p>\t\t\t\t\t\t\t\t<\/div>\n\t\t\t\t<\/div>\n\t\t\t\t<div class=\"elementor-element elementor-element-1084d39 elementor-align-left elementor-widget elementor-widget-button\" data-id=\"1084d39\" data-element_type=\"widget\" data-widget_type=\"button.default\">\n\t\t\t\t<div class=\"elementor-widget-container\">\n\t\t\t\t\t\t\t\t\t<div class=\"elementor-button-wrapper\">\n\t\t\t\t\t<a class=\"elementor-button elementor-button-link elementor-size-sm elementor-animation-grow\" href=\"https:\/\/servicesforpharmacies.com\/sk\/datepicker\/?code=30188&#038;checkup=live\" target=\"_blank\">\n\t\t\t\t\t\t<span class=\"elementor-button-content-wrapper\">\n\t\t\t\t\t\t\t\t\t<span class=\"elementor-button-text\">Book a hair analysis here!<\/span>\n\t\t\t\t\t<\/span>\n\t\t\t\t\t<\/a>\n\t\t\t\t<\/div>\n\t\t\t\t\t\t\t\t<\/div>\n\t\t\t\t<\/div>\n\t\t\t\t\t<\/div>\n\t\t<\/div>\n\t\t\t\t\t<\/div>\n\t\t<\/section>\n\t\t\t\t<section class=\"elementor-section elementor-top-section elementor-element elementor-element-d40d708 elementor-section-content-middle elementor-section-boxed elementor-section-height-default elementor-section-height-default\" data-id=\"d40d708\" data-element_type=\"section\">\n\t\t\t\t\t\t<div class=\"elementor-container elementor-column-gap-default\">\n\t\t\t\t\t<div class=\"elementor-column elementor-col-50 elementor-top-column elementor-element elementor-element-201a6bd\" data-id=\"201a6bd\" data-element_type=\"column\">\n\t\t\t<div class=\"elementor-widget-wrap elementor-element-populated\">\n\t\t\t\t\t\t<div class=\"elementor-element elementor-element-19c610f elementor-widget elementor-widget-heading\" data-id=\"19c610f\" data-element_type=\"widget\" data-widget_type=\"heading.default\">\n\t\t\t\t<div class=\"elementor-widget-container\">\n\t\t\t\t\t<h2 class=\"elementor-heading-title elementor-size-default\">VITAL PLUS<\/h2>\t\t\t\t<\/div>\n\t\t\t\t<\/div>\n\t\t\t\t\t<\/div>\n\t\t<\/div>\n\t\t\t\t<div class=\"elementor-column elementor-col-50 elementor-top-column elementor-element elementor-element-257fac9\" data-id=\"257fac9\" data-element_type=\"column\">\n\t\t\t<div class=\"elementor-widget-wrap elementor-element-populated\">\n\t\t\t\t\t\t<div class=\"elementor-element elementor-element-97c53e4 elementor-align-right elementor-mobile-align-center elementor-widget elementor-widget-button\" data-id=\"97c53e4\" data-element_type=\"widget\" data-widget_type=\"button.default\">\n\t\t\t\t<div class=\"elementor-widget-container\">\n\t\t\t\t\t\t\t\t\t<div class=\"elementor-button-wrapper\">\n\t\t\t\t\t<a class=\"elementor-button elementor-button-link elementor-size-sm\" href=\"https:\/\/www.biokari.sk\/en\/zna\u010dka\/vital\/\">\n\t\t\t\t\t\t<span class=\"elementor-button-content-wrapper\">\n\t\t\t\t\t\t<span class=\"elementor-button-icon\">\n\t\t\t\t<svg aria-hidden=\"true\" class=\"e-font-icon-svg e-fas-angle-right\" viewbox=\"0 0 256 512\" xmlns=\"http:\/\/www.w3.org\/2000\/svg\"><path d=\"M224.3 273l-136 136c-9.4 9.4-24.6 9.4-33.9 0l-22.6-22.6c-9.4-9.4-9.4-24.6 0-33.9l96.4-96.4-96.4-96.4c-9.4-9.4-9.4-24.6 0-33.9L54.3 103c9.4-9.4 24.6-9.4 33.9 0l136 136c9.5 9.4 9.5 24.6.1 34z\"><\/path><\/svg>\t\t\t<\/span>\n\t\t\t\t\t\t\t\t\t<span class=\"elementor-button-text\">View<\/span>\n\t\t\t\t\t<\/span>\n\t\t\t\t\t<\/a>\n\t\t\t\t<\/div>\n\t\t\t\t\t\t\t\t<\/div>\n\t\t\t\t<\/div>\n\t\t\t\t\t<\/div>\n\t\t<\/div>\n\t\t\t\t\t<\/div>\n\t\t<\/section>\n\t\t\t\t<section class=\"elementor-section elementor-top-section elementor-element elementor-element-0554a82 elementor-section-boxed elementor-section-height-default elementor-section-height-default\" data-id=\"0554a82\" data-element_type=\"section\">\n\t\t\t\t\t\t<div class=\"elementor-container elementor-column-gap-default\">\n\t\t\t\t\t<div class=\"elementor-column elementor-col-100 elementor-top-column elementor-element elementor-element-f7101ee\" data-id=\"f7101ee\" data-element_type=\"column\">\n\t\t\t<div class=\"elementor-widget-wrap elementor-element-populated\">\n\t\t\t\t\t\t<div class=\"elementor-element elementor-element-fd294de elementor-grid-4 elementor-grid-tablet-3 elementor-grid-mobile-2 elementor-products-grid elementor-wc-products elementor-widget elementor-widget-woocommerce-products\" data-id=\"fd294de\" data-element_type=\"widget\" data-widget_type=\"woocommerce-products.default\">\n\t\t\t\t<div class=\"elementor-widget-container\">\n\t\t\t\t\t<div class=\"woocommerce columns-4\"><ul class=\"products elementor-grid columns-4\">\n<li class=\"product type-product post-10233 status-publish first instock product_cat-kozmeticke-vyrobky has-post-thumbnail taxable shipping-taxable purchasable product-type-simple\">\n\t<div class=\"commercekit-wishlist mini\" data-product-id=\"10233\"><a href=\"#\" class=\"commercekit-save-wishlist\" data-product-id=\"10233\" data-type=\"list\" title=\"Wishlist\" aria-label=\"Wishlist\"><em class=\"cg-wishlist\"><\/em><span><\/span><\/a><\/div><a href=\"https:\/\/www.biokari.sk\/en\/product\/vital-kvapky-na-vlasy-su-40ml\/\" class=\"woocommerce-LoopProduct-link woocommerce-loop-product__link\"><div class=\"woocommerce-image__wrapper\"><a href=\"https:\/\/www.biokari.sk\/en\/product\/vital-kvapky-na-vlasy-su-40ml\/\" title=\"Vital Kvapky na vlasy SU 40ml\" class=\"woocommerce-LoopProduct-link woocommerce-loop-product__link\"><div class=\"shoptimizer-plp-carousel-container\"><div class=\"shoptimizer-plp-image-wrapper\"><img decoding=\"async\" width=\"300\" height=\"300\" src=\"https:\/\/www.biokari.sk\/wp-content\/uploads\/2025\/10\/vital-su-hajcsepp-300x300.webp\" class=\"attachment-woocommerce_thumbnail size-woocommerce_thumbnail\" alt=\"Vital Kvapky na vlasy SU 40ml\" srcset=\"https:\/\/www.biokari.sk\/wp-content\/uploads\/2025\/10\/vital-su-hajcsepp-300x300.webp 300w, https:\/\/www.biokari.sk\/wp-content\/uploads\/2025\/10\/vital-su-hajcsepp-150x150.webp 150w, https:\/\/www.biokari.sk\/wp-content\/uploads\/2025\/10\/vital-su-hajcsepp-768x768.webp 768w, https:\/\/www.biokari.sk\/wp-content\/uploads\/2025\/10\/vital-su-hajcsepp-12x12.webp 12w, https:\/\/www.biokari.sk\/wp-content\/uploads\/2025\/10\/vital-su-hajcsepp-441x441.webp 441w, https:\/\/www.biokari.sk\/wp-content\/uploads\/2025\/10\/vital-su-hajcsepp-100x100.webp 100w, https:\/\/www.biokari.sk\/wp-content\/uploads\/2025\/10\/vital-su-hajcsepp-800x800.webp 800w, https:\/\/www.biokari.sk\/wp-content\/uploads\/2025\/10\/vital-su-hajcsepp.webp 900w\" sizes=\"(max-width: 360px) 147px, (max-width: 300px) 100vw, 300px\" \/>\t\t\t\n\t<\/div><\/div><\/a><\/div><div class=\"woocommerce-card__header\">\t\t\t\t<div class=\"woocommerce-loop-product__title\"><a tabindex=\"0\" href=\"https:\/\/www.biokari.sk\/en\/product\/vital-kvapky-na-vlasy-su-40ml\/\" aria-label=\"Vital Kvapky na vlasy SU 40ml\" class=\"woocommerce-LoopProduct-link woocommerce-loop-product__link\">Vital Kvapky na vlasy SU 40ml<\/a><\/div>\n\t<span class=\"price\"><span class=\"woocommerce-Price-amount amount\"><bdi>31,50&nbsp;<span class=\"woocommerce-Price-currencySymbol\">\u20ac<\/span><\/bdi><\/span><\/span>\n<\/a><a href=\"\/en\/wp-json\/wp\/v2\/pages\/9533?add-to-cart=10233\" aria-describedby=\"woocommerce_loop_add_to_cart_link_describedby_10233\" data-quantity=\"1\" class=\"button product_type_simple add_to_cart_button ajax_add_to_cart\" data-product_id=\"10233\" data-product_sku=\"13151\" aria-label=\"Add to basket: \u201cVital Kvapky na vlasy SU 40ml\u201d\" rel=\"nofollow\" data-success_message=\"\u201cVital Kvapky na vlasy SU 40ml\u201d has been added to your cart\" role=\"button\" data-no-translation=\"\" data-trp-gettext=\"\" data-no-translation-aria-label=\"\" data-no-translation-data-success_message=\"\">Add to basket<\/a>\t<span id=\"woocommerce_loop_add_to_cart_link_describedby_10233\" class=\"screen-reader-text\">\n\t\t\t<\/span>\n<\/div><\/li>\n<li class=\"product type-product post-10219 status-publish instock product_cat-kozmeticke-vyrobky has-post-thumbnail taxable shipping-taxable purchasable product-type-simple\">\n\t<div class=\"commercekit-wishlist mini\" data-product-id=\"10219\"><a href=\"#\" class=\"commercekit-save-wishlist\" data-product-id=\"10219\" data-type=\"list\" title=\"Wishlist\" aria-label=\"Wishlist\"><em class=\"cg-wishlist\"><\/em><span><\/span><\/a><\/div><a href=\"https:\/\/www.biokari.sk\/en\/product\/vital-kolagenove-kvapky-na-ruky-50ml\/\" class=\"woocommerce-LoopProduct-link woocommerce-loop-product__link\"><div class=\"woocommerce-image__wrapper\"><a href=\"https:\/\/www.biokari.sk\/en\/product\/vital-kolagenove-kvapky-na-ruky-50ml\/\" title=\"Vital Kolag\u00e9nov\u00e9 kvapky na ruky 50ml\" class=\"woocommerce-LoopProduct-link woocommerce-loop-product__link\"><div class=\"shoptimizer-plp-carousel-container\"><div class=\"shoptimizer-plp-image-wrapper\"><img decoding=\"async\" width=\"300\" height=\"300\" src=\"https:\/\/www.biokari.sk\/wp-content\/uploads\/2025\/10\/vital-col-kezre-300x300.jpg\" class=\"attachment-woocommerce_thumbnail size-woocommerce_thumbnail\" alt=\"Vital Kolag\u00e9nov\u00e9 kvapky na ruky 50ml\" srcset=\"https:\/\/www.biokari.sk\/wp-content\/uploads\/2025\/10\/vital-col-kezre-300x300.jpg 300w, https:\/\/www.biokari.sk\/wp-content\/uploads\/2025\/10\/vital-col-kezre-150x150.jpg 150w, https:\/\/www.biokari.sk\/wp-content\/uploads\/2025\/10\/vital-col-kezre-12x12.jpg 12w, https:\/\/www.biokari.sk\/wp-content\/uploads\/2025\/10\/vital-col-kezre-441x441.jpg 441w, https:\/\/www.biokari.sk\/wp-content\/uploads\/2025\/10\/vital-col-kezre-100x100.jpg 100w, https:\/\/www.biokari.sk\/wp-content\/uploads\/2025\/10\/vital-col-kezre.jpg 640w\" sizes=\"(max-width: 360px) 147px, (max-width: 300px) 100vw, 300px\" \/>\t\t\t\n\t<\/div><\/div><\/a><\/div><div class=\"woocommerce-card__header\">\t\t\t\t<div class=\"woocommerce-loop-product__title\"><a tabindex=\"0\" href=\"https:\/\/www.biokari.sk\/en\/product\/vital-kolagenove-kvapky-na-ruky-50ml\/\" aria-label=\"Vital Kolag\u00e9nov\u00e9 kvapky na ruky 50ml\" class=\"woocommerce-LoopProduct-link woocommerce-loop-product__link\">Vital Kolag\u00e9nov\u00e9 kvapky na ruky 50ml<\/a><\/div>\n\t<span class=\"price\"><span class=\"woocommerce-Price-amount amount\"><bdi>5,90&nbsp;<span class=\"woocommerce-Price-currencySymbol\">\u20ac<\/span><\/bdi><\/span><\/span>\n<\/a><a href=\"\/en\/wp-json\/wp\/v2\/pages\/9533?add-to-cart=10219\" aria-describedby=\"woocommerce_loop_add_to_cart_link_describedby_10219\" data-quantity=\"1\" class=\"button product_type_simple add_to_cart_button ajax_add_to_cart\" data-product_id=\"10219\" data-product_sku=\"13155\" aria-label=\"Add to basket: \u201cVital Kolag\u00e9nov\u00e9 kvapky na ruky 50ml\u201d\" rel=\"nofollow\" data-success_message=\"\u201cVital Kolag\u00e9nov\u00e9 kvapky na ruky 50ml\u201d has been added to your cart\" role=\"button\" data-no-translation=\"\" data-trp-gettext=\"\" data-no-translation-aria-label=\"\" data-no-translation-data-success_message=\"\">Add to basket<\/a>\t<span id=\"woocommerce_loop_add_to_cart_link_describedby_10219\" class=\"screen-reader-text\">\n\t\t\t<\/span>\n<\/div><\/li>\n<li class=\"product type-product post-10239 status-publish instock product_cat-kozmeticke-vyrobky has-post-thumbnail taxable shipping-taxable purchasable product-type-simple\">\n\t<div class=\"commercekit-wishlist mini\" data-product-id=\"10239\"><a href=\"#\" class=\"commercekit-save-wishlist\" data-product-id=\"10239\" data-type=\"list\" title=\"Wishlist\" aria-label=\"Wishlist\"><em class=\"cg-wishlist\"><\/em><span><\/span><\/a><\/div><a href=\"https:\/\/www.biokari.sk\/en\/product\/vital-sap-plus-active-100ml\/\" class=\"woocommerce-LoopProduct-link woocommerce-loop-product__link\"><div class=\"woocommerce-image__wrapper\"><a href=\"https:\/\/www.biokari.sk\/en\/product\/vital-sap-plus-active-100ml\/\" title=\"Vital SAP plus active 100ml\" class=\"woocommerce-LoopProduct-link woocommerce-loop-product__link\"><div class=\"shoptimizer-plp-carousel-container\"><div class=\"shoptimizer-plp-image-wrapper\"><img loading=\"lazy\" decoding=\"async\" width=\"300\" height=\"300\" src=\"https:\/\/www.biokari.sk\/wp-content\/uploads\/2025\/10\/vital-sap-szerum-300x300.webp\" class=\"attachment-woocommerce_thumbnail size-woocommerce_thumbnail\" alt=\"Vital SAP plus active 100ml\" srcset=\"https:\/\/www.biokari.sk\/wp-content\/uploads\/2025\/10\/vital-sap-szerum-300x300.webp 300w, https:\/\/www.biokari.sk\/wp-content\/uploads\/2025\/10\/vital-sap-szerum-150x150.webp 150w, https:\/\/www.biokari.sk\/wp-content\/uploads\/2025\/10\/vital-sap-szerum-768x768.webp 768w, https:\/\/www.biokari.sk\/wp-content\/uploads\/2025\/10\/vital-sap-szerum-12x12.webp 12w, https:\/\/www.biokari.sk\/wp-content\/uploads\/2025\/10\/vital-sap-szerum-441x441.webp 441w, https:\/\/www.biokari.sk\/wp-content\/uploads\/2025\/10\/vital-sap-szerum-100x100.webp 100w, https:\/\/www.biokari.sk\/wp-content\/uploads\/2025\/10\/vital-sap-szerum-800x800.webp 800w, https:\/\/www.biokari.sk\/wp-content\/uploads\/2025\/10\/vital-sap-szerum.webp 900w\" sizes=\"(max-width: 360px) 147px, (max-width: 300px) 100vw, 300px\" \/>\t\t\t\n\t<\/div><\/div><\/a><\/div><div class=\"woocommerce-card__header\">\t\t\t\t<div class=\"woocommerce-loop-product__title\"><a tabindex=\"0\" href=\"https:\/\/www.biokari.sk\/en\/product\/vital-sap-plus-active-100ml\/\" aria-label=\"Vital SAP plus active 100ml\" class=\"woocommerce-LoopProduct-link woocommerce-loop-product__link\">Vital SAP plus active 100ml<\/a><\/div>\n\t<span class=\"price\"><span class=\"woocommerce-Price-amount amount\"><bdi>11,89&nbsp;<span class=\"woocommerce-Price-currencySymbol\">\u20ac<\/span><\/bdi><\/span><\/span>\n<\/a><a href=\"\/en\/wp-json\/wp\/v2\/pages\/9533?add-to-cart=10239\" aria-describedby=\"woocommerce_loop_add_to_cart_link_describedby_10239\" data-quantity=\"1\" class=\"button product_type_simple add_to_cart_button ajax_add_to_cart\" data-product_id=\"10239\" data-product_sku=\"13505\" aria-label=\"Add to basket: \u201cVital SAP plus active 100ml\u201d\" rel=\"nofollow\" data-success_message=\"\u201cVital SAP plus active 100ml\u201d has been added to your cart\" role=\"button\" data-no-translation=\"\" data-trp-gettext=\"\" data-no-translation-aria-label=\"\" data-no-translation-data-success_message=\"\">Add to basket<\/a>\t<span id=\"woocommerce_loop_add_to_cart_link_describedby_10239\" class=\"screen-reader-text\">\n\t\t\t<\/span>\n<\/div><\/li>\n<li class=\"product type-product post-10244 status-publish last instock product_cat-kozmeticke-vyrobky product_cat-krasa product_cat-vyzivove-doplnky has-post-thumbnail taxable shipping-taxable purchasable product-type-simple\">\n\t<div class=\"commercekit-wishlist mini\" data-product-id=\"10244\"><a href=\"#\" class=\"commercekit-save-wishlist\" data-product-id=\"10244\" data-type=\"list\" title=\"Wishlist\" aria-label=\"Wishlist\"><em class=\"cg-wishlist\"><\/em><span><\/span><\/a><\/div><a href=\"https:\/\/www.biokari.sk\/en\/product\/vital-vital-plus-kapsuly-30ks\/\" class=\"woocommerce-LoopProduct-link woocommerce-loop-product__link\"><div class=\"woocommerce-image__wrapper\"><a href=\"https:\/\/www.biokari.sk\/en\/product\/vital-vital-plus-kapsuly-30ks\/\" title=\"Vital Vital plus kapsuly 30ks\" class=\"woocommerce-LoopProduct-link woocommerce-loop-product__link\"><div class=\"shoptimizer-plp-carousel-container\"><div class=\"shoptimizer-plp-image-wrapper\"><img loading=\"lazy\" decoding=\"async\" width=\"300\" height=\"300\" src=\"https:\/\/www.biokari.sk\/wp-content\/uploads\/2025\/10\/vital-kapszula-30db-300x300.webp\" class=\"attachment-woocommerce_thumbnail size-woocommerce_thumbnail\" alt=\"Vital Vital plus kapsuly 30ks\" srcset=\"https:\/\/www.biokari.sk\/wp-content\/uploads\/2025\/10\/vital-kapszula-30db-300x300.webp 300w, https:\/\/www.biokari.sk\/wp-content\/uploads\/2025\/10\/vital-kapszula-30db-1024x1024.webp 1024w, https:\/\/www.biokari.sk\/wp-content\/uploads\/2025\/10\/vital-kapszula-30db-150x150.webp 150w, https:\/\/www.biokari.sk\/wp-content\/uploads\/2025\/10\/vital-kapszula-30db-768x768.webp 768w, https:\/\/www.biokari.sk\/wp-content\/uploads\/2025\/10\/vital-kapszula-30db-12x12.webp 12w, https:\/\/www.biokari.sk\/wp-content\/uploads\/2025\/10\/vital-kapszula-30db-990x990.webp 990w, https:\/\/www.biokari.sk\/wp-content\/uploads\/2025\/10\/vital-kapszula-30db-441x441.webp 441w, https:\/\/www.biokari.sk\/wp-content\/uploads\/2025\/10\/vital-kapszula-30db-100x100.webp 100w, https:\/\/www.biokari.sk\/wp-content\/uploads\/2025\/10\/vital-kapszula-30db-800x800.webp 800w, https:\/\/www.biokari.sk\/wp-content\/uploads\/2025\/10\/vital-kapszula-30db.webp 1200w\" sizes=\"(max-width: 360px) 147px, (max-width: 300px) 100vw, 300px\" \/>\t\t\t\n\t<\/div><\/div><\/a><\/div><div class=\"woocommerce-card__header\">\t\t\t\t<div class=\"woocommerce-loop-product__title\"><a tabindex=\"0\" href=\"https:\/\/www.biokari.sk\/en\/product\/vital-vital-plus-kapsuly-30ks\/\" aria-label=\"Vital Vital plus kapsuly 30ks\" class=\"woocommerce-LoopProduct-link woocommerce-loop-product__link\">Vital Vital plus kapsuly 30ks<\/a><\/div>\n\t<span class=\"price\"><span class=\"woocommerce-Price-amount amount\"><bdi>19,90&nbsp;<span class=\"woocommerce-Price-currencySymbol\">\u20ac<\/span><\/bdi><\/span><\/span>\n<\/a><a href=\"\/en\/wp-json\/wp\/v2\/pages\/9533?add-to-cart=10244\" aria-describedby=\"woocommerce_loop_add_to_cart_link_describedby_10244\" data-quantity=\"1\" class=\"button product_type_simple add_to_cart_button ajax_add_to_cart\" data-product_id=\"10244\" data-product_sku=\"13148\" aria-label=\"Add to basket: \u201cVital Vital plus kapsuly 30ks\u201d\" rel=\"nofollow\" data-success_message=\"\u201cVital Vital plus kapsuly 30ks\u201d has been added to your cart\" role=\"button\" data-no-translation=\"\" data-trp-gettext=\"\" data-no-translation-aria-label=\"\" data-no-translation-data-success_message=\"\">Add to basket<\/a>\t<span id=\"woocommerce_loop_add_to_cart_link_describedby_10244\" class=\"screen-reader-text\">\n\t\t\t<\/span>\n<\/div><\/li>\n<\/ul>\n<\/div>\t\t\t\t<\/div>\n\t\t\t\t<\/div>\n\t\t\t\t\t<\/div>\n\t\t<\/div>\n\t\t\t\t\t<\/div>\n\t\t<\/section>\n\t\t\t\t<\/div>","protected":false},"excerpt":{"rendered":"<p>Anal\u00fdza vlasov Prv\u00fd krok ku kr\u00e1snym a zdrav\u00fdm vlasom Tr\u00e1pi \u0165a vypad\u00e1vanie vlasov, lupiny alebo probl\u00e9my s poko\u017ekou hlavy? Alebo chce\u0161 len vedie\u0165, v akom stave s\u00fa tvoje vlasy pred za\u010dat\u00edm starostlivosti? Profesion\u00e1lna diagnostika vlasov a poko\u017eky hlavy ti pom\u00f4\u017ee odhali\u0165 skuto\u010dn\u00fa pr\u00ed\u010dinu probl\u00e9mov a navrhn\u00fa\u0165 efekt\u00edvne rie\u0161enie. Pre\u010do je anal\u00fdza vlasov d\u00f4le\u017eit\u00e1? Mnoh\u00e9 vlasov\u00e9 [&hellip;]<\/p>","protected":false},"author":1,"featured_media":0,"parent":0,"menu_order":0,"comment_status":"closed","ping_status":"closed","template":"template-fullwidth-no-heading.php","meta":{"inline_featured_image":false,"footnotes":""},"class_list":["post-9533","page","type-page","status-publish","hentry"],"aioseo_notices":[],"_links":{"self":[{"href":"https:\/\/www.biokari.sk\/en\/wp-json\/wp\/v2\/pages\/9533","targetHints":{"allow":["GET"]}}],"collection":[{"href":"https:\/\/www.biokari.sk\/en\/wp-json\/wp\/v2\/pages"}],"about":[{"href":"https:\/\/www.biokari.sk\/en\/wp-json\/wp\/v2\/types\/page"}],"author":[{"embeddable":true,"href":"https:\/\/www.biokari.sk\/en\/wp-json\/wp\/v2\/users\/1"}],"replies":[{"embeddable":true,"href":"https:\/\/www.biokari.sk\/en\/wp-json\/wp\/v2\/comments?post=9533"}],"version-history":[{"count":13,"href":"https:\/\/www.biokari.sk\/en\/wp-json\/wp\/v2\/pages\/9533\/revisions"}],"predecessor-version":[{"id":10583,"href":"https:\/\/www.biokari.sk\/en\/wp-json\/wp\/v2\/pages\/9533\/revisions\/10583"}],"wp:attachment":[{"href":"https:\/\/www.biokari.sk\/en\/wp-json\/wp\/v2\/media?parent=9533"}],"curies":[{"name":"wp","href":"https:\/\/api.w.org\/{rel}","templated":true}]}}