{"id":10121,"date":"2025-10-05T10:11:56","date_gmt":"2025-10-05T08:11:56","guid":{"rendered":"https:\/\/www.biokari.sk\/produkt\/herbaria-bano-kapsuly-cesnak-hloh-a-imelo-100ks\/"},"modified":"2026-05-02T19:01:04","modified_gmt":"2026-05-02T17:01:04","slug":"herbaria-bano-kapsuly-cesnak-hloh-a-imelo-100ks","status":"publish","type":"product","link":"https:\/\/www.biokari.sk\/en\/product\/herbaria-bano-kapsuly-cesnak-hloh-a-imelo-100ks\/","title":{"rendered":"Herb\u00e1ria Bano Kapsuly cesnak, hloh a Imelo 100ks"},"content":{"rendered":"<p><strong>Composition:<\/strong> Cesnak (Allium sativum), hloh oby\u010dajn\u00fd (Crataegus oxyacantha), imelo biele (Viscum album) \u2013 \u0161tandardizovan\u00e9 rastlinn\u00e9 extrakty.<\/p>\n\n\n\n<p>Pr\u00edpravok obsahuje extrakty troch lie\u010div\u00fdch rastl\u00edn \u2013 cesnaku, hlohu a imela \u2013 ktor\u00e9 sa v \u013eudovom lie\u010dite\u013estve pou\u017e\u00edvaj\u00fa u\u017e cel\u00e9 st\u00e1ro\u010dia.<br>Obsahuje v\u00fdlu\u010dne pr\u00edrodn\u00e9 zlo\u017eky, ktor\u00fdch \u00fa\u010dinn\u00e9 l\u00e1tky m\u00f4\u017eu prispie\u0165 k udr\u017eaniu zdrav\u00e9ho srdca a ciev, k prevencii art\u00e9rioskler\u00f3zy a k udr\u017eaniu norm\u00e1lneho krvn\u00e9ho tlaku.<br>Mo\u017eno ho pou\u017e\u00edva\u0165 aj ako prirodzen\u00fd doplnok k liekovej terapii.<\/p>\n\n\n\n<p><strong>Recommended dosage:<\/strong> Pre dospel\u00fdch aj deti: <strong>3\u00d71 kapsula denne<\/strong> pred jedlom, zapi\u0165 dostato\u010dn\u00fdm mno\u017estvom tekutiny, kapsulu ne\u017eu\u0165.<\/p>\n\n\n\n<p><strong>Warning:<\/strong> Uchov\u00e1vajte na suchom a chladnom mieste!<br>Uchov\u00e1vajte mimo dosahu det\u00ed.<br>Nie je to liek, ale produkt s priazniv\u00fdm \u00fa\u010dinkom na zdravie. \u00da\u010dinnos\u0165 jeho zlo\u017eiek je podlo\u017een\u00e1 odbornou literat\u00farou.<br><strong>Quantity:<\/strong> 100pcs<\/p>","protected":false},"excerpt":{"rendered":"<p>&#8230; <a class=\"more-link\" href=\"#tab-description\">Read more<\/a><\/p>","protected":false},"featured_media":10124,"comment_status":"open","ping_status":"closed","template":"","meta":{"inline_featured_image":false},"product_brand":[],"product_cat":[69,142,19],"product_tag":[],"class_list":{"0":"post-10121","1":"product","2":"type-product","3":"status-publish","4":"has-post-thumbnail","6":"product_cat-vyzivove-doplnky","7":"product_cat-srdcovo-cievny-system","8":"product_cat-ostatne","10":"first","11":"instock","12":"taxable","13":"shipping-taxable","14":"purchasable","15":"product-type-simple"},"aioseo_notices":[],"_links":{"self":[{"href":"https:\/\/www.biokari.sk\/en\/wp-json\/wp\/v2\/product\/10121","targetHints":{"allow":["GET"]}}],"collection":[{"href":"https:\/\/www.biokari.sk\/en\/wp-json\/wp\/v2\/product"}],"about":[{"href":"https:\/\/www.biokari.sk\/en\/wp-json\/wp\/v2\/types\/product"}],"replies":[{"embeddable":true,"href":"https:\/\/www.biokari.sk\/en\/wp-json\/wp\/v2\/comments?post=10121"}],"wp:featuredmedia":[{"embeddable":true,"href":"https:\/\/www.biokari.sk\/en\/wp-json\/wp\/v2\/media\/10124"}],"wp:attachment":[{"href":"https:\/\/www.biokari.sk\/en\/wp-json\/wp\/v2\/media?parent=10121"}],"wp:term":[{"taxonomy":"product_brand","embeddable":true,"href":"https:\/\/www.biokari.sk\/en\/wp-json\/wp\/v2\/product_brand?post=10121"},{"taxonomy":"product_cat","embeddable":true,"href":"https:\/\/www.biokari.sk\/en\/wp-json\/wp\/v2\/product_cat?post=10121"},{"taxonomy":"product_tag","embeddable":true,"href":"https:\/\/www.biokari.sk\/en\/wp-json\/wp\/v2\/product_tag?post=10121"}],"curies":[{"name":"wp","href":"https:\/\/api.w.org\/{rel}","templated":true}]}}