{"id":10153,"date":"2025-10-12T19:37:04","date_gmt":"2025-10-12T17:37:04","guid":{"rendered":"https:\/\/www.biokari.sk\/produkt\/naturgold-bio-muka-z-alakoru-stara-psenica-1000g\/"},"modified":"2026-04-13T19:01:53","modified_gmt":"2026-04-13T17:01:53","slug":"naturgold-bio-muka-z-alakoru-stara-psenica-1000g","status":"publish","type":"product","link":"https:\/\/www.biokari.sk\/en\/product\/naturgold-bio-muka-z-alakoru-stara-psenica-1000g\/","title":{"rendered":"Naturgold Bio M\u00faka z alakoru &#8211; Star\u00e1 p\u0161enica 1000g"},"content":{"rendered":"<p data-start=\"209\" data-end=\"440\">Naj\u010distej\u0161ia forma p\u0161enice.<br data-start=\"236\" data-end=\"239\" \/>Po cel\u00e9 tis\u00edcro\u010dia t\u00e1to <strong data-start=\"263\" data-end=\"284\">prastar\u00e1 obilnina<\/strong> poskytovala \u013eudstvu z\u00e1kladn\u00fa potravinu.<br data-start=\"324\" data-end=\"327\" \/>Je len vzdialen\u00fdm pr\u00edbuzn\u00fdm dne\u0161nej modernej p\u0161enice a patr\u00ed medzi <strong data-start=\"394\" data-end=\"437\">z\u00e1kladn\u00e9 prvky vedomej a zdravej v\u00fd\u017eivy<\/strong>.<\/p>\n<p data-start=\"442\" data-end=\"667\">Odpor\u00fa\u010da sa na <strong data-start=\"457\" data-end=\"479\">pe\u010denie aj varenie<\/strong> \u2013 na pr\u00edpravu <strong data-start=\"494\" data-end=\"570\">chlebov, kysnut\u00fdch ciest, krehk\u00fdch kol\u00e1\u010dov, maslov\u00fdch ciest a palaciniek<\/strong>.<br data-start=\"571\" data-end=\"574\" \/>Jedl\u00e1 pripraven\u00e9 z m\u00faky z prastarej p\u0161enice Alakor s\u00fa <strong data-start=\"628\" data-end=\"664\">\u013eahko str\u00e1vite\u013en\u00e9 a ve\u013emi chutn\u00e9<\/strong>.<\/p>\n<p data-start=\"669\" data-end=\"1118\"><strong data-start=\"669\" data-end=\"706\">\u010co v pr\u00edpade citlivosti na lepok?<\/strong><br data-start=\"706\" data-end=\"709\" \/>Ke\u010f\u017ee ide o prastar\u00fa obilninu, ktor\u00e1 sa v mnohom l\u00ed\u0161i od dne\u0161n\u00fdch p\u0161eni\u010dn\u00fdch odr\u00f4d, \u010dasto sa kladie ot\u00e1zka, \u010di ju m\u00f4\u017eu konzumova\u0165 aj osoby s citlivos\u0165ou na lepok.<br data-start=\"871\" data-end=\"874\" \/>\u0160t\u00fadie preuk\u00e1zali, \u017ee hoci Alakor <strong data-start=\"908\" data-end=\"938\">nie je bezlepkov\u00e1 obilnina<\/strong>, jej <strong data-start=\"944\" data-end=\"976\">obsah lepku je v\u00fdrazne ni\u017e\u0161\u00ed<\/strong> ne\u017e u be\u017en\u00fdch p\u0161eni\u010dn\u00fdch odr\u00f4d.<br data-start=\"1008\" data-end=\"1011\" \/>Presn\u00fa \u0161trukt\u00faru a vplyv lepku z Alakoru na \u013eudsk\u00fd organizmus v\u0161ak m\u00f4\u017eu ur\u010di\u0165 len \u010fal\u0161ie vedeck\u00e9 v\u00fdskumy.<\/p>\n<p data-start=\"1120\" data-end=\"1209\"><strong data-start=\"1120\" data-end=\"1133\">Composition:<\/strong> bio m\u00faka z prastarej p\u0161enice Alakor*<br data-start=\"1170\" data-end=\"1173\" \/>*z ekologick\u00e9ho po\u013enohospod\u00e1rstva<\/p>\n<p data-start=\"1211\" data-end=\"1402\"><strong data-start=\"1211\" data-end=\"1237\">Nutri-Score kateg\u00f3ria:<\/strong> \u201eA\u201c<br data-start=\"1241\" data-end=\"1244\" \/>Zeleno ozna\u010den\u00e9 produkty (\u201eA\u201c, \u201eB\u201c) m\u00f4\u017eu by\u0165 <strong data-start=\"1289\" data-end=\"1328\">d\u00f4le\u017eitou s\u00fa\u010das\u0165ou vyv\u00e1\u017eenej stravy<\/strong>, ktor\u00fdch by sme mali <strong data-start=\"1350\" data-end=\"1399\">konzumova\u0165 \u010dastej\u0161ie alebo vo v\u00e4\u010d\u0161om mno\u017estve<\/strong>.<\/p>\n<p data-start=\"1404\" data-end=\"1631\"><strong data-start=\"1404\" data-end=\"1452\">Average nutritional values per 100 g of product:<\/strong><br data-start=\"1452\" data-end=\"1455\" \/>Energia: 1556 kJ \/ 367 kcal<br data-start=\"1482\" data-end=\"1485\" \/>Tuky: 1,9 g<br data-start=\"1496\" data-end=\"1499\" \/>z toho nas\u00fdten\u00e9 mastn\u00e9 kyseliny: 0,3 g<br data-start=\"1537\" data-end=\"1540\" \/>Sacharidy: 73 g<br data-start=\"1555\" data-end=\"1558\" \/>z toho cukry: 2,6 g<br data-start=\"1577\" data-end=\"1580\" \/>Vl\u00e1knina: 2,5 g<br data-start=\"1595\" data-end=\"1598\" \/>Bielkoviny: 14 g<br data-start=\"1614\" data-end=\"1617\" \/>So\u013e: 0,025 g<\/p>\n<p data-start=\"1633\" data-end=\"1724\"><strong data-start=\"1633\" data-end=\"1649\">Storage:<\/strong> Chr\u00e1\u0148te pred slne\u010dn\u00fdm \u017eiaren\u00edm, uchov\u00e1vajte na suchom a chladnom mieste.<br \/><strong>Weight:<\/strong> 1000g<\/p>\n\n\n<p><\/p>","protected":false},"excerpt":{"rendered":"<p>Naj\u010distej\u0161ia forma p\u0161enice.Po cel\u00e9 tis\u00edcro\u010dia t\u00e1to prastar\u00e1 obilnina poskytovala \u013eudstvu z\u00e1kladn\u00fa potravinu.Je len vzdialen\u00fdm pr\u00edbuzn\u00fdm dne\u0161nej modernej p\u0161enice a patr\u00ed medzi z\u00e1kladn\u00e9 prvky vedomej a zdravej v\u00fd\u017eivy. Odpor\u00fa\u010da sa na pe\u010denie aj varenie \u2013 na pr\u00edpravu chlebov, kysnut\u00fdch ciest, krehk\u00fdch kol\u00e1\u010dov, maslov\u00fdch ciest a palaciniek.Jedl\u00e1 pripraven\u00e9 z m\u00faky z prastarej p\u0161enice Alakor s\u00fa \u013eahko str\u00e1vite\u013en\u00e9 [&hellip;]<\/p>","protected":false},"featured_media":10157,"comment_status":"open","ping_status":"closed","template":"","meta":{"inline_featured_image":false},"product_brand":[277],"product_cat":[71,166],"product_tag":[],"class_list":{"0":"post-10153","1":"product","2":"type-product","3":"status-publish","4":"has-post-thumbnail","6":"product_brand-naturgold","7":"product_cat-potraviny","8":"product_cat-muky","10":"first","11":"instock","12":"taxable","13":"shipping-taxable","14":"purchasable","15":"product-type-simple"},"aioseo_notices":[],"_links":{"self":[{"href":"https:\/\/www.biokari.sk\/en\/wp-json\/wp\/v2\/product\/10153","targetHints":{"allow":["GET"]}}],"collection":[{"href":"https:\/\/www.biokari.sk\/en\/wp-json\/wp\/v2\/product"}],"about":[{"href":"https:\/\/www.biokari.sk\/en\/wp-json\/wp\/v2\/types\/product"}],"replies":[{"embeddable":true,"href":"https:\/\/www.biokari.sk\/en\/wp-json\/wp\/v2\/comments?post=10153"}],"wp:featuredmedia":[{"embeddable":true,"href":"https:\/\/www.biokari.sk\/en\/wp-json\/wp\/v2\/media\/10157"}],"wp:attachment":[{"href":"https:\/\/www.biokari.sk\/en\/wp-json\/wp\/v2\/media?parent=10153"}],"wp:term":[{"taxonomy":"product_brand","embeddable":true,"href":"https:\/\/www.biokari.sk\/en\/wp-json\/wp\/v2\/product_brand?post=10153"},{"taxonomy":"product_cat","embeddable":true,"href":"https:\/\/www.biokari.sk\/en\/wp-json\/wp\/v2\/product_cat?post=10153"},{"taxonomy":"product_tag","embeddable":true,"href":"https:\/\/www.biokari.sk\/en\/wp-json\/wp\/v2\/product_tag?post=10153"}],"curies":[{"name":"wp","href":"https:\/\/api.w.org\/{rel}","templated":true}]}}