{"id":10158,"date":"2025-10-12T19:41:06","date_gmt":"2025-10-12T17:41:06","guid":{"rendered":"https:\/\/www.biokari.sk\/produkt\/naturgold-bio-celozrnna-muka-z-alakoru-stara-psenica-1000g\/"},"modified":"2026-04-23T19:01:16","modified_gmt":"2026-04-23T17:01:16","slug":"naturgold-bio-celozrnna-muka-z-alakoru-stara-psenica-1000g","status":"publish","type":"product","link":"https:\/\/www.biokari.sk\/en\/product\/naturgold-bio-celozrnna-muka-z-alakoru-stara-psenica-1000g\/","title":{"rendered":"Naturgold Bio Celozrnn\u00e1 m\u00faka z alakoru &#8211; Star\u00e1 p\u0161enica 1000g"},"content":{"rendered":"<p>M\u00faka na\u0161ich predkov pre modern\u00e9 gazdinky.<br>Pred 12 000 rokmi pra\u010dlovek objavil t\u00fato <strong>energiou bohat\u00fa obilninu<\/strong>, rozdrvil ju medzi kame\u0148mi a pripravil z nej ka\u0161u a nesk\u00f4r aj chlieb.<br>Po cel\u00e9 tis\u00edcro\u010dia pr\u00e1ve t\u00e1to obilnina zabezpe\u010dovala <strong>z\u00e1kladn\u00fa potravinov\u00fa ob\u017eivu \u013eudstva<\/strong>.<br>Dlh\u00e9 roky sme pracovali na tom, aby sa tento <strong>nepr\u00e1vom zabudnut\u00fd poklad<\/strong> op\u00e4\u0165 dostal na na\u0161e stoly \u2013 s jeho jedine\u010dnou, <strong>lahodnou chu\u0165ou a prirodzenou vitalitou<\/strong>.<\/p>\n\n\n\n<p><strong>\u010co v pr\u00edpade citlivosti na lepok?<\/strong><br>Ke\u010f\u017ee t\u00e1to prastar\u00e1 p\u0161enica sa v mnoh\u00fdch oh\u013eadoch l\u00ed\u0161i od modern\u00fdch odr\u00f4d, \u010dasto sa kladie ot\u00e1zka, \u010di ju m\u00f4\u017eu konzumova\u0165 aj osoby s nezn\u00e1\u0161anlivos\u0165ou lepku.<br>\u0160t\u00fadie potvrdzuj\u00fa, \u017ee hoci Alakor <strong>nie je bezlepkov\u00e1 obilnina<\/strong>, jej <strong>obsah lepku je podstatne ni\u017e\u0161\u00ed<\/strong> ako pri be\u017en\u00fdch p\u0161eni\u010dn\u00fdch druhoch.<br>Presn\u00fa \u0161trukt\u00faru a vplyv lepku z Alakoru na \u013eudsk\u00fd organizmus v\u0161ak m\u00f4\u017eu ur\u010di\u0165 len \u010fal\u0161ie v\u00fdskumy.<\/p>\n\n\n\n<p><strong>\u010c\u00edm je v\u00fdnimo\u010dn\u00e1?<\/strong><br>Jemn\u00e1 \u0161trukt\u00fara Alakoru sa odr\u00e1\u017ea aj v jeho <strong>nezamenite\u013enej, mierne orie\u0161kovej chuti<\/strong>.<br>M\u00faka m\u00e1 pr\u00edjemn\u00fd <strong>svetlo\u017elt\u00fd odtie\u0148<\/strong> v\u010faka vysok\u00e9mu obsahu <strong>karotenoidov (lute\u00ednu)<\/strong> a obsahuje mno\u017estvo <strong>esenci\u00e1lnych stopov\u00fdch prvkov<\/strong>, ako s\u00fa zinok, mang\u00e1n a sel\u00e9n.<\/p>\n\n\n\n<p><strong>Recommended use:<\/strong><br>Na pr\u00edpravu <strong>kv\u00e1skov\u00fdch a dro\u017e\u010fov\u00fdch chlebov, pe\u010diva, pizze, palaciniek, sladk\u00fdch kol\u00e1\u010dov a su\u0161ienok<\/strong>.<\/p>\n\n\n\n<p><strong>Fyzik\u00e1lne a chemick\u00e9 vlastnosti:<\/strong><br>Popol (% m\/m) min.: 1,5<br>Vlhkos\u0165 (% m\/m) max.: 15,0<br>Ve\u013ekos\u0165 \u010dast\u00edc: najmenej 85 % prejde sitom 500 \u00b5m, najmenej 70 % prejde sitom 315 \u00b5m<br>Falling number (sekundy): min. 200<\/p>\n\n\n\n<p><strong>Composition:<\/strong> bio celozrnn\u00e1 m\u00faka z prastarej p\u0161enice Alakor<\/p>\n\n\n\n<p><strong>Nutri-Score kateg\u00f3ria:<\/strong> \u201eA\u201c<br>Produkty ozna\u010den\u00e9 zelenou farbou (\u201eA\u201c, \u201eB\u201c) m\u00f4\u017eu by\u0165 <strong>d\u00f4le\u017eitou s\u00fa\u010das\u0165ou zdravej a vyv\u00e1\u017eenej stravy<\/strong>, ktor\u00fa by sme mali <strong>konzumova\u0165 \u010dastej\u0161ie alebo vo v\u00e4\u010d\u0161om mno\u017estve<\/strong>.<\/p>\n\n\n\n<p><strong>Average nutritional values per 100 g of product:<\/strong><br>Energia: 1470 kJ \/ 351 kcal<br>Tuky: 2,6 g<br>z toho nas\u00fdten\u00e9 mastn\u00e9 kyseliny: 0,8 g<br>Sacharidy: 61 g<br>z toho cukry: 0,4 g<br>Vl\u00e1knina: 7,7 g<br>Bielkoviny: 16 g<br>So\u013e: 0 g<br>So\u013e poch\u00e1dza v\u00fdlu\u010dne z prirodzene pr\u00edtomn\u00e9ho sod\u00edka.<\/p>\n\n\n\n<p><strong>Storage:<\/strong> Chr\u00e1\u0148te pred slne\u010dn\u00fdm \u017eiaren\u00edm, uchov\u00e1vajte na suchom a chladnom mieste.<\/p>\n\n\n\n<p><strong>Weight:<\/strong> 1000 g<\/p>","protected":false},"excerpt":{"rendered":"<p>&#8230; <a class=\"more-link\" href=\"#tab-description\">Read more<\/a><\/p>","protected":false},"featured_media":10160,"comment_status":"open","ping_status":"closed","template":"","meta":{"inline_featured_image":false},"product_brand":[277],"product_cat":[71,166],"product_tag":[],"class_list":{"0":"post-10158","1":"product","2":"type-product","3":"status-publish","4":"has-post-thumbnail","6":"product_brand-naturgold","7":"product_cat-potraviny","8":"product_cat-muky","10":"first","11":"instock","12":"taxable","13":"shipping-taxable","14":"purchasable","15":"product-type-simple"},"aioseo_notices":[],"_links":{"self":[{"href":"https:\/\/www.biokari.sk\/en\/wp-json\/wp\/v2\/product\/10158","targetHints":{"allow":["GET"]}}],"collection":[{"href":"https:\/\/www.biokari.sk\/en\/wp-json\/wp\/v2\/product"}],"about":[{"href":"https:\/\/www.biokari.sk\/en\/wp-json\/wp\/v2\/types\/product"}],"replies":[{"embeddable":true,"href":"https:\/\/www.biokari.sk\/en\/wp-json\/wp\/v2\/comments?post=10158"}],"wp:featuredmedia":[{"embeddable":true,"href":"https:\/\/www.biokari.sk\/en\/wp-json\/wp\/v2\/media\/10160"}],"wp:attachment":[{"href":"https:\/\/www.biokari.sk\/en\/wp-json\/wp\/v2\/media?parent=10158"}],"wp:term":[{"taxonomy":"product_brand","embeddable":true,"href":"https:\/\/www.biokari.sk\/en\/wp-json\/wp\/v2\/product_brand?post=10158"},{"taxonomy":"product_cat","embeddable":true,"href":"https:\/\/www.biokari.sk\/en\/wp-json\/wp\/v2\/product_cat?post=10158"},{"taxonomy":"product_tag","embeddable":true,"href":"https:\/\/www.biokari.sk\/en\/wp-json\/wp\/v2\/product_tag?post=10158"}],"curies":[{"name":"wp","href":"https:\/\/api.w.org\/{rel}","templated":true}]}}