{"id":10163,"date":"2025-10-12T19:48:59","date_gmt":"2025-10-12T17:48:59","guid":{"rendered":"https:\/\/www.biokari.sk\/produkt\/naturgold-bio-cestoviny-z-alakoru-vreteno-250g\/"},"modified":"2026-04-27T19:02:03","modified_gmt":"2026-04-27T17:02:03","slug":"naturgold-bio-cestoviny-z-alakoru-vreteno-250g","status":"publish","type":"product","link":"https:\/\/www.biokari.sk\/en\/product\/naturgold-bio-cestoviny-z-alakoru-vreteno-250g\/","title":{"rendered":"Naturgold Bio Cestoviny z alakoru &#8211; Vreteno 250g"},"content":{"rendered":"<p data-start=\"201\" data-end=\"498\">100 % cestovina z prastarej p\u0161enice Alakor \u2013 z naj\u010distej\u0161ej p\u0161enice na svete.<br data-start=\"278\" data-end=\"281\" \/>T\u00e1to <strong data-start=\"286\" data-end=\"304\">\u0161pir\u00e1la (ors\u00f3)<\/strong> patr\u00ed do jedine\u010dnej produktovej l\u00ednie, ktor\u00e1 je <strong data-start=\"353\" data-end=\"375\">v Eur\u00f3pe ojedinel\u00e1<\/strong>.<br data-start=\"376\" data-end=\"379\" \/>M\u00e1 <strong data-start=\"382\" data-end=\"406\">jemn\u00fa, pr\u00edjemn\u00fa chu\u0165<\/strong> a v\u010faka vysok\u00e9mu obsahu <strong data-start=\"431\" data-end=\"447\">karotenoidov<\/strong> sa vyzna\u010duje <strong data-start=\"461\" data-end=\"495\">charakteristickou \u017eltou farbou<\/strong>.<\/p>\n<p data-start=\"500\" data-end=\"953\"><strong data-start=\"500\" data-end=\"537\">\u010co v pr\u00edpade citlivosti na lepok?<\/strong><br data-start=\"537\" data-end=\"540\" \/>Ke\u010f\u017ee t\u00e1to prastar\u00e1 obilnina sa v mnoh\u00fdch oh\u013eadoch l\u00ed\u0161i od modern\u00fdch odr\u00f4d p\u0161enice, \u010dasto sa kladie ot\u00e1zka, \u010di ju m\u00f4\u017eu konzumova\u0165 aj osoby s nezn\u00e1\u0161anlivos\u0165ou lepku.<br data-start=\"704\" data-end=\"707\" \/>\u0160t\u00fadie potvrdzuj\u00fa, \u017ee hoci Alakor <strong data-start=\"741\" data-end=\"771\">nie je bezlepkov\u00e1 obilnina<\/strong>, jej <strong data-start=\"777\" data-end=\"811\">obsah lepku je podstatne ni\u017e\u0161\u00ed<\/strong> ne\u017e u be\u017en\u00fdch p\u0161eni\u010dn\u00fdch odr\u00f4d.<br data-start=\"843\" data-end=\"846\" \/>Presn\u00fa \u0161trukt\u00faru a vplyv lepku z Alakoru na \u013eudsk\u00fd organizmus v\u0161ak m\u00f4\u017eu ur\u010di\u0165 len \u010fal\u0161ie vedeck\u00e9 v\u00fdskumy.<\/p>\n<p data-start=\"955\" data-end=\"1013\"><strong data-start=\"955\" data-end=\"968\">Composition:<\/strong> bio m\u00faka z prastarej p\u0161enice Alakor, voda.<\/p>\n<p data-start=\"1015\" data-end=\"1061\"><strong data-start=\"1015\" data-end=\"1032\">Doba varenia:<\/strong> 6\u20138 min\u00fat<br data-start=\"1042\" data-end=\"1045\" \/><strong data-start=\"1045\" data-end=\"1059\">Bez vajec.<\/strong><\/p>\n<p data-start=\"1063\" data-end=\"1262\"><strong data-start=\"1063\" data-end=\"1089\">Nutri-Score kateg\u00f3ria:<\/strong> \u201eA\u201c<br data-start=\"1093\" data-end=\"1096\" \/>Produkty ozna\u010den\u00e9 zelenou farbou (\u201eA\u201c, \u201eB\u201c) m\u00f4\u017eu by\u0165 <strong data-start=\"1149\" data-end=\"1188\">d\u00f4le\u017eitou s\u00fa\u010das\u0165ou vyv\u00e1\u017eenej stravy<\/strong>, ktor\u00fdch by sme mali <strong data-start=\"1210\" data-end=\"1259\">konzumova\u0165 \u010dastej\u0161ie alebo vo v\u00e4\u010d\u0161om mno\u017estve<\/strong>.<\/p>\n<p data-start=\"1264\" data-end=\"1544\"><strong data-start=\"1264\" data-end=\"1312\">Average nutritional values per 100 g of product:<\/strong><br data-start=\"1312\" data-end=\"1315\" \/>Energia: 1556 kJ \/ 367 kcal<br data-start=\"1342\" data-end=\"1345\" \/>Tuky: 1,9 g<br data-start=\"1356\" data-end=\"1359\" \/>z toho nas\u00fdten\u00e9 mastn\u00e9 kyseliny: 0,3 g<br data-start=\"1397\" data-end=\"1400\" \/>Sacharidy: 73 g<br data-start=\"1415\" data-end=\"1418\" \/>z toho cukry: 2,6 g<br data-start=\"1437\" data-end=\"1440\" \/>Vl\u00e1knina: 2,5 g<br data-start=\"1455\" data-end=\"1458\" \/>Bielkoviny: 14 g<br data-start=\"1474\" data-end=\"1477\" \/>So\u013e: 0 g<br data-start=\"1485\" data-end=\"1488\" \/>(So\u013e poch\u00e1dza v\u00fdlu\u010dne z prirodzene pr\u00edtomn\u00e9ho sod\u00edka.)<\/p>\n<p data-start=\"1546\" data-end=\"1637\"><strong data-start=\"1546\" data-end=\"1562\">Storage:<\/strong> Chr\u00e1\u0148te pred slne\u010dn\u00fdm \u017eiaren\u00edm, uchov\u00e1vajte na suchom a chladnom mieste.<\/p>\n<p data-start=\"1639\" data-end=\"1660\"><strong data-start=\"1639\" data-end=\"1652\">Weight:<\/strong> 250 g<\/p>","protected":false},"excerpt":{"rendered":"<p>100 % cestovina z prastarej p\u0161enice Alakor \u2013 z naj\u010distej\u0161ej p\u0161enice na svete.T\u00e1to \u0161pir\u00e1la (ors\u00f3) patr\u00ed do jedine\u010dnej produktovej l\u00ednie, ktor\u00e1 je v Eur\u00f3pe ojedinel\u00e1.M\u00e1 jemn\u00fa, pr\u00edjemn\u00fa chu\u0165 a v\u010faka vysok\u00e9mu obsahu karotenoidov sa vyzna\u010duje charakteristickou \u017eltou farbou. \u010co v pr\u00edpade citlivosti na lepok?Ke\u010f\u017ee t\u00e1to prastar\u00e1 obilnina sa v mnoh\u00fdch oh\u013eadoch l\u00ed\u0161i od modern\u00fdch odr\u00f4d [&hellip;]<\/p>","protected":false},"featured_media":10165,"comment_status":"open","ping_status":"closed","template":"","meta":{"inline_featured_image":false},"product_brand":[277],"product_cat":[71,125],"product_tag":[],"class_list":{"0":"post-10163","1":"product","2":"type-product","3":"status-publish","4":"has-post-thumbnail","6":"product_brand-naturgold","7":"product_cat-potraviny","8":"product_cat-cestoviny","10":"first","11":"onbackorder","12":"taxable","13":"shipping-taxable","14":"purchasable","15":"product-type-simple"},"aioseo_notices":[],"_links":{"self":[{"href":"https:\/\/www.biokari.sk\/en\/wp-json\/wp\/v2\/product\/10163","targetHints":{"allow":["GET"]}}],"collection":[{"href":"https:\/\/www.biokari.sk\/en\/wp-json\/wp\/v2\/product"}],"about":[{"href":"https:\/\/www.biokari.sk\/en\/wp-json\/wp\/v2\/types\/product"}],"replies":[{"embeddable":true,"href":"https:\/\/www.biokari.sk\/en\/wp-json\/wp\/v2\/comments?post=10163"}],"wp:featuredmedia":[{"embeddable":true,"href":"https:\/\/www.biokari.sk\/en\/wp-json\/wp\/v2\/media\/10165"}],"wp:attachment":[{"href":"https:\/\/www.biokari.sk\/en\/wp-json\/wp\/v2\/media?parent=10163"}],"wp:term":[{"taxonomy":"product_brand","embeddable":true,"href":"https:\/\/www.biokari.sk\/en\/wp-json\/wp\/v2\/product_brand?post=10163"},{"taxonomy":"product_cat","embeddable":true,"href":"https:\/\/www.biokari.sk\/en\/wp-json\/wp\/v2\/product_cat?post=10163"},{"taxonomy":"product_tag","embeddable":true,"href":"https:\/\/www.biokari.sk\/en\/wp-json\/wp\/v2\/product_tag?post=10163"}],"curies":[{"name":"wp","href":"https:\/\/api.w.org\/{rel}","templated":true}]}}