{"id":10210,"date":"2025-10-19T10:31:23","date_gmt":"2025-10-19T08:31:23","guid":{"rendered":"https:\/\/www.biokari.sk\/produkt\/vital-cu-active-kvapky-na-vlasy-40ml\/"},"modified":"2026-04-10T19:02:44","modified_gmt":"2026-04-10T17:02:44","slug":"vital-cu-active-kvapky-na-vlasy-40ml","status":"publish","type":"product","link":"https:\/\/www.biokari.sk\/en\/product\/vital-cu-active-kvapky-na-vlasy-40ml\/","title":{"rendered":"Vital CU Active kvapky na vlasy 40ml"},"content":{"rendered":"<p><strong>Funkcia:<\/strong> pr\u00edpravok na vonkaj\u0161ie pou\u017eitie, pom\u00e1ha pri fyziologickej obnove vlasov. Pr\u00edpravok je obohaten\u00fd s vybran\u00fdmi dermoakt\u00edvne funkcion\u00e1lnymi zlo\u017ekami a rastlinn\u00fdmi a biotechnologick\u00fdmi komponentmi. Tieto zlo\u017eky s\u00fa zodpovedn\u00e9 za dostato\u010dn\u00fd pr\u00edsun \u017eiv\u00edn do vlasov\u00fdch cibuliek. Pr\u00edpravok obsahuje rastlinn\u00e9 kme\u0148ov\u00e9 bunky, ktor\u00e9 s\u00fa zodpovedn\u00e9 za zabr\u00e1nenie tvorbe vo\u013en\u00fdch radik\u00e1lov. <\/p>\n\n\n\n<p><strong>Composition<\/strong>: Aqua, Glycerin, Alcohol Denat., Propylene Glycol, Ppg-26-Buteth-26, Peg-40 Hydrogenated Castor Oil, Phenoxyethanol, Humulus Lupulus Flower Extract, Zingiber Officinale Root Extract, Serenoa Serrulata Fruit Extract, Prunus Africana Bark Extract, Potassium Sorbate, Sodium Benzoate, Tocopheryl Acetate (Vitamin E), Salvia Lavandulaefolia Herb Oil, Malus Domestica Cell Culture Extract, Methyl Nicotinate, Benzyl Nicotinate, Linalool, Geraniol, Citronellol, Retinyl Palmitate (Vitamin A), Disodium Edta, Sodium Ascorbate (Vitamin C), Niacinamide (Vitamin B3), Panthenol, Calcium Pantothenate (Vitamin B5), Pyridoxine Hcl (Vitamin B6), Thiamine Hcl (Vitamin B1), Biotin (Vitamin B7)<\/p>\n\n\n\n<p><strong>Volume<\/strong>: 40ml<\/p>","protected":false},"excerpt":{"rendered":"<p>&#8230; <a class=\"more-link\" href=\"#tab-description\">Read more<\/a><\/p>","protected":false},"featured_media":10212,"comment_status":"open","ping_status":"closed","template":"","meta":{"inline_featured_image":false},"product_brand":[279],"product_cat":[249],"product_tag":[],"class_list":{"0":"post-10210","1":"product","2":"type-product","3":"status-publish","4":"has-post-thumbnail","6":"product_brand-vital","7":"product_cat-kozmeticke-vyrobky","9":"first","10":"instock","11":"taxable","12":"shipping-taxable","13":"purchasable","14":"product-type-simple"},"aioseo_notices":[],"_links":{"self":[{"href":"https:\/\/www.biokari.sk\/en\/wp-json\/wp\/v2\/product\/10210","targetHints":{"allow":["GET"]}}],"collection":[{"href":"https:\/\/www.biokari.sk\/en\/wp-json\/wp\/v2\/product"}],"about":[{"href":"https:\/\/www.biokari.sk\/en\/wp-json\/wp\/v2\/types\/product"}],"replies":[{"embeddable":true,"href":"https:\/\/www.biokari.sk\/en\/wp-json\/wp\/v2\/comments?post=10210"}],"wp:featuredmedia":[{"embeddable":true,"href":"https:\/\/www.biokari.sk\/en\/wp-json\/wp\/v2\/media\/10212"}],"wp:attachment":[{"href":"https:\/\/www.biokari.sk\/en\/wp-json\/wp\/v2\/media?parent=10210"}],"wp:term":[{"taxonomy":"product_brand","embeddable":true,"href":"https:\/\/www.biokari.sk\/en\/wp-json\/wp\/v2\/product_brand?post=10210"},{"taxonomy":"product_cat","embeddable":true,"href":"https:\/\/www.biokari.sk\/en\/wp-json\/wp\/v2\/product_cat?post=10210"},{"taxonomy":"product_tag","embeddable":true,"href":"https:\/\/www.biokari.sk\/en\/wp-json\/wp\/v2\/product_tag?post=10210"}],"curies":[{"name":"wp","href":"https:\/\/api.w.org\/{rel}","templated":true}]}}