{"id":10213,"date":"2025-10-19T10:36:34","date_gmt":"2025-10-19T08:36:34","guid":{"rendered":"https:\/\/www.biokari.sk\/produkt\/vital-h1-krem-40ml\/"},"modified":"2026-01-27T08:41:56","modified_gmt":"2026-01-27T07:41:56","slug":"vital-h1-krem-40ml","status":"publish","type":"product","link":"https:\/\/www.biokari.sk\/en\/product\/vital-h1-krem-40ml\/","title":{"rendered":"Vital H1 kr\u00e9m 40ml"},"content":{"rendered":"<ul class=\"wp-block-list\">\n<li>emulzia s n\u00edzkym obsahom v\u00fd\u017eivn\u00fdch l\u00e1tok, pre poko\u017eku s dostato\u010dnou fyziologickou vrstvou mazu<\/li>\n\n\n\n<li>upravuje t\u00f3n pleti, intenz\u00edvne hydratuje a normalizuje poko\u017eku<\/li>\n\n\n\n<li>je ide\u00e1lny pre mastn\u00fa, problematick\u00fa poko\u017eku na ka\u017edodenn\u00e9 pou\u017eitie \u2013 denn\u00e9 aj no\u010dn\u00e9, po\u010das cel\u00e9ho roku, ak sa aplikuje spr\u00e1vne mno\u017estvo<\/li>\n\n\n\n<li>cez de\u0148 je to minim\u00e1lne mno\u017estvo, na ve\u010der o trochu viac<\/li>\n\n\n\n<li>okrem toho je H1 kr\u00e9m vhodn\u00fd aj pre zmie\u0161an\u00fa a mierne dehydratovan\u00fa poko\u017eku, po\u010das leta, ako denn\u00fd kr\u00e9m<\/li>\n\n\n\n<li>pou\u017e\u00edva sa na tv\u00e1r, krk a dekolt<\/li>\n\n\n\n<li>70% hydrat\u00e1cia, 30% v\u00fd\u017eiva<\/li>\n\n\n\n<li>zlo\u017eenie: aqua, cetearyl alcohol, caprylic\/capric triglyceride, prunus amygdalus dulcis oil, glycerin, cyclopentasiloxane, glyceryl stearate, dimethicone, butyrospermum parkii butter, cocoglycerides, olea europaea fruit oil, potassium palmitoyl hydrolyzed wheat protein, phenoxyethanol, carbomer, pripylene glycol, hydrogenates olive oil, parfum benzoic acid, sodium dehydroacetate, tetrasodium glutamate diacetate, sodium hydroxide, rosa canina fruit extract, dehydroacetic salicylate, linalool, laminaria saccharina extract, citronellol, methylsilanol mannuronate, hexyl cinnamal, alpha-isomethyl uionone, limonene, geraniol<\/li>\n\n\n\n<li>pou\u017eitie: naneste dostato\u010dn\u00e9 mno\u017estvo kr\u00e9mu r\u00e1no a ve\u010der na tv\u00e1r, krk aj dekolt\u00e1\u017e kr\u00fa\u017eiv\u00fdmi pohybmi smerom zdola nahor\u00a0\u00a0<\/li>\n\n\n\n<li>upozornenie:\n<ul class=\"wp-block-list\">\n<li>jemn\u00e9 za\u010dervenanie, alebo pocit mraven\u010denia je prirodzen\u00e9<\/li>\n\n\n\n<li>nepou\u017e\u00edvajte, ak ste precitliven\u00fd na niektor\u00fa zlo\u017eku<\/li>\n\n\n\n<li>udr\u017eujte mimo dosahu det\u00ed<\/li>\n\n\n\n<li>len na vonkaj\u0161ie pou\u017eitie<\/li>\n\n\n\n<li>nepreh\u013ata\u0165<\/li>\n\n\n\n<li>d\u00e1vajte pozor, aby sa pr\u00edpravok nedostal do o\u010d\u00ed<\/li>\n<\/ul>\n<\/li>\n\n\n\n<li>H1 &#8211; 24 HODINOV\u00dd AKT\u00cdVNY KR\u00c9M s n\u00edzkym obsahom v\u00fd\u017eivn\u00fdch l\u00e1tok pre poko\u017eku produkuj\u00facu dostato\u010dn\u00e9 mno\u017estvo fyziologick\u00e9ho mazu<\/li>\n\n\n\n<li>upravuje t\u00f3n poko\u017eky, m\u00e1 SILN\u00dd hydrata\u010dn\u00fd a normalizuj\u00faci \u00fa\u010dinok<\/li>\n\n\n\n<li>vplyvom efektu SKIN FEEL je tento pr\u00edpravok v\u00fdborn\u00fdm spojencom poko\u017eky proti starnutiu<\/li>\n<\/ul>\n\n\n\n<p><strong>Packaging:<\/strong> 40 ml<\/p>","protected":false},"excerpt":{"rendered":"<p>&#8230; <a class=\"more-link\" href=\"#tab-description\">Read more<\/a><\/p>","protected":false},"featured_media":10215,"comment_status":"open","ping_status":"closed","template":"","meta":{"inline_featured_image":false},"product_brand":[279],"product_cat":[249],"product_tag":[],"class_list":{"0":"post-10213","1":"product","2":"type-product","3":"status-publish","4":"has-post-thumbnail","6":"product_brand-vital","7":"product_cat-kozmeticke-vyrobky","9":"first","10":"instock","11":"taxable","12":"shipping-taxable","13":"purchasable","14":"product-type-simple"},"aioseo_notices":[],"_links":{"self":[{"href":"https:\/\/www.biokari.sk\/en\/wp-json\/wp\/v2\/product\/10213","targetHints":{"allow":["GET"]}}],"collection":[{"href":"https:\/\/www.biokari.sk\/en\/wp-json\/wp\/v2\/product"}],"about":[{"href":"https:\/\/www.biokari.sk\/en\/wp-json\/wp\/v2\/types\/product"}],"replies":[{"embeddable":true,"href":"https:\/\/www.biokari.sk\/en\/wp-json\/wp\/v2\/comments?post=10213"}],"wp:featuredmedia":[{"embeddable":true,"href":"https:\/\/www.biokari.sk\/en\/wp-json\/wp\/v2\/media\/10215"}],"wp:attachment":[{"href":"https:\/\/www.biokari.sk\/en\/wp-json\/wp\/v2\/media?parent=10213"}],"wp:term":[{"taxonomy":"product_brand","embeddable":true,"href":"https:\/\/www.biokari.sk\/en\/wp-json\/wp\/v2\/product_brand?post=10213"},{"taxonomy":"product_cat","embeddable":true,"href":"https:\/\/www.biokari.sk\/en\/wp-json\/wp\/v2\/product_cat?post=10213"},{"taxonomy":"product_tag","embeddable":true,"href":"https:\/\/www.biokari.sk\/en\/wp-json\/wp\/v2\/product_tag?post=10213"}],"curies":[{"name":"wp","href":"https:\/\/api.w.org\/{rel}","templated":true}]}}