{"id":10221,"date":"2025-10-19T11:12:55","date_gmt":"2025-10-19T09:12:55","guid":{"rendered":"https:\/\/www.biokari.sk\/produkt\/vital-kvapky-active-du-40ml\/"},"modified":"2026-04-27T19:02:03","modified_gmt":"2026-04-27T17:02:03","slug":"vital-kvapky-active-du-40ml","status":"publish","type":"product","link":"https:\/\/www.biokari.sk\/en\/product\/vital-kvapky-active-du-40ml\/","title":{"rendered":"Vital Kvapky Active DU 40ml"},"content":{"rendered":"<p><strong>FUNKCIA:<\/strong> Pr\u00edpravok je vhodn\u00fd ako <strong>doplnkov\u00e1 starostlivos\u0165 pri lie\u010dbe seboroickej dermatit\u00eddy<\/strong>, najm\u00e4 v pr\u00edpadoch, ke\u010f sa z odlupuj\u00facej poko\u017eky vytv\u00e1ra <strong>hrub\u00e1 vrstva, ktor\u00e1 sa lep\u00ed na vlasov\u00fa poko\u017eku<\/strong>. Pom\u00e1ha <strong>normalizova\u0165 fyziologick\u00fa rovnov\u00e1hu mikrofl\u00f3ry vlasovej poko\u017eky<\/strong>, <strong>zmier\u0148uje svrbenie, za\u010dervenanie a z\u00e1pal<\/strong>, podporuje <strong>odlupovanie odumret\u00fdch buniek<\/strong>, p\u00f4sob\u00ed <strong>upokojuj\u00faco<\/strong> a <strong>chr\u00e1ni poko\u017eku hlavy<\/strong>.<\/p>\n\n\n\n<p><strong>Composition:<\/strong> Propylene glycol, glycerin, aqua, citric acid, hydrolyzed collagen, phenoxyethanol, potassium sorbate, sodium benzoate, caramel, xanthan gum, tocopherol.<\/p>\n\n\n\n<p><strong>Application:<\/strong> Produkt obsahuje d\u00e1vku posta\u010duj\u00facu na pribli\u017ene <strong>1 mesiac<\/strong>. Naneste na poko\u017eku hlavy <strong>2-kr\u00e1t t\u00fd\u017edenne 4 ml pr\u00edpravku<\/strong>. Koncentrovan\u00e9 kvapky nechajte p\u00f4sobi\u0165 na poko\u017eke hlavy a jemne ich <strong>vmas\u00edrujte do poko\u017eky<\/strong>.<\/p>\n\n\n\n<p><strong>Warning:<\/strong> Pr\u00edpravok sa <strong>nesmie dosta\u0165 do o\u010d\u00ed<\/strong>. Pou\u017e\u00edvajte <strong>len na zdrav\u00fa poko\u017eku<\/strong>. Nepou\u017e\u00edvajte, ak je poko\u017eka <strong>poranen\u00e1 alebo podr\u00e1\u017eden\u00e1<\/strong>. <strong>Uchov\u00e1vajte mimo dosahu det\u00ed.<\/strong> Po aplik\u00e1cii sa m\u00f4\u017ee objavi\u0165 <strong>mierne za\u010dervenanie<\/strong>, ktor\u00e9 je prirodzen\u00e9. <strong>Len na vonkaj\u0161ie pou\u017eitie \u2013 nekonzumujte.<\/strong><\/p>\n\n\n\n<p><strong>Packaging:<\/strong> 40 ml<\/p>","protected":false},"excerpt":{"rendered":"<p>&#8230; <a class=\"more-link\" href=\"#tab-description\">Read more<\/a><\/p>","protected":false},"featured_media":10224,"comment_status":"open","ping_status":"closed","template":"","meta":{"inline_featured_image":false},"product_brand":[279],"product_cat":[249],"product_tag":[],"class_list":{"0":"post-10221","1":"product","2":"type-product","3":"status-publish","4":"has-post-thumbnail","6":"product_brand-vital","7":"product_cat-kozmeticke-vyrobky","9":"first","10":"instock","11":"taxable","12":"shipping-taxable","13":"purchasable","14":"product-type-simple"},"aioseo_notices":[],"_links":{"self":[{"href":"https:\/\/www.biokari.sk\/en\/wp-json\/wp\/v2\/product\/10221","targetHints":{"allow":["GET"]}}],"collection":[{"href":"https:\/\/www.biokari.sk\/en\/wp-json\/wp\/v2\/product"}],"about":[{"href":"https:\/\/www.biokari.sk\/en\/wp-json\/wp\/v2\/types\/product"}],"replies":[{"embeddable":true,"href":"https:\/\/www.biokari.sk\/en\/wp-json\/wp\/v2\/comments?post=10221"}],"wp:featuredmedia":[{"embeddable":true,"href":"https:\/\/www.biokari.sk\/en\/wp-json\/wp\/v2\/media\/10224"}],"wp:attachment":[{"href":"https:\/\/www.biokari.sk\/en\/wp-json\/wp\/v2\/media?parent=10221"}],"wp:term":[{"taxonomy":"product_brand","embeddable":true,"href":"https:\/\/www.biokari.sk\/en\/wp-json\/wp\/v2\/product_brand?post=10221"},{"taxonomy":"product_cat","embeddable":true,"href":"https:\/\/www.biokari.sk\/en\/wp-json\/wp\/v2\/product_cat?post=10221"},{"taxonomy":"product_tag","embeddable":true,"href":"https:\/\/www.biokari.sk\/en\/wp-json\/wp\/v2\/product_tag?post=10221"}],"curies":[{"name":"wp","href":"https:\/\/api.w.org\/{rel}","templated":true}]}}