{"id":10236,"date":"2025-10-19T12:31:13","date_gmt":"2025-10-19T10:31:13","guid":{"rendered":"https:\/\/www.biokari.sk\/produkt\/vital-rapid-bronz-krem-100ml\/"},"modified":"2026-04-15T19:02:45","modified_gmt":"2026-04-15T17:02:45","slug":"vital-rapid-bronz-krem-100ml","status":"publish","type":"product","link":"https:\/\/www.biokari.sk\/en\/product\/vital-rapid-bronz-krem-100ml\/","title":{"rendered":"Vital Rapid bronz krem 100ml"},"content":{"rendered":"<p><strong>Funkcia:<\/strong> \u0160peci\u00e1lny <strong>dermokozmetick\u00fd kr\u00e9m<\/strong> ur\u010den\u00fd na <strong>tv\u00e1r a telo<\/strong>, ktor\u00fd <strong>pripravuje poko\u017eku na kontakt so slne\u010dn\u00fdmi l\u00fa\u010dmi<\/strong> t\u00fdm, \u017ee <strong>zvy\u0161uje jej prirodzen\u00fa ochranu<\/strong>. Z\u00e1rove\u0148 <strong>ur\u00fdch\u013euje, zintenz\u00edv\u0148uje a predl\u017euje op\u00e1lenie<\/strong>. Je tie\u017e <strong>vynikaj\u00facim hydrata\u010dn\u00fdm prostriedkom po opa\u013eovan\u00ed<\/strong>, preto\u017ee pom\u00e1ha <strong>dlhodobo udr\u017ea\u0165 op\u00e1len\u00fa poko\u017eku jemn\u00fa a pru\u017en\u00fa<\/strong>.<\/p>\n\n\n\n<p><strong>Application:<\/strong> Za\u010dnite pou\u017e\u00edva\u0165 pr\u00edpravok <strong>1 t\u00fd\u017ede\u0148 pred za\u010diatkom opa\u013eovania<\/strong>. Po\u010das opa\u013eovania <strong>pravideln\u00e1 aplik\u00e1cia kr\u00e9mu<\/strong> podporuje tvorbu rovnomern\u00e9ho op\u00e1lenia, <strong>av\u0161ak je nevyhnutn\u00e9 pou\u017ei\u0165 aj opa\u013eovac\u00ed kr\u00e9m s UV filtrami<\/strong>, preto\u017ee tento pr\u00edpravok <strong>neobsahuje UV filtre<\/strong>. Odpor\u00fa\u010da sa <strong>denn\u00e9 pou\u017e\u00edvanie \u2013 pred, po\u010das aj po opa\u013eovan\u00ed<\/strong>.<\/p>\n\n\n\n<p><strong>Warning:<\/strong> Len na <strong>vonkaj\u0161ie pou\u017eitie<\/strong>. <strong>Nepreh\u013ata\u0165.<\/strong> Vyhnite sa kontaktu s o\u010dami. Nepou\u017e\u00edvajte, ak m\u00e1te <strong>precitlivenos\u0165 na niektor\u00fa zo zlo\u017eiek<\/strong>. Upozor\u0148ujeme, \u017ee kr\u00e9m <strong>neobsahuje UV filtre<\/strong>, preto pri opa\u013eovan\u00ed <strong>pou\u017e\u00edvajte ochrann\u00fd opa\u013eovac\u00ed kr\u00e9m<\/strong> vhodn\u00fd pre v\u00e1\u0161 typ poko\u017eky.<\/p>\n\n\n\n<p><strong>Composition:<\/strong> Aqua, Prunus Amygdalus Dulcis Oil (Sweet Almond Oil), Cyclopentasiloxane, Butyrospermum Parkii (Shea) Butter, Lauryl Peg\/Ppg-18\/18 Methicone, Phenyl Trimethicone, Cetearyl Alcohol, Simmondsia Chinensis Seed Oil (Jojoba Oil), Glyceryl Stearate, Potassium Palmitoyl Hydrolyzed Wheat Protein, Ethylhexyl Salicylate (UV-B Filter), Tocopheryl Acetate (Vitamin E), Paraffinum Liquidum, Juglans Regia Seed Oil (Walnut Oil), Butylene Glycol, Acetyl Tyrosine, Hydrolyzed Vegetable Protein, Adenosine Triphosphate, Riboflavin (Vitamin B2), Parfum, Sodium Dehydroacetate, Propylene Glycol, Propolis Extract, Hexyl Cinnamal, Citronellol, Coumarin, Linseed Acid. <\/p>\n\n\n\n<p><strong>Volume: <\/strong>100ml<\/p>","protected":false},"excerpt":{"rendered":"<p>&#8230; <a class=\"more-link\" href=\"#tab-description\">Read more<\/a><\/p>","protected":false},"featured_media":10238,"comment_status":"open","ping_status":"closed","template":"","meta":{"inline_featured_image":false},"product_brand":[279],"product_cat":[249],"product_tag":[],"class_list":{"0":"post-10236","1":"product","2":"type-product","3":"status-publish","4":"has-post-thumbnail","6":"product_brand-vital","7":"product_cat-kozmeticke-vyrobky","9":"first","10":"onbackorder","11":"taxable","12":"shipping-taxable","13":"purchasable","14":"product-type-simple"},"aioseo_notices":[],"_links":{"self":[{"href":"https:\/\/www.biokari.sk\/en\/wp-json\/wp\/v2\/product\/10236","targetHints":{"allow":["GET"]}}],"collection":[{"href":"https:\/\/www.biokari.sk\/en\/wp-json\/wp\/v2\/product"}],"about":[{"href":"https:\/\/www.biokari.sk\/en\/wp-json\/wp\/v2\/types\/product"}],"replies":[{"embeddable":true,"href":"https:\/\/www.biokari.sk\/en\/wp-json\/wp\/v2\/comments?post=10236"}],"wp:featuredmedia":[{"embeddable":true,"href":"https:\/\/www.biokari.sk\/en\/wp-json\/wp\/v2\/media\/10238"}],"wp:attachment":[{"href":"https:\/\/www.biokari.sk\/en\/wp-json\/wp\/v2\/media?parent=10236"}],"wp:term":[{"taxonomy":"product_brand","embeddable":true,"href":"https:\/\/www.biokari.sk\/en\/wp-json\/wp\/v2\/product_brand?post=10236"},{"taxonomy":"product_cat","embeddable":true,"href":"https:\/\/www.biokari.sk\/en\/wp-json\/wp\/v2\/product_cat?post=10236"},{"taxonomy":"product_tag","embeddable":true,"href":"https:\/\/www.biokari.sk\/en\/wp-json\/wp\/v2\/product_tag?post=10236"}],"curies":[{"name":"wp","href":"https:\/\/api.w.org\/{rel}","templated":true}]}}