{"id":10268,"date":"2025-10-23T09:35:36","date_gmt":"2025-10-23T07:35:36","guid":{"rendered":"https:\/\/www.biokari.sk\/produkt\/big-star-cukriky-na-hrdla-12ks\/"},"modified":"2026-04-26T19:01:52","modified_gmt":"2026-04-26T17:01:52","slug":"big-star-cukriky-na-hrdla-12ks","status":"publish","type":"product","link":"https:\/\/www.biokari.sk\/en\/product\/big-star-cukriky-na-hrdla-12ks\/","title":{"rendered":"Big Star Cukr\u00edky na hrdla 12ks"},"content":{"rendered":"<p><strong>M\u00e1 V\u00e1s bol\u00ed hrdlo? Stratili ste hlas alebo sa v\u00e1m vysu\u0161uje hrdlo od ve\u013ea rozpr\u00e1vania?<\/strong><br>Vysk\u00fa\u0161ajte <strong>pastilky najvy\u0161\u0161ej kvality<\/strong>, ktor\u00e9 obsahuj\u00fa <strong>med, mentol, eukalyptov\u00fd olej, an\u00edzov\u00fd olej, mandar\u00ednku a ovocie mn\u00ed\u0161skej hru\u0161ky<\/strong> \u2013 tradi\u010dne pou\u017e\u00edvan\u00e9 v \u013eudovom lie\u010dite\u013estve. Tieto <strong>\u201ezlat\u00e9 pastilky\u201c<\/strong> prin\u00e1\u0161aj\u00fa \u00fa\u013eavu pri podr\u00e1\u017edenom hrdle a chrapote.<\/p>\n\n\n\n<p><strong>Recommended dosage:<\/strong> 1 pastilka pod\u013ea potreby, maxim\u00e1lne 6 pastiliek denne.<br><strong>Composition:<\/strong> med, mentol, eukalyptov\u00fd olej, ovocie mn\u00ed\u0161skej hru\u0161ky, mandar\u00ednka, an\u00edzov\u00fd olej, trstinov\u00fd cukor.<br><strong>Obsah:<\/strong> 12 pastiliek<br><strong>Net weight:<\/strong> 24 g<br><strong>Country of origin:<\/strong> \u010c\u00edna<br><strong>Storage:<\/strong> Uchov\u00e1vajte na suchom a chladnom mieste.<\/p>\n\n\n\n<p><strong>\u00da\u010dinn\u00e9 l\u00e1tky \u2013 stru\u010dne:<\/strong> V obdob\u00ed prechladnutia, vlhk\u00e9ho po\u010dasia alebo pri ka\u0161li a zahlienen\u00ed m\u00f4\u017eu tieto pastilky, obsahuj\u00face <strong>med, mentol, eukalyptus, an\u00edzov\u00fd olej a mn\u00ed\u0161sku hru\u0161ku<\/strong>, poskytn\u00fa\u0165 <strong>\u0161etrn\u00fa, no \u00fa\u010dinn\u00fa pomoc<\/strong> pri zmier\u0148ovan\u00ed \u0165a\u017ekost\u00ed.<br>Odpor\u00fa\u010da sa <strong>najviac 6 pastiliek denne<\/strong>, po jedle. Po rozpusten\u00ed pastilky <strong>sa neodpor\u00fa\u010da pi\u0165 tekutiny aspo\u0148 30 min\u00fat<\/strong>.<\/p>\n\n\n\n<p><strong>Composition:<\/strong> med, mentol, eukalyptov\u00fd olej, ovocie mn\u00ed\u0161skej hru\u0161ky, mandar\u00ednka, an\u00edzov\u00fd olej, trstinov\u00fd cukor.<\/p>","protected":false},"excerpt":{"rendered":"<p>&#8230; <a class=\"more-link\" href=\"#tab-description\">Read more<\/a><\/p>","protected":false},"featured_media":10269,"comment_status":"open","ping_status":"closed","template":"","meta":{"inline_featured_image":false},"product_brand":[],"product_cat":[69,144,140],"product_tag":[],"class_list":{"0":"post-10268","1":"product","2":"type-product","3":"status-publish","4":"has-post-thumbnail","6":"product_cat-vyzivove-doplnky","7":"product_cat-dychacie-cesty","8":"product_cat-posilnenie-imunity","10":"first","11":"instock","12":"taxable","13":"shipping-taxable","14":"purchasable","15":"product-type-simple"},"aioseo_notices":[],"_links":{"self":[{"href":"https:\/\/www.biokari.sk\/en\/wp-json\/wp\/v2\/product\/10268","targetHints":{"allow":["GET"]}}],"collection":[{"href":"https:\/\/www.biokari.sk\/en\/wp-json\/wp\/v2\/product"}],"about":[{"href":"https:\/\/www.biokari.sk\/en\/wp-json\/wp\/v2\/types\/product"}],"replies":[{"embeddable":true,"href":"https:\/\/www.biokari.sk\/en\/wp-json\/wp\/v2\/comments?post=10268"}],"wp:featuredmedia":[{"embeddable":true,"href":"https:\/\/www.biokari.sk\/en\/wp-json\/wp\/v2\/media\/10269"}],"wp:attachment":[{"href":"https:\/\/www.biokari.sk\/en\/wp-json\/wp\/v2\/media?parent=10268"}],"wp:term":[{"taxonomy":"product_brand","embeddable":true,"href":"https:\/\/www.biokari.sk\/en\/wp-json\/wp\/v2\/product_brand?post=10268"},{"taxonomy":"product_cat","embeddable":true,"href":"https:\/\/www.biokari.sk\/en\/wp-json\/wp\/v2\/product_cat?post=10268"},{"taxonomy":"product_tag","embeddable":true,"href":"https:\/\/www.biokari.sk\/en\/wp-json\/wp\/v2\/product_tag?post=10268"}],"curies":[{"name":"wp","href":"https:\/\/api.w.org\/{rel}","templated":true}]}}