{"id":10285,"date":"2025-10-23T11:00:37","date_gmt":"2025-10-23T09:00:37","guid":{"rendered":"https:\/\/www.biokari.sk\/produkt\/liecive-vody-jodaqua-200ml\/"},"modified":"2026-04-25T22:30:01","modified_gmt":"2026-04-25T20:30:01","slug":"liecive-vody-jodaqua-200ml","status":"publish","type":"product","link":"https:\/\/www.biokari.sk\/en\/product\/liecive-vody-jodaqua-200ml\/","title":{"rendered":"Lie\u010div\u00e9 vody &#8211; J\u00f3daqua 200ml"},"content":{"rendered":"<p><strong>J\u00f3daqua\u00ae<\/strong> je <strong>100 % pr\u00edrodn\u00e1 j\u00f3dov\u00e1 lie\u010div\u00e1 voda<\/strong>, poch\u00e1dzaj\u00faca z <strong>p\u00f4vodn\u00e9ho pramenn\u00e9ho koncentr\u00e1tu pravek\u00e9ho mora<\/strong>, s <strong>preuk\u00e1zan\u00fdm fyziologick\u00fdm \u00fa\u010dinkom<\/strong>.<\/p>\n\n\n\n<p>Unik\u00e1tnos\u0165 tejto vody spo\u010d\u00edva v tom, \u017ee <strong>1,5\u20132 ml<\/strong> \u00faplne pokr\u00fdva <strong>odpor\u00fa\u010dan\u00fa denn\u00fa d\u00e1vku j\u00f3du<\/strong> pod\u013ea <strong>Svetovej zdravotn\u00edckej organiz\u00e1cie (WHO)<\/strong>. Okrem j\u00f3du obsahuje aj <strong>viacero makro- a mikroprvkov<\/strong>, ktor\u00fdch <strong>synergick\u00e9 p\u00f4sobenie<\/strong> podporuje lep\u0161ie vstreb\u00e1vanie a vyu\u017eite\u013enos\u0165 j\u00f3du v organizme.<\/p>\n\n\n\n<p><strong>Packaging:<\/strong> 200 ml (pod\u013ea d\u00e1vkovania posta\u010d\u00ed na <strong>3\u20136 mesiacov j\u00f3dovej suplement\u00e1cie<\/strong>).<\/p>\n\n\n\n<h3 class=\"wp-block-heading\"><strong>\u00daloha j\u00f3du v tele<\/strong><\/h3>\n\n\n\n<p>J\u00f3d je <strong>esenci\u00e1lny stopov\u00fd prvok<\/strong>, ktor\u00fd sa z\u00fa\u010dast\u0148uje <strong>stoviek biochemick\u00fdch procesov<\/strong> v tele. Je nevyhnutn\u00fd najm\u00e4 pre <strong>tvorbu horm\u00f3nov \u0161t\u00edtnej \u017e\u013eazy (tyrox\u00edn \u2013 T4 a trij\u00f3dtyron\u00edn \u2013 T3)<\/strong>.<\/p>\n\n\n\n<p><strong>Dlhodob\u00fd nedostatok j\u00f3du<\/strong> m\u00f4\u017ee vies\u0165 k z\u00e1va\u017en\u00fdm poruch\u00e1m, ako s\u00fa:<\/p>\n\n\n\n<ul class=\"wp-block-list\">\n<li>struma (zv\u00e4\u010d\u0161enie \u0161t\u00edtnej \u017e\u013eazy),<\/li>\n\n\n\n<li>poruchy metabolizmu tukov, cukrov a bielkov\u00edn,<\/li>\n\n\n\n<li>obezita, zv\u00fd\u0161en\u00e1 hladina cholesterolu,<\/li>\n\n\n\n<li>z\u00e1pcha, \u00fanava, such\u00e1 poko\u017eka,<\/li>\n\n\n\n<li>zn\u00ed\u017een\u00e1 plodnos\u0165, potraty, \u00famrtia novorodencov,<\/li>\n\n\n\n<li>vroden\u00e1 hypotyre\u00f3za, ment\u00e1lna a fyzick\u00e1 retard\u00e1cia.<\/li>\n<\/ul>\n\n\n\n<p>Pod\u013ea celo\u0161t\u00e1tnych v\u00fdskumov m\u00e1 <strong>a\u017e 80 % obyvate\u013eov Ma\u010farska nedostato\u010dn\u00e9 mno\u017estvo j\u00f3du<\/strong>, ke\u010f\u017ee pitn\u00e1 voda obsahuje menej ako <strong>50 \u00b5g\/l j\u00f3du<\/strong>.<\/p>\n\n\n\n<hr class=\"wp-block-separator has-alpha-channel-opacity\" \/>\n\n\n\n<h3 class=\"wp-block-heading\"><strong>Odpor\u00fa\u010dan\u00e9 denn\u00e9 d\u00e1vkovanie J\u00f3daqua\u00ae vody<\/strong><\/h3>\n\n\n\n<p><em>(na prevenciu a lie\u010dbu j\u00f3dov\u00e9ho deficitu)<\/em><\/p>\n\n\n\n<figure class=\"wp-block-table\"><table class=\"has-fixed-layout\"><thead><tr><th>Vekov\u00e1 skupina<\/th><th>WHO odpor\u00fa\u010dan\u00e1 denn\u00e1 d\u00e1vka j\u00f3du<\/th><th>Prevencia<\/th><th>Lie\u010dba*<\/th><\/tr><\/thead><tbody><tr><td>Do 5 rokov<\/td><td>90 \u00b5g<\/td><td>0,5\u20131 ml (0,5\u20131 mokka ly\u017ei\u010dka)<\/td><td>1\u20132 ml (1\u20132 mokka ly\u017ei\u010dky)<\/td><\/tr><tr><td>6\u201312 rokov<\/td><td>120 \u00b5g<\/td><td>1 ml<\/td><td>-<\/td><\/tr><tr><td>Od 13 rokov<\/td><td>150 \u00b5g<\/td><td>1,5 ml<\/td><td>2\u20132,5 ml<\/td><\/tr><tr><td>Tehotn\u00e9 a doj\u010diace \u017eeny<\/td><td>250 \u00b5g<\/td><td>2 ml<\/td><td>-<\/td><\/tr><\/tbody><\/table><\/figure>\n\n\n\n<p>*Pri u\u017e vzniknutej strume \u2013 <strong>iba pod lek\u00e1rskym doh\u013eadom.<\/strong><\/p>\n\n\n\n<h3 class=\"wp-block-heading\"><strong>Application:<\/strong><\/h3>\n\n\n\n<p>J\u00f3daqua\u00ae mo\u017eno <strong>rozpusti\u0165 vo vode, ovocnej \u0161\u0165ave alebo \u010daji.<\/strong><br><strong>Nepou\u017e\u00edva\u0165<\/strong> pri <strong>zv\u00fd\u0161enej funkcii \u0161t\u00edtnej \u017e\u013eazy (hypertyre\u00f3ze)<\/strong>, <strong>uzlovitej strume<\/strong> or <strong>z\u00e1palov\u00fdch ochoreniach \u0161t\u00edtnej \u017e\u013eazy.<\/strong><\/p>\n\n\n\n<h3 class=\"wp-block-heading\"><strong>Zlo\u017eenie (pod\u013ea vy\u0161etrenia N\u00e1rodn\u00e9ho \u00fastavu verejn\u00e9ho zdravia):<\/strong><\/h3>\n\n\n\n<figure class=\"wp-block-table\"><table class=\"has-fixed-layout\"><thead><tr><th>Zlo\u017eka<\/th><th>mg\/l<\/th><th>Thanov ekvivalent %<\/th><\/tr><\/thead><tbody><tr><td>Drasl\u00edk (K)<\/td><td>20,0<\/td><td>0,16<\/td><\/tr><tr><td>Sod\u00edk (Na)<\/td><td>6700,0<\/td><td>94,46<\/td><\/tr><tr><td>Amonium (NH\u2084\u207a)<\/td><td>20,4<\/td><td>0,34<\/td><\/tr><tr><td>V\u00e1pnik (Ca)<\/td><td>202,0<\/td><td>3,27<\/td><\/tr><tr><td>Hor\u010d\u00edk (Mg)<\/td><td>62,0<\/td><td>1,66<\/td><\/tr><tr><td>\u017delezo (Fe)<\/td><td>7,0<\/td><td>0,08<\/td><\/tr><tr><td>L\u00edtium (Li)<\/td><td>1,5<\/td><td>-<\/td><\/tr><tr><td>Chloridy<\/td><td>10520,0<\/td><td>97,40<\/td><\/tr><tr><td>Bromidy<\/td><td>115,0<\/td><td>0,47<\/td><\/tr><tr><td>Jodidy<\/td><td>100,0<\/td><td>0,25<\/td><\/tr><tr><td>Hydrog\u00e9nuhli\u010ditany<\/td><td>348,0<\/td><td>1,87<\/td><\/tr><tr><td>Metab\u00f3rna kyselina<\/td><td>42,0<\/td><td>-<\/td><\/tr><tr><td>Metakremi\u010dit\u00e1 kyselina<\/td><td>15,0<\/td><td>-<\/td><\/tr><\/tbody><\/table><\/figure>\n\n\n\n<h3 class=\"wp-block-heading\"><strong>Zauj\u00edmavosti o p\u00f4vode:<\/strong><\/h3>\n\n\n\n<p>Prame\u0148 sa nach\u00e1dza v <strong>S\u00f3sharty\u00e1ne<\/strong> (Ma\u010farsko) v h\u013abke <strong>530 m<\/strong>. Ide o <strong>fossz\u00edlne oligoc\u00e9nne morsk\u00e9 vody<\/strong>, star\u00e9 <strong>20\u201325 mili\u00f3nov rokov<\/strong>. Lie\u010div\u00e1 sila tamoj\u0161ieho slan\u00e9ho prame\u0148a je <strong>zdokumentovan\u00e1 u\u017e od roku 1710<\/strong>.<\/p>\n\n\n\n<p>Voda sa \u010derp\u00e1 zo <strong>s\u00fa\u010dasn\u00e9ho vrtu z roku 1949<\/strong>, a v roku <strong>2012<\/strong> z\u00edskala pr\u00e1vo pou\u017e\u00edva\u0165 ozna\u010denie <strong>\u201eMagyar Term\u00e9k\u00ae\u201c (Ma\u010farsk\u00fd produkt)<\/strong>.<\/p>\n\n\n\n<hr class=\"wp-block-separator has-alpha-channel-opacity\" \/>\n\n\n\n<p><strong>100 % ma\u010farsk\u00fd v\u00fdrobok:<\/strong><\/p>\n\n\n\n<ul class=\"wp-block-list\">\n<li>poch\u00e1dza z <strong>ma\u010farsk\u00e9ho lo\u017eiska<\/strong>,<\/li>\n\n\n\n<li>\u0165a\u017een\u00fd <strong>ma\u010farskou technol\u00f3giou<\/strong>,<\/li>\n\n\n\n<li>spracovan\u00fd <strong>ma\u010farskou pracovnou silou<\/strong>.<\/li>\n\n\n\n<li><\/li>\n\n\n\n<li><strong>Country of origin:<\/strong> Ma\u010farsko<\/li>\n<\/ul>","protected":false},"excerpt":{"rendered":"<p>&#8230; <a class=\"more-link\" href=\"#tab-description\">Read more<\/a><\/p>","protected":false},"featured_media":10287,"comment_status":"open","ping_status":"closed","template":"","meta":{"inline_featured_image":false},"product_brand":[],"product_cat":[69],"product_tag":[311],"class_list":{"0":"post-10285","1":"product","2":"type-product","3":"status-publish","4":"has-post-thumbnail","6":"product_cat-vyzivove-doplnky","7":"product_tag-top-vyzivove-doplnky","9":"first","10":"instock","11":"taxable","12":"shipping-taxable","13":"purchasable","14":"product-type-simple"},"aioseo_notices":[],"_links":{"self":[{"href":"https:\/\/www.biokari.sk\/en\/wp-json\/wp\/v2\/product\/10285","targetHints":{"allow":["GET"]}}],"collection":[{"href":"https:\/\/www.biokari.sk\/en\/wp-json\/wp\/v2\/product"}],"about":[{"href":"https:\/\/www.biokari.sk\/en\/wp-json\/wp\/v2\/types\/product"}],"replies":[{"embeddable":true,"href":"https:\/\/www.biokari.sk\/en\/wp-json\/wp\/v2\/comments?post=10285"}],"wp:featuredmedia":[{"embeddable":true,"href":"https:\/\/www.biokari.sk\/en\/wp-json\/wp\/v2\/media\/10287"}],"wp:attachment":[{"href":"https:\/\/www.biokari.sk\/en\/wp-json\/wp\/v2\/media?parent=10285"}],"wp:term":[{"taxonomy":"product_brand","embeddable":true,"href":"https:\/\/www.biokari.sk\/en\/wp-json\/wp\/v2\/product_brand?post=10285"},{"taxonomy":"product_cat","embeddable":true,"href":"https:\/\/www.biokari.sk\/en\/wp-json\/wp\/v2\/product_cat?post=10285"},{"taxonomy":"product_tag","embeddable":true,"href":"https:\/\/www.biokari.sk\/en\/wp-json\/wp\/v2\/product_tag?post=10285"}],"curies":[{"name":"wp","href":"https:\/\/api.w.org\/{rel}","templated":true}]}}