{"id":10293,"date":"2025-10-23T11:30:58","date_gmt":"2025-10-23T09:30:58","guid":{"rendered":"https:\/\/www.biokari.sk\/produkt\/naturmind-instantna-ryzova-kasa-300g\/"},"modified":"2026-04-29T19:03:13","modified_gmt":"2026-04-29T17:03:13","slug":"naturmind-instantna-ryzova-kasa-300g","status":"publish","type":"product","link":"https:\/\/www.biokari.sk\/en\/product\/naturmind-instantna-ryzova-kasa-300g\/","title":{"rendered":"Naturmind Instantn\u00e1 Ry\u017eov\u00e1 ka\u0161a 300g"},"content":{"rendered":"<p><strong>Recommended use:<\/strong> vhodn\u00e9 na pr\u00edpravu <strong>pr\u00edrodn\u00fdch, zeleninov\u00fdch alebo ovocn\u00fdch ka\u0161\u00ed<\/strong>, ako aj na <strong>zahus\u0165ovanie polievok a om\u00e1\u010dok.<\/strong><\/p>\n\n\n\n<p><strong>N\u00e1vod na pr\u00edpravu:<\/strong><br>Zmes zalejte <strong>ry\u017eov\u00fdm n\u00e1pojom alebo vodou s teplotou 80 \u00b0C<\/strong>, nechajte <strong>post\u00e1\u0165 2\u20133 min\u00faty.<\/strong><br>Dochut\u00edte pod\u013ea chuti \u2013 napr\u00edklad <strong>d\u017eemom, hrozienkami alebo str\u00fahan\u00fdm kokosom.<\/strong><\/p>\n\n\n\n<p><strong>V\u00fd\u017eivov\u00e9 \u00fadaje na 100 g v\u00fdrobku:<\/strong><br>Energy: <strong>1550 kJ \/ 365 kcal<\/strong><br>Tuky: <strong>1,4 g<\/strong><br>\u2013 z toho nas\u00fdten\u00e9 mastn\u00e9 kyseliny: <strong>0,2 g<\/strong><br>Sacharidy: <strong>81 g<\/strong><br>\u2013 z toho cukry: <strong>0,2 g<\/strong><br>Bielkoviny: <strong>6 g<\/strong><br>So\u013e: <strong>&lt; 0,01 g<\/strong><\/p>\n\n\n\n<p><strong>Balen\u00e9 v z\u00e1vode bez lepku a alerg\u00e9nov!<\/strong><br><strong>Weight:<\/strong> 300 g<\/p>","protected":false},"excerpt":{"rendered":"<p>Odpor\u00fa\u010dan\u00e9 pou\u017eitie: vhodn\u00e9 na pr\u00edpravu pr\u00edrodn\u00fdch, zeleninov\u00fdch alebo ovocn\u00fdch ka\u0161\u00ed, ako aj na zahus\u0165ovanie polievok a om\u00e1\u010dok&#8230; <a class=\"more-link\" href=\"#tab-description\">Read more<\/a><\/p>","protected":false},"featured_media":10295,"comment_status":"open","ping_status":"closed","template":"","meta":{"inline_featured_image":false},"product_brand":[283],"product_cat":[71,172],"product_tag":[280,312,281],"class_list":{"0":"post-10293","1":"product","2":"type-product","3":"status-publish","4":"has-post-thumbnail","6":"product_brand-biorganik-naturmind","7":"product_cat-potraviny","8":"product_cat-musli-vlocky","9":"product_tag-bezglutenove","10":"product_tag-top-potraviny","11":"product_tag-veganske","13":"first","14":"instock","15":"taxable","16":"shipping-taxable","17":"purchasable","18":"product-type-simple"},"aioseo_notices":[],"_links":{"self":[{"href":"https:\/\/www.biokari.sk\/en\/wp-json\/wp\/v2\/product\/10293","targetHints":{"allow":["GET"]}}],"collection":[{"href":"https:\/\/www.biokari.sk\/en\/wp-json\/wp\/v2\/product"}],"about":[{"href":"https:\/\/www.biokari.sk\/en\/wp-json\/wp\/v2\/types\/product"}],"replies":[{"embeddable":true,"href":"https:\/\/www.biokari.sk\/en\/wp-json\/wp\/v2\/comments?post=10293"}],"wp:featuredmedia":[{"embeddable":true,"href":"https:\/\/www.biokari.sk\/en\/wp-json\/wp\/v2\/media\/10295"}],"wp:attachment":[{"href":"https:\/\/www.biokari.sk\/en\/wp-json\/wp\/v2\/media?parent=10293"}],"wp:term":[{"taxonomy":"product_brand","embeddable":true,"href":"https:\/\/www.biokari.sk\/en\/wp-json\/wp\/v2\/product_brand?post=10293"},{"taxonomy":"product_cat","embeddable":true,"href":"https:\/\/www.biokari.sk\/en\/wp-json\/wp\/v2\/product_cat?post=10293"},{"taxonomy":"product_tag","embeddable":true,"href":"https:\/\/www.biokari.sk\/en\/wp-json\/wp\/v2\/product_tag?post=10293"}],"curies":[{"name":"wp","href":"https:\/\/api.w.org\/{rel}","templated":true}]}}