{"id":10316,"date":"2025-10-24T09:48:34","date_gmt":"2025-10-24T07:48:34","guid":{"rendered":"https:\/\/www.biokari.sk\/produkt\/myrobalan-metadia-kapsuly-na-metaboliznus-60ks\/"},"modified":"2026-01-27T08:41:56","modified_gmt":"2026-01-27T07:41:56","slug":"myrobalan-metadia-kapsuly-na-metaboliznus-60ks","status":"publish","type":"product","link":"https:\/\/www.biokari.sk\/en\/product\/myrobalan-metadia-kapsuly-na-metaboliznus-60ks\/","title":{"rendered":"Myrobalan MetaDia kapsuly na metaboliznus 60ks"},"content":{"rendered":"<p>MetaDia je synergick\u00e1 kombin\u00e1cia \u0161tyroch \u00fa\u010dinn\u00fdch l\u00e1tok, ktor\u00e9 prirodzene podporuj\u00fa rovnov\u00e1hu hladiny cukru v krvi, zlep\u0161uj\u00fa inzul\u00ednov\u00fa citlivos\u0165 a harmonizuj\u00fa metabolick\u00e9 procesy. Bohat\u00e9 zlo\u017eenie na miner\u00e1ly a antioxidanty, ako je <strong>magn\u00e9zium-bisglycin\u00e1t, R-alfa-lipoov\u00e1 kyselina, zinok-pikolin\u00e1t a chr\u00f3m-pikolin\u00e1t<\/strong>, napom\u00e1ha efekt\u00edvnemu vyu\u017eitiu gluk\u00f3zy bunkami, tvorbe bunkovej energie (ATP) a poskytuje ochranu pred oxida\u010dn\u00fdm stresom a chronick\u00fdm z\u00e1palom. MetaDia podporuje nielen zdrav\u00fd metabolizmus cukrov, ale m\u00e1 priazniv\u00fd vplyv aj na <strong>nervov\u00fd syst\u00e9m, srdcovo-cievny syst\u00e9m a imunitu<\/strong>.<\/p>\n\n\n\n<p>N\u00e1zov MetaDia vznikol spojen\u00edm dvoch slov \u2013 <strong>\u201eMeta\u201c<\/strong> poch\u00e1dza zo slova <em>Metabolism<\/em>, teda l\u00e1tkov\u00e1 v\u00fdmena, a <strong>\u201eDia\u201c<\/strong> z gr\u00e9ckeho slova <em>diabetes<\/em>, \u010do znamen\u00e1 \u201eprech\u00e1dzanie\u201c. Spolu tak symbolizuj\u00fa rovnov\u00e1hu metabolizmu a prevenciu procesov, ktor\u00e9 m\u00f4\u017eu vies\u0165 k cukrovke \u2013 prirodzene, bez ved\u013eaj\u0161\u00edch \u00fa\u010dinkov.<\/p>\n\n\n\n<p>\u00da\u010dinnos\u0165 kapsuly MetaDia je zalo\u017een\u00e1 na starostlivo vybran\u00fdch, 100 % pr\u00edrodn\u00fdch l\u00e1tkach. <strong>Magn\u00e9zium-bisglycin\u00e1t<\/strong> zlep\u0161uje inzul\u00ednov\u00fa citlivos\u0165, podporuje vstreb\u00e1vanie gluk\u00f3zy bunkami, podie\u013ea sa na tvorbe energie a pom\u00e1ha udr\u017eiava\u0165 rovnov\u00e1hu nervov\u00e9ho syst\u00e9mu. <strong>R-alfa-lipoov\u00e1 kyselina<\/strong> p\u00f4sob\u00ed ako siln\u00fd antioxidant, ktor\u00fd zni\u017euje oxida\u010dn\u00fd stres, podporuje detoxik\u00e1ciu pe\u010dene a chr\u00e1ni perif\u00e9rne nervy. <strong>Zinok-pikolin\u00e1t<\/strong> prispieva k spr\u00e1vnej funkcii enz\u00fdmov, tvorbe inzul\u00ednu, regener\u00e1cii buniek a posil\u0148uje imunitu. <strong>Chr\u00f3m-pikolin\u00e1t<\/strong> zlep\u0161uje reakciu buniek na inzul\u00edn, pom\u00e1ha udr\u017eiava\u0165 hladinu cukru v krvi v rovnov\u00e1he a zmier\u0148uje chu\u0165 na sladk\u00e9.<\/p>\n\n\n\n<p>MetaDia podporuje stabiliz\u00e1ciu hladiny cukru v krvi, zlep\u0161uje metabolizmus gluk\u00f3zy v svaloch, zni\u017euje oxida\u010dn\u00fd stres a z\u00e1paly, podporuje tvorbu energie, ment\u00e1lnu svie\u017eos\u0165, spr\u00e1vnu \u010dinnos\u0165 pe\u010dene a imunitn\u00e9ho syst\u00e9mu. Vhodn\u00e1 je pre \u013eud\u00ed s <strong>inzul\u00ednovou rezistenciou, prediabetom, metabolick\u00fdm syndr\u00f3mom, chronickou \u00fanavou alebo zv\u00fd\u0161en\u00fdm oxida\u010dn\u00fdm stresom<\/strong>, ako aj pri potrebe posilni\u0165 imunitu po\u010das fyzickej alebo psychickej z\u00e1\u0165a\u017ee.<\/p>\n\n\n\n<p>Naru\u0161enie metabolickej rovnov\u00e1hy sa m\u00f4\u017ee prejavi\u0165 \u00fanavou, kol\u00edsan\u00edm hladiny cukru v krvi, priberan\u00edm v oblasti brucha, tr\u00e1viacimi \u0165a\u017ekos\u0165ami, z\u00e1vratmi, mrav\u010den\u00edm kon\u010dat\u00edn, pomal\u00fdm hojen\u00edm r\u00e1n, \u010dast\u00fdmi infekciami \u010di zn\u00ed\u017eenou koncentr\u00e1ciou a ment\u00e1lnou \u00fanavou. MetaDia p\u00f4sob\u00ed pr\u00e1ve na tieto k\u013e\u00fa\u010dov\u00e9 body metabolizmu a pom\u00e1ha organizmu z\u00edska\u0165 sp\u00e4\u0165 prirodzen\u00fa rovnov\u00e1hu a energiu.<\/p>\n\n\n\n<p><strong>MetaDia je 100 % veg\u00e1nsky, bezlepkov\u00fd a bezlakt\u00f3zov\u00fd v\u00fd\u017eivov\u00fd doplnok<\/strong>, vyr\u00e1ban\u00fd v Ma\u010farsku z \u010dist\u00fdch pr\u00edrodn\u00fdch surov\u00edn, bez pr\u00eddavn\u00fdch l\u00e1tok a GMO. V\u010faka svojej \u0161etrnej a prirodzenej formul\u00e1cii je vhodn\u00fd aj na dlhodob\u00e9 u\u017e\u00edvanie bez ved\u013eaj\u0161\u00edch \u00fa\u010dinkov.<\/p>\n\n\n\n<p><strong>Composition:<\/strong> Magn\u00e9zium-bisglycin\u00e1t, R-alfa-lipoov\u00e1 kyselina, Zinok-pikolin\u00e1t, Chr\u00f3m-pikolin\u00e1t.<\/p>\n\n\n\n<p>MetaDia \u2013 prirodzen\u00e9 rie\u0161enie pre rovnov\u00e1hu cukru v krvi a zdrav\u00fd metabolizmus.<\/p>","protected":false},"excerpt":{"rendered":"<p>&#8230; <a class=\"more-link\" href=\"#tab-description\">Read more<\/a><\/p>","protected":false},"featured_media":10317,"comment_status":"open","ping_status":"closed","template":"","meta":{"inline_featured_image":false},"product_brand":[288],"product_cat":[69,141,147,143],"product_tag":[],"class_list":{"0":"post-10316","1":"product","2":"type-product","3":"status-publish","4":"has-post-thumbnail","6":"product_brand-myrobalan","7":"product_cat-vyzivove-doplnky","8":"product_cat-chudnutie","9":"product_cat-pre-diabetikov","10":"product_cat-zaludok-a-crevna-cinnost","12":"first","13":"instock","14":"taxable","15":"shipping-taxable","16":"purchasable","17":"product-type-simple"},"aioseo_notices":[],"_links":{"self":[{"href":"https:\/\/www.biokari.sk\/en\/wp-json\/wp\/v2\/product\/10316","targetHints":{"allow":["GET"]}}],"collection":[{"href":"https:\/\/www.biokari.sk\/en\/wp-json\/wp\/v2\/product"}],"about":[{"href":"https:\/\/www.biokari.sk\/en\/wp-json\/wp\/v2\/types\/product"}],"replies":[{"embeddable":true,"href":"https:\/\/www.biokari.sk\/en\/wp-json\/wp\/v2\/comments?post=10316"}],"wp:featuredmedia":[{"embeddable":true,"href":"https:\/\/www.biokari.sk\/en\/wp-json\/wp\/v2\/media\/10317"}],"wp:attachment":[{"href":"https:\/\/www.biokari.sk\/en\/wp-json\/wp\/v2\/media?parent=10316"}],"wp:term":[{"taxonomy":"product_brand","embeddable":true,"href":"https:\/\/www.biokari.sk\/en\/wp-json\/wp\/v2\/product_brand?post=10316"},{"taxonomy":"product_cat","embeddable":true,"href":"https:\/\/www.biokari.sk\/en\/wp-json\/wp\/v2\/product_cat?post=10316"},{"taxonomy":"product_tag","embeddable":true,"href":"https:\/\/www.biokari.sk\/en\/wp-json\/wp\/v2\/product_tag?post=10316"}],"curies":[{"name":"wp","href":"https:\/\/api.w.org\/{rel}","templated":true}]}}