{"id":10325,"date":"2025-10-24T12:37:02","date_gmt":"2025-10-24T10:37:02","guid":{"rendered":"https:\/\/www.biokari.sk\/produkt\/bioco-vitamin-d3-tabletky-100ks\/"},"modified":"2026-04-30T19:01:23","modified_gmt":"2026-04-30T17:01:23","slug":"bioco-vitamin-d3-tabletky-100ks","status":"publish","type":"product","link":"https:\/\/www.biokari.sk\/en\/product\/bioco-vitamin-d3-tabletky-100ks\/","title":{"rendered":"Bioco Vitam\u00edn D3 tabletky 100ks"},"content":{"rendered":"<p data-start=\"54\" data-end=\"115\">Na podporu <strong data-start=\"65\" data-end=\"112\">zdravej funkcie svalov a imunitn\u00e9ho syst\u00e9mu<\/strong>*<\/p>\n<p data-start=\"117\" data-end=\"346\">Tento pr\u00edpravok obsahuje <strong data-start=\"142\" data-end=\"180\">dvojn\u00e1sobn\u00e9 mno\u017estvo \u00fa\u010dinnej l\u00e1tky<\/strong> v porovnan\u00ed s tabletami <strong data-start=\"205\" data-end=\"225\">BioCo D3-vitamin<\/strong> \u2013 namiesto 50 \u03bcg obsahuje <strong data-start=\"252\" data-end=\"291\">100 \u03bcg vitam\u00ednu D3 v jednej tablete<\/strong>, \u010do zodpoved\u00e1 <strong data-start=\"306\" data-end=\"343\">4000 IU (medzin\u00e1rodn\u00fdm jednotk\u00e1m)<\/strong>.<\/p>\n<p data-start=\"348\" data-end=\"477\">U\u017e\u00edvanie sa odpor\u00fa\u010da v\u0161etk\u00fdm, ktor\u00ed chc\u00fa <strong data-start=\"389\" data-end=\"445\">podpori\u0165 zdrav\u00e9 kosti, zuby a spr\u00e1vnu funkciu svalov<\/strong> zv\u00fd\u0161en\u00fdm pr\u00edjmom vitam\u00ednu D3.<\/p>\n<p data-start=\"479\" data-end=\"700\"><em data-start=\"479\" data-end=\"503\">Vitam\u00edn D prispieva k:<\/em><br data-start=\"503\" data-end=\"506\" \/>\u2013 udr\u017eaniu <strong data-start=\"517\" data-end=\"554\">zdrav\u00fdch kost\u00ed a svalovej funkcie<\/strong>,<br data-start=\"555\" data-end=\"558\" \/>\u2013 zachovaniu <strong data-start=\"571\" data-end=\"597\">norm\u00e1lneho stavu zubov<\/strong>,<br data-start=\"598\" data-end=\"601\" \/>\u2013 spr\u00e1vnemu <strong data-start=\"613\" data-end=\"646\">fungovaniu imunitn\u00e9ho syst\u00e9mu<\/strong>,<br data-start=\"647\" data-end=\"650\" data-is-only-node=\"\" \/>\u2013 norm\u00e1lnemu <strong data-start=\"663\" data-end=\"697\">vstreb\u00e1vaniu v\u00e1pnika a fosforu<\/strong>.<\/p>\n<p data-start=\"702\" data-end=\"834\"><strong data-start=\"702\" data-end=\"722\">Charakteristika:<\/strong><br data-start=\"722\" data-end=\"725\" \/>\u2013 zv\u00fd\u0161en\u00e1 d\u00e1vka: <strong data-start=\"742\" data-end=\"765\">4000 IU vitam\u00ednu D3<\/strong>,<br data-start=\"766\" data-end=\"769\" \/>- <strong data-start=\"771\" data-end=\"798\">ma\u010farsk\u00fd v\u00fdvoj a v\u00fdroba<\/strong>,<br data-start=\"799\" data-end=\"802\" \/>- <strong data-start=\"804\" data-end=\"831\">vhodn\u00e9 pre vegetari\u00e1nov<\/strong>.<\/p>\n<p data-start=\"836\" data-end=\"930\"><strong data-start=\"836\" data-end=\"862\">Recommended dosage:<\/strong><br data-start=\"862\" data-end=\"865\" \/>Dospel\u00ed: 1 tableta denne, zapi\u0165 dostato\u010dn\u00fdm mno\u017estvom tekutiny.<\/p>\n<p data-start=\"932\" data-end=\"1094\"><strong data-start=\"932\" data-end=\"945\">Composition:<\/strong><br data-start=\"945\" data-end=\"948\" \/>plnidlo (mikrokry\u0161talick\u00e1 celul\u00f3za), maltodextr\u00edn, le\u0161tiaca l\u00e1tka (mastn\u00e9 kyseliny), protihrudkuj\u00faca l\u00e1tka (mastencov\u00fd pr\u00e1\u0161ok), cholekalciferol.<\/p>\n<p data-start=\"1096\" data-end=\"1298\" data-is-last-node=\"\" data-is-only-node=\"\"><strong data-start=\"1096\" data-end=\"1115\">V\u00fd\u017eivov\u00e9 \u00fadaje:<\/strong><br data-start=\"1115\" data-end=\"1118\" \/>\u00da\u010dinn\u00e1 l\u00e1tka v 1 tablete:<br data-start=\"1143\" data-end=\"1146\" \/>Vitam\u00edn D3 \u2013 100 \u00b5g (4000 IU)** = 2000 % <em data-start=\"1187\" data-end=\"1192\">NRV<\/em><br data-start=\"1192\" data-end=\"1195\" \/><em data-start=\"1195\" data-end=\"1242\">NRV \u2013 referen\u010dn\u00e1 hodnota pr\u00edjmu pre dospel\u00fdch<\/em><br data-start=\"1242\" data-end=\"1245\" \/><strong data-start=\"1245\" data-end=\"1296\">IU (International Unit = medzin\u00e1rodn\u00e1 jednotka)<\/strong><\/p>","protected":false},"excerpt":{"rendered":"<p>Short Description:<br \/>\nV\u00fd\u017eivov\u00fd doplnok obsahuj\u00faci vitam\u00edn D3 (kolekalciferol) v d\u00e1vke 2000?IU (50?\u00b5g) na tabletu. Vitam\u00edn D3 prispieva k norm\u00e1lnej funkcii kost\u00ed, svalov, zubov, imunitn\u00e9mu syst\u00e9mu a vstreb\u00e1vaniu v\u00e1pnika a fosforu<\/p>\n<p>Zlo\u017eenie (v 1 tablete):<\/p>\n<p>Vitam\u00edn D3 (kolekalciferol) \u2013 2000?IU = 50?\u00b5g?<\/p>\n<p>&#8230; <a class=\"more-link\" href=\"#tab-description\">Read more<\/a><\/p>","protected":false},"featured_media":10328,"comment_status":"open","ping_status":"closed","template":"","meta":{"inline_featured_image":false},"product_brand":[],"product_cat":[69,146,140,142],"product_tag":[],"class_list":{"0":"post-10325","1":"product","2":"type-product","3":"status-publish","4":"has-post-thumbnail","6":"product_cat-vyzivove-doplnky","7":"product_cat-klby-a-reuma","8":"product_cat-posilnenie-imunity","9":"product_cat-srdcovo-cievny-system","11":"first","12":"instock","13":"taxable","14":"shipping-taxable","15":"purchasable","16":"product-type-simple"},"aioseo_notices":[],"_links":{"self":[{"href":"https:\/\/www.biokari.sk\/en\/wp-json\/wp\/v2\/product\/10325","targetHints":{"allow":["GET"]}}],"collection":[{"href":"https:\/\/www.biokari.sk\/en\/wp-json\/wp\/v2\/product"}],"about":[{"href":"https:\/\/www.biokari.sk\/en\/wp-json\/wp\/v2\/types\/product"}],"replies":[{"embeddable":true,"href":"https:\/\/www.biokari.sk\/en\/wp-json\/wp\/v2\/comments?post=10325"}],"wp:featuredmedia":[{"embeddable":true,"href":"https:\/\/www.biokari.sk\/en\/wp-json\/wp\/v2\/media\/10328"}],"wp:attachment":[{"href":"https:\/\/www.biokari.sk\/en\/wp-json\/wp\/v2\/media?parent=10325"}],"wp:term":[{"taxonomy":"product_brand","embeddable":true,"href":"https:\/\/www.biokari.sk\/en\/wp-json\/wp\/v2\/product_brand?post=10325"},{"taxonomy":"product_cat","embeddable":true,"href":"https:\/\/www.biokari.sk\/en\/wp-json\/wp\/v2\/product_cat?post=10325"},{"taxonomy":"product_tag","embeddable":true,"href":"https:\/\/www.biokari.sk\/en\/wp-json\/wp\/v2\/product_tag?post=10325"}],"curies":[{"name":"wp","href":"https:\/\/api.w.org\/{rel}","templated":true}]}}