{"id":10329,"date":"2025-10-24T13:23:12","date_gmt":"2025-10-24T11:23:12","guid":{"rendered":"https:\/\/www.biokari.sk\/produkt\/bihar-kincse-nechtikovo-lubovnikovy-krem-100g\/"},"modified":"2026-02-08T18:01:27","modified_gmt":"2026-02-08T17:01:27","slug":"bihar-kincse-nechtikovo-lubovnikovy-krem-100g","status":"publish","type":"product","link":"https:\/\/www.biokari.sk\/en\/product\/bihar-kincse-nechtikovo-lubovnikovy-krem-100g\/","title":{"rendered":"Bihar Kincse Necht\u00edkovo-lubovn\u00edkov\u00fd kr\u00e9m 100g"},"content":{"rendered":"<p><strong>Composition:<\/strong> \u017eivo\u010d\u00ed\u0161ne tuky, v\u010del\u00ed vosk, extrakt z necht\u00edka lek\u00e1rskeho a \u013eubovn\u00edka bodkovan\u00e9ho.<\/p>\n\n\n\n<p><strong>Tradi\u010dn\u00e9 pou\u017eitie v \u013eudovom lie\u010dite\u013estve:<\/strong> mas\u0165 je vhodn\u00e1 pri <strong>vlhkom alebo suchom ekz\u00e9me, vredoch, k\u0155\u010dov\u00fdch \u017eil\u00e1ch, otlakoch, popraskan\u00fdch p\u00e4t\u00e1ch, ko\u017en\u00fdch z\u00e1paloch, lupienke, ran\u00e1ch a pop\u00e1lenin\u00e1ch, vredov\u00fdch ochoreniach, ko\u017en\u00fdch rozto\u010doch, z\u00e1paloch k\u013abov, uzl\u00edkoch, nekr\u00f3ze, vonkaj\u0161\u00edch hemoroidoch a ples\u0148ov\u00fdch infekci\u00e1ch<\/strong>.<\/p>\n\n\n\n<p><strong>Recommended use:<\/strong> pod\u013ea z\u00e1va\u017enosti \u0165a\u017ekost\u00ed <strong>nan\u00e1\u0161ajte mas\u0165 2\u20133-kr\u00e1t denne<\/strong> v tenkej vrstve na postihnut\u00e9 miesto. Pri vredoch, k\u0155\u010dov\u00fdch \u017eil\u00e1ch alebo vonkaj\u0161\u00edch hemoroidoch <strong>pou\u017e\u00edvajte 3\u20134-kr\u00e1t denne<\/strong>.<\/p>\n\n\n\n<p>Texty, zoznamy zlo\u017eiek a inform\u00e1cie o v\u00fdrobku sa sna\u017e\u00edme udr\u017eiava\u0165 aktu\u00e1lne, av\u0161ak m\u00f4\u017ee sa sta\u0165, \u017ee zmeny v\u00fdrobcu nevieme okam\u017eite zoh\u013eadni\u0165. <strong>Pred pou\u017eit\u00edm si v\u017edy pre\u010d\u00edtajte inform\u00e1cie uveden\u00e9 na obale v\u00fdrobku.<\/strong><\/p>\n\n\n\n<p><strong>Volume:<\/strong> 100 ml<\/p>","protected":false},"excerpt":{"rendered":"<p>&#8230; <a class=\"more-link\" href=\"#tab-description\">Read more<\/a><\/p>","protected":false},"featured_media":10330,"comment_status":"open","ping_status":"closed","template":"","meta":{"inline_featured_image":false},"product_brand":[],"product_cat":[249,19],"product_tag":[],"class_list":{"0":"post-10329","1":"product","2":"type-product","3":"status-publish","4":"has-post-thumbnail","6":"product_cat-kozmeticke-vyrobky","7":"product_cat-ostatne","9":"first","10":"onbackorder","11":"taxable","12":"shipping-taxable","13":"purchasable","14":"product-type-simple"},"aioseo_notices":[],"_links":{"self":[{"href":"https:\/\/www.biokari.sk\/en\/wp-json\/wp\/v2\/product\/10329","targetHints":{"allow":["GET"]}}],"collection":[{"href":"https:\/\/www.biokari.sk\/en\/wp-json\/wp\/v2\/product"}],"about":[{"href":"https:\/\/www.biokari.sk\/en\/wp-json\/wp\/v2\/types\/product"}],"replies":[{"embeddable":true,"href":"https:\/\/www.biokari.sk\/en\/wp-json\/wp\/v2\/comments?post=10329"}],"wp:featuredmedia":[{"embeddable":true,"href":"https:\/\/www.biokari.sk\/en\/wp-json\/wp\/v2\/media\/10330"}],"wp:attachment":[{"href":"https:\/\/www.biokari.sk\/en\/wp-json\/wp\/v2\/media?parent=10329"}],"wp:term":[{"taxonomy":"product_brand","embeddable":true,"href":"https:\/\/www.biokari.sk\/en\/wp-json\/wp\/v2\/product_brand?post=10329"},{"taxonomy":"product_cat","embeddable":true,"href":"https:\/\/www.biokari.sk\/en\/wp-json\/wp\/v2\/product_cat?post=10329"},{"taxonomy":"product_tag","embeddable":true,"href":"https:\/\/www.biokari.sk\/en\/wp-json\/wp\/v2\/product_tag?post=10329"}],"curies":[{"name":"wp","href":"https:\/\/api.w.org\/{rel}","templated":true}]}}