{"id":10350,"date":"2025-10-24T17:49:33","date_gmt":"2025-10-24T15:49:33","guid":{"rendered":"https:\/\/www.biokari.sk\/produkt\/wtn-kapsuly-na-hystaminu-90ks\/"},"modified":"2026-04-23T19:01:20","modified_gmt":"2026-04-23T17:01:20","slug":"wtn-kapsuly-na-hystaminu-90ks","status":"publish","type":"product","link":"https:\/\/www.biokari.sk\/en\/product\/wtn-kapsuly-na-hystaminu-90ks\/","title":{"rendered":"WTN Kapsuly na hystaminu 90ks"},"content":{"rendered":"<p>Po\u010das ka\u017edodenn\u00e9ho \u017eivota je n\u00e1\u0161 organizmus vystaven\u00fd mno\u017estvu vonkaj\u0161\u00edch vplyvov \u2013 prachov\u00fdm \u010dasticiam vo vzduchu, sez\u00f3nnym zmen\u00e1m \u010di stresu, ktor\u00e9 m\u00f4\u017eu ovplyvni\u0165 prirodzen\u00fa rovnov\u00e1hu tela. V tak\u00fdchto obdobiach je obzvl\u00e1\u0161\u0165 d\u00f4le\u017eit\u00e9, aby <strong>imunitn\u00fd syst\u00e9m a d\u00fdchacie cesty<\/strong> zostali v rovnov\u00e1he a spr\u00e1vne fungovali.<\/p>\n\n\n\n<p><strong>WTN HistamEASE\u2122<\/strong> obsahuje starostlivo vybran\u00e9 rastlinn\u00e9 extrakty, ktor\u00e9 <strong>spolo\u010dne pom\u00e1haj\u00fa organizmu harmonicky reagova\u0165 na zmeny prostredia<\/strong> \u2013 \u010di u\u017e ide o v\u00fdzvy jarn\u00e9ho a letn\u00e9ho obdobia alebo ka\u017edodenn\u00e9 environment\u00e1lne za\u0165a\u017eenie.<\/p>\n\n\n\n<p>Hlavnou zlo\u017ekou pr\u00edpravku je <strong>extrakt z perilly krovitej (Perilla frutescens)<\/strong>, ktor\u00e1 <strong>prispieva k spr\u00e1vnemu fungovaniu imunitn\u00e9ho syst\u00e9mu<\/strong> a k <strong>udr\u017eaniu prirodzenej obranyschopnosti organizmu<\/strong>, najm\u00e4 v obdobiach, ke\u010f s\u00fa <strong>vonkaj\u0161ie vplyvy ako prach \u010di pe\u013e v\u00fdraznej\u0161ie pr\u00edtomn\u00e9<\/strong>.<\/p>\n\n\n\n<p>Perilla z\u00e1rove\u0148 <strong>podporuje zdravie d\u00fdchac\u00edch ciest<\/strong>, \u010do dop\u013a\u0148a <strong>extrakt z k\u00f4ry borovice pr\u00edmorskej (Pinus pinaster)<\/strong> \u2013 ten pom\u00e1ha udr\u017eiava\u0165 <strong>norm\u00e1lnu funkciu d\u00fdchacieho syst\u00e9mu<\/strong> a prispieva k <strong>vo\u013en\u00e9mu d\u00fdchaniu<\/strong>.<\/p>\n\n\n\n<p>Komplex v\u0161ak ide e\u0161te \u010falej. <strong>\u0160i\u0161iak bajkalsk\u00fd (Scutellaria baicalensis)<\/strong> a <strong>borovicov\u00e1 k\u00f4ra<\/strong> v\u010faka svojim <strong>siln\u00fdm antioxida\u010dn\u00fdm vlastnostiam<\/strong> chr\u00e1nia bunky pred po\u0161koden\u00edm sp\u00f4soben\u00fdm oxida\u010dn\u00fdm stresom, \u010d\u00edm <strong>podporuj\u00fa zdrav\u00e9 fungovanie tkan\u00edv<\/strong>. Extrakt z borovicovej k\u00f4ry z\u00e1rove\u0148 <strong>podporuje mikrocirkul\u00e1ciu a udr\u017eiava pevnos\u0165 cievnych stien<\/strong>.<\/p>\n\n\n\n<p>Zmes dop\u013a\u0148a <strong>extrakt z kore\u0148a Coleus forskohlii (indick\u00fd \u017eih\u013eavovn\u00edk)<\/strong>, ktor\u00fd podporuje <strong>metabolick\u00e9 procesy organizmu<\/strong> a prispieva k celkov\u00e9mu \u00fa\u010dinku pr\u00edpravku.<\/p>\n\n\n\n<p><strong>HistamEASE\u2122<\/strong> je \u010dist\u00e1, <strong>bezadit\u00edvna formula<\/strong>, ktor\u00e1 <strong>neobsahuje umel\u00e9 farbiv\u00e1, ar\u00f3my ani konzerva\u010dn\u00e9 l\u00e1tky<\/strong>. Je <strong>bez GMO a bez lepku<\/strong> (obal kapsuly je vyroben\u00fd zo \u017eelat\u00edny).<\/p>\n\n\n\n<p><strong>Composition:<\/strong> extrakt z perilly krovitej, koncentr\u00e1t z kore\u0148a indick\u00e9ho \u017eih\u013eavovn\u00edka (Coleus forskohlii), \u017eelat\u00edna (obal kapsuly), koncentr\u00e1t zo \u0161i\u0161iaka bajkalsk\u00e9ho, extrakt z borovicovej k\u00f4ry.<\/p>\n\n\n\n<p><strong>Obsah akt\u00edvnych l\u00e1tok v 1 minikapsule:<\/strong><br>Perilla frutescens extrakt (5 % polyfenolov), Coleus forskohlii koncentr\u00e1t, Scutellaria baicalensis koncentr\u00e1t, Pinus pinaster extrakt (95 % polyfenolov) \u2013 <strong>115 mg<\/strong>.<\/p>\n\n\n\n<p><strong>WTN HistamEASE\u2122 \u2013 prirodzen\u00e1 podpora pre imunitu, d\u00fdchanie a ochranu buniek pred oxida\u010dn\u00fdm stresom.<\/strong><\/p>\n\n\n\n<p><strong>Quantity:<\/strong> 90ks<\/p>","protected":false},"excerpt":{"rendered":"<p>&#8230; <a class=\"more-link\" href=\"#tab-description\">Read more<\/a><\/p>","protected":false},"featured_media":10352,"comment_status":"open","ping_status":"closed","template":"","meta":{"inline_featured_image":false},"product_brand":[289],"product_cat":[69,143],"product_tag":[311],"class_list":{"0":"post-10350","1":"product","2":"type-product","3":"status-publish","4":"has-post-thumbnail","6":"product_brand-wtn","7":"product_cat-vyzivove-doplnky","8":"product_cat-zaludok-a-crevna-cinnost","9":"product_tag-top-vyzivove-doplnky","11":"first","12":"instock","13":"taxable","14":"shipping-taxable","15":"purchasable","16":"product-type-simple"},"aioseo_notices":[],"_links":{"self":[{"href":"https:\/\/www.biokari.sk\/en\/wp-json\/wp\/v2\/product\/10350","targetHints":{"allow":["GET"]}}],"collection":[{"href":"https:\/\/www.biokari.sk\/en\/wp-json\/wp\/v2\/product"}],"about":[{"href":"https:\/\/www.biokari.sk\/en\/wp-json\/wp\/v2\/types\/product"}],"replies":[{"embeddable":true,"href":"https:\/\/www.biokari.sk\/en\/wp-json\/wp\/v2\/comments?post=10350"}],"wp:featuredmedia":[{"embeddable":true,"href":"https:\/\/www.biokari.sk\/en\/wp-json\/wp\/v2\/media\/10352"}],"wp:attachment":[{"href":"https:\/\/www.biokari.sk\/en\/wp-json\/wp\/v2\/media?parent=10350"}],"wp:term":[{"taxonomy":"product_brand","embeddable":true,"href":"https:\/\/www.biokari.sk\/en\/wp-json\/wp\/v2\/product_brand?post=10350"},{"taxonomy":"product_cat","embeddable":true,"href":"https:\/\/www.biokari.sk\/en\/wp-json\/wp\/v2\/product_cat?post=10350"},{"taxonomy":"product_tag","embeddable":true,"href":"https:\/\/www.biokari.sk\/en\/wp-json\/wp\/v2\/product_tag?post=10350"}],"curies":[{"name":"wp","href":"https:\/\/api.w.org\/{rel}","templated":true}]}}