{"id":10371,"date":"2025-10-25T10:39:13","date_gmt":"2025-10-25T08:39:13","guid":{"rendered":"https:\/\/www.biokari.sk\/produkt\/wtn-horcik-vitamin-b6-kapsuly-120ks\/"},"modified":"2026-04-27T19:02:03","modified_gmt":"2026-04-27T17:02:03","slug":"wtn-horcik-vitamin-b6-kapsuly-120ks","status":"publish","type":"product","link":"https:\/\/www.biokari.sk\/en\/product\/wtn-horcik-vitamin-b6-kapsuly-120ks\/","title":{"rendered":"WTN Hor\u010d\u00edk + vitam\u00edn B6 kapsuly 120ks"},"content":{"rendered":"<p data-start=\"249\" data-end=\"556\">Magn\u00e9zium je <strong data-start=\"262\" data-end=\"284\">nevyhnutn\u00fd miner\u00e1l<\/strong>, ktor\u00fd podporuje spr\u00e1vne fungovanie svalov, nervov\u00e9ho syst\u00e9mu, energetick\u00e9ho metabolizmu a prispieva k zn\u00ed\u017eeniu \u00fanavy a vy\u010derpania. Vitam\u00edn B6 z\u00e1rove\u0148 ovplyv\u0148uje vstreb\u00e1vanie a vyu\u017e\u00edvanie hor\u010d\u00edka v tele. V\u010faka <strong data-start=\"495\" data-end=\"523\">kombin\u00e1cii oboch zlo\u017eiek<\/strong> m\u00f4\u017ee by\u0165 \u00fa\u010dinok e\u0161te v\u00fdraznej\u0161\u00ed.<\/p>\n<p data-start=\"558\" data-end=\"1050\">Produkt WTN Magn\u00e9zium + B6 komplex obsahuje <strong data-start=\"602\" data-end=\"635\">plne zreagovan\u00fa formu hor\u010d\u00edka<\/strong>, konkr\u00e9tne <strong data-start=\"647\" data-end=\"672\">magn\u00e9zium-bisglycin\u00e1t<\/strong>, ktor\u00fd sa <strong data-start=\"683\" data-end=\"704\">v\u00fdborne vstreb\u00e1va<\/strong> a telo dok\u00e1\u017ee efekt\u00edvne vyu\u017ei\u0165 <strong data-start=\"736\" data-end=\"770\">hor\u010d\u00edk aj aminokyselinu glyc\u00edn<\/strong>. Neobsahuje hor\u0161ie vyu\u017eite\u013en\u00fd <strong data-start=\"801\" data-end=\"819\">magn\u00e9zium-oxid<\/strong>, ktor\u00fd m\u00f4\u017ee pri metabolizme vytv\u00e1ra\u0165 <strong data-start=\"857\" data-end=\"884\">\u0161kodliv\u00e9 vo\u013en\u00e9 radik\u00e1ly<\/strong>. Je d\u00f4le\u017eit\u00e9 vedie\u0165, \u017ee na trhu sa \u010dasto nach\u00e1dzaj\u00fa <strong data-start=\"937\" data-end=\"959\">ne\u00faplne zreagovan\u00e9<\/strong> formy magn\u00e9zium-glycin\u00e1tu, ktor\u00e9 m\u00f4\u017eu vo vysokej miere obsahova\u0165 pr\u00e1ve <strong data-start=\"1031\" data-end=\"1049\">magn\u00e9zium-oxid<\/strong>.<\/p>\n<p data-start=\"1052\" data-end=\"1402\">V produkte sa nach\u00e1dza aj vitam\u00edn B6 vo <strong data-start=\"1092\" data-end=\"1128\">svojej biologicky akt\u00edvnej forme<\/strong>, ako <strong data-start=\"1134\" data-end=\"1162\">pyridox\u00e1l-5-fosf\u00e1t (P5P)<\/strong>, ktor\u00fd je organizmom <strong data-start=\"1184\" data-end=\"1207\">okam\u017eite vyu\u017eite\u013en\u00fd<\/strong> a podporuje \u00fa\u010dinok hor\u010d\u00edka. V mnoh\u00fdch doplnkoch v\u00fd\u017eivy sa pou\u017e\u00edva <strong data-start=\"1274\" data-end=\"1293\">neakt\u00edvna forma<\/strong> vitam\u00ednu B6 (pyridox\u00edn-hydrochlorid), ktor\u00e1 sa v tele <strong data-start=\"1348\" data-end=\"1374\">bu\u010f premen\u00ed, alebo nie<\/strong>, a preto nemus\u00ed by\u0165 \u00fa\u010dinn\u00e1.<\/p>\n<p data-start=\"1404\" data-end=\"1641\">Okrem t\u00fdchto dvoch k\u013e\u00fa\u010dov\u00fdch zlo\u017eiek obsahuje aj <strong data-start=\"1453\" data-end=\"1472\">WTN Fitom\u00e1trix\u2122<\/strong>, zmes rastlinn\u00fdch extraktov <strong data-start=\"1501\" data-end=\"1523\">bohat\u00fdch na hor\u010d\u00edk<\/strong> (s\u00e9t\u00e1nyr\u00f3zsa, \u0161pen\u00e1t, kel, arty\u010doka, okra), \u010do e\u0161te v\u00fdraznej\u0161ie podporuje <strong data-start=\"1598\" data-end=\"1625\">biologick\u00fa vyu\u017eite\u013enos\u0165<\/strong> hor\u010d\u00edka v tele.<\/p>\n<p data-start=\"1643\" data-end=\"1980\">U\u017e\u00edvanie tohto komplexu je vhodn\u00e9 pri <strong data-start=\"1681\" data-end=\"1707\">\u0165a\u017ekostiach so sp\u00e1nkom<\/strong>, ke\u010f\u017ee hor\u010d\u00edk <strong data-start=\"1722\" data-end=\"1745\">podporuje relax\u00e1ciu<\/strong> a zdrav\u00fd sp\u00e1nok. Pom\u00e1ha <strong data-start=\"1770\" data-end=\"1797\">zmier\u0148ova\u0165 pr\u00edznaky PMS<\/strong>, podporuje <strong data-start=\"1809\" data-end=\"1833\">odolnos\u0165 vo\u010di stresu<\/strong>, je prospe\u0161n\u00fd pre <strong data-start=\"1852\" data-end=\"1870\">nervov\u00fd syst\u00e9m<\/strong> a odpor\u00fa\u010da sa aj pri <strong data-start=\"1892\" data-end=\"1931\">probl\u00e9moch s\u00favisiacich s histam\u00ednom<\/strong> alebo pri <strong data-start=\"1942\" data-end=\"1979\">u\u017e\u00edvan\u00ed hormon\u00e1lnej antikoncepcie<\/strong>.<\/p>\n<p data-start=\"1982\" data-end=\"2414\">Odpor\u00fa\u010dan\u00e9 d\u00e1vkovanie je <strong data-start=\"2007\" data-end=\"2026\">2 kapsuly denne<\/strong> po\u010das jedla a zapi\u0165 dostato\u010dn\u00fdm mno\u017estvom vody. <strong data-start=\"2075\" data-end=\"2092\">Jednu kapsulu<\/strong> je ide\u00e1lne u\u017ei\u0165 po\u010das d\u0148a a <strong data-start=\"2121\" data-end=\"2152\">druh\u00fa vo ve\u010dern\u00fdch hodin\u00e1ch<\/strong>. Zlo\u017eenie: magn\u00e9zium-bisglycin\u00e1t, \u017eelat\u00edna (kapsula), extrakt z kvetu Lantana camara, extrakt zo \u0161pen\u00e1tu, extrakt z kelu, extrakt z arty\u010doky, extrakt z okry, ry\u017eov\u00fd extrakt, L-leuc\u00edn (aminokyselina), hor\u010d\u00edk-stear\u00e1t (rastlinn\u00e9ho p\u00f4vodu), vitam\u00edn B6 vo forme P5P.<\/p>\n<p data-start=\"2416\" data-end=\"2681\">Dve kapsuly obsahuj\u00fa <strong data-start=\"2437\" data-end=\"2455\">176 mg hor\u010d\u00edka<\/strong> z plne zreagovan\u00e9ho magn\u00e9zium-bisglycin\u00e1tu (<strong data-start=\"2500\" data-end=\"2512\">69 % NRV<\/strong>*) a <strong data-start=\"2517\" data-end=\"2555\">2,5 mg akt\u00edvneho vitam\u00ednu B6 (P5P)<\/strong> (<strong data-start=\"2557\" data-end=\"2570\">179 % NRV<\/strong>*). WTN Fitom\u00e1trix\u2122 tvor\u00ed <strong data-start=\"2596\" data-end=\"2606\">200 mg<\/strong> rastlinn\u00fdch extraktov bohat\u00fdch na hor\u010d\u00edk. Balenie obsahuje <strong data-start=\"2666\" data-end=\"2680\">120 kaps\u00fal<\/strong>.<\/p>\n<p data-start=\"2683\" data-end=\"2794\">*NRV: referen\u010dn\u00e1 hodnota pr\u00edjmu pre dospel\u00fdch. CFU sa pri tomto produkte neuv\u00e1dza, preto\u017ee nejde o probiotikum.<\/p>","protected":false},"excerpt":{"rendered":"<p>Magn\u00e9zium je nevyhnutn\u00fd miner\u00e1l, ktor\u00fd podporuje spr\u00e1vne fungovanie svalov, nervov\u00e9ho syst\u00e9mu, energetick\u00e9ho metabolizmu a prispieva&#8230; <a class=\"more-link\" href=\"#tab-description\">Read more<\/a><\/p>","protected":false},"featured_media":10374,"comment_status":"open","ping_status":"closed","template":"","meta":{"inline_featured_image":false},"product_brand":[289],"product_cat":[390,69,146,142],"product_tag":[],"class_list":{"0":"post-10371","1":"product","2":"type-product","3":"status-publish","4":"has-post-thumbnail","6":"product_brand-wtn","7":"product_cat-kapsuly-klby-a-reuma","8":"product_cat-vyzivove-doplnky","9":"product_cat-klby-a-reuma","10":"product_cat-srdcovo-cievny-system","12":"first","13":"instock","14":"taxable","15":"shipping-taxable","16":"purchasable","17":"product-type-simple"},"aioseo_notices":[],"_links":{"self":[{"href":"https:\/\/www.biokari.sk\/en\/wp-json\/wp\/v2\/product\/10371","targetHints":{"allow":["GET"]}}],"collection":[{"href":"https:\/\/www.biokari.sk\/en\/wp-json\/wp\/v2\/product"}],"about":[{"href":"https:\/\/www.biokari.sk\/en\/wp-json\/wp\/v2\/types\/product"}],"replies":[{"embeddable":true,"href":"https:\/\/www.biokari.sk\/en\/wp-json\/wp\/v2\/comments?post=10371"}],"wp:featuredmedia":[{"embeddable":true,"href":"https:\/\/www.biokari.sk\/en\/wp-json\/wp\/v2\/media\/10374"}],"wp:attachment":[{"href":"https:\/\/www.biokari.sk\/en\/wp-json\/wp\/v2\/media?parent=10371"}],"wp:term":[{"taxonomy":"product_brand","embeddable":true,"href":"https:\/\/www.biokari.sk\/en\/wp-json\/wp\/v2\/product_brand?post=10371"},{"taxonomy":"product_cat","embeddable":true,"href":"https:\/\/www.biokari.sk\/en\/wp-json\/wp\/v2\/product_cat?post=10371"},{"taxonomy":"product_tag","embeddable":true,"href":"https:\/\/www.biokari.sk\/en\/wp-json\/wp\/v2\/product_tag?post=10371"}],"curies":[{"name":"wp","href":"https:\/\/api.w.org\/{rel}","templated":true}]}}