{"id":10375,"date":"2025-10-25T10:45:27","date_gmt":"2025-10-25T08:45:27","guid":{"rendered":"https:\/\/www.biokari.sk\/produkt\/szafi-reform-bezlepkova-mucna-zmes-na-chlieb-a-pecivo-500g\/"},"modified":"2026-04-29T19:03:12","modified_gmt":"2026-04-29T17:03:12","slug":"szafi-reform-bezlepkova-mucna-zmes-na-chlieb-a-pecivo-500g","status":"publish","type":"product","link":"https:\/\/www.biokari.sk\/en\/product\/szafi-reform-bezlepkova-mucna-zmes-na-chlieb-a-pecivo-500g\/","title":{"rendered":"Szafi reform Bezglut\u00e9nov\u00e1 m\u00fa\u010dna zmes na chlieb a pe\u010divo 500g"},"content":{"rendered":"<p data-start=\"213\" data-end=\"695\">Pripravte si svoje ob\u013e\u00faben\u00e9 pe\u010divo v <strong data-start=\"250\" data-end=\"278\">n\u00edzkosacharidovej verzii<\/strong> pomocou zmesi <strong data-start=\"293\" data-end=\"365\">Szafi Reform Paleo na chlieb a pe\u010divo so zn\u00ed\u017een\u00fdm obsahom sacharidov<\/strong>. Tento v\u00fdrobok je <strong data-start=\"384\" data-end=\"418\">bez glut\u00e9nu, lakt\u00f3zy a dro\u017edia<\/strong>, preto je vhodn\u00fd aj pre \u013eud\u00ed s potravinov\u00fdmi intoleranciami. Cesto <strong data-start=\"486\" data-end=\"509\">nevy\u017eaduje kysnutie<\/strong>, \u010do umo\u017e\u0148uje <strong data-start=\"523\" data-end=\"555\">r\u00fdchlu a jednoduch\u00fa pr\u00edpravu<\/strong>. Zo zmesi si m\u00f4\u017eete pripravi\u0165 chlieb, \u017eemle, kol\u00e1\u010de, pizzu, pag\u00e1\u010de, sladk\u00e9 aj slan\u00e9 pe\u010divo, dokonca aj tradi\u010dn\u00e9 dobroty, ako je <strong data-start=\"684\" data-end=\"694\">bejgli<\/strong>.<\/p>\n<p data-start=\"697\" data-end=\"990\">Zmes je ide\u00e1lna aj na pr\u00edpravu <strong data-start=\"728\" data-end=\"762\">palaciniek a pi\u0161k\u00f3tov\u00e9ho cesta<\/strong>, tak\u017ee pon\u00faka \u0161irok\u00e9 mo\u017enosti vyu\u017eitia v zdravej kuchyni. Obsahuje <strong data-start=\"830\" data-end=\"858\">vysok\u00e9 mno\u017estvo vl\u00e1kniny<\/strong> a <strong data-start=\"861\" data-end=\"898\">pomaly vstreb\u00e1vaj\u00face sa sacharidy<\/strong>, \u010do prispieva k dlh\u0161iemu pocitu nas\u00fdtenia a je vhodn\u00e9 pre <strong data-start=\"957\" data-end=\"989\">zdrav\u00fd a vyv\u00e1\u017een\u00fd jed\u00e1lni\u010dek<\/strong>.<\/p>\n<p data-start=\"992\" data-end=\"1218\">V <strong data-start=\"994\" data-end=\"1003\">100 g<\/strong> zmesi poch\u00e1dza <strong data-start=\"1019\" data-end=\"1039\">243 kJ \/ 61 kcal<\/strong> energie z <strong data-start=\"1050\" data-end=\"1075\">potravinovej vl\u00e1kniny<\/strong>. Jedna upe\u010den\u00e1 \u017eem\u013ea (<strong data-start=\"1098\" data-end=\"1106\">68 g<\/strong>) obsahuje <strong data-start=\"1117\" data-end=\"1136\">90 kJ \/ 21 kcal<\/strong> vl\u00e1kninov\u00e9ho p\u00f4vodu, \u010do podporuje <strong data-start=\"1171\" data-end=\"1200\">priazniv\u00fd nutri\u010dn\u00fd profil<\/strong> hotov\u00e9ho v\u00fdrobku.<\/p>\n<p data-start=\"1220\" data-end=\"1400\">V\u00fdhody produktu:<br \/>\n\u2022 <strong data-start=\"1239\" data-end=\"1255\">bezglut\u00e9nov\u00e9<\/strong><br data-start=\"1255\" data-end=\"1258\" \/>\u2022 <strong data-start=\"1260\" data-end=\"1275\">Bez lakt\u00f3zy<\/strong><br data-start=\"1275\" data-end=\"1278\" \/>\u2022 <strong data-start=\"1280\" data-end=\"1295\">Bez dro\u017edia<\/strong><br data-start=\"1295\" data-end=\"1298\" \/>\u2022 <strong data-start=\"1300\" data-end=\"1328\">Zn\u00ed\u017een\u00fd obsah sacharidov<\/strong><br data-start=\"1328\" data-end=\"1331\" \/>\u2022 <strong data-start=\"1333\" data-end=\"1358\">Vysok\u00fd obsah vl\u00e1kniny<\/strong><br data-start=\"1358\" data-end=\"1361\" \/>\u2022 <strong data-start=\"1363\" data-end=\"1400\">Pomaly vstreb\u00e1vaj\u00face sa sacharidy<\/strong><\/p>\n<p data-start=\"1402\" data-end=\"1653\">Zlo\u017eenie: tapiokov\u00fd \u0161krob, <strong data-start=\"1429\" data-end=\"1451\">bambusov\u00e1 vl\u00e1knina<\/strong>, <strong data-start=\"1453\" data-end=\"1482\">m\u00faka zo sezamov\u00fdch semien<\/strong>, <strong data-start=\"1484\" data-end=\"1531\">psyllium (pr\u00e1\u0161ok z obalov semien skorocelu)<\/strong>, <strong data-start=\"1533\" data-end=\"1550\">kokosov\u00e1 m\u00faka<\/strong>, <strong data-start=\"1552\" data-end=\"1569\">batatov\u00e1 m\u00faka<\/strong>, kypriaca l\u00e1tka (hydrog\u00e9nuhli\u010ditan sodn\u00fd), regul\u00e1tor kyslosti (kyselina citr\u00f3nov\u00e1).<\/p>\n<p data-start=\"1655\" data-end=\"1740\">Alerg\u00e9ny: m\u00f4\u017ee obsahova\u0165 <strong data-start=\"1680\" data-end=\"1699\">hor\u010di\u010dn\u00e9 semeno<\/strong>, <strong data-start=\"1701\" data-end=\"1710\">zeler<\/strong>, <strong data-start=\"1712\" data-end=\"1722\">orechy<\/strong> a <strong data-start=\"1725\" data-end=\"1739\">siri\u010ditany<\/strong>.<\/p>\n<p data-start=\"1742\" data-end=\"1995\">Priemern\u00e9 v\u00fd\u017eivov\u00e9 hodnoty v 100 g v\u00fdrobku:<br data-start=\"1785\" data-end=\"1788\" \/>Energy: <strong data-start=\"1797\" data-end=\"1819\">1281 kJ \/ 306 kcal<\/strong><br data-start=\"1819\" data-end=\"1822\" \/>Tuky: <strong data-start=\"1828\" data-end=\"1835\">2 g<\/strong><br data-start=\"1835\" data-end=\"1838\" \/>z toho nas\u00fdten\u00e9 mastn\u00e9 kyseliny: <strong data-start=\"1871\" data-end=\"1880\">0,7 g<\/strong><br data-start=\"1880\" data-end=\"1883\" \/>Sacharidy: <strong data-start=\"1894\" data-end=\"1904\">48,2 g<\/strong><br data-start=\"1904\" data-end=\"1907\" \/>z toho cukry: <strong data-start=\"1921\" data-end=\"1930\">1,4 g<\/strong><br data-start=\"1930\" data-end=\"1933\" \/>Bielkoviny: <strong data-start=\"1945\" data-end=\"1954\">8,4 g<\/strong><br data-start=\"1954\" data-end=\"1957\" \/>Vl\u00e1knina: <strong data-start=\"1967\" data-end=\"1977\" data-is-only-node=\"\">30,4 g<\/strong><br data-start=\"1977\" data-end=\"1980\" \/>So\u013e: <strong data-start=\"1985\" data-end=\"1995\">0,02 g<\/strong><\/p>\n<p data-start=\"1997\" data-end=\"2022\">Weight: <strong data-start=\"2013\" data-end=\"2022\">500 g<\/strong><\/p>","protected":false},"excerpt":{"rendered":"<p>Vegan. Bezglut\u00e9nov\u00e9, bez lakt\u00f3zy a paleo.<\/p>\n<p>Zlo\u017eenie: Tapiokov\u00fd \u0161krob, bambusov\u00e9 vl\u00e1kno, sezamov\u00e1 m\u00faka, matersk\u00e1 m\u00faka, kokosov\u00e1 m\u00faka, sladk\u00e1 zemiakov\u00e1 m\u00faka, plnidlo: hydrogenuhli\u010ditan sodn\u00fd, kyselina citr\u00f3nov\u00e1.<\/p>\n<p>Obsahuje prirodzene sa vyskytuj\u00face cukry. Bez pridan\u00e9ho cukru!<\/p>\n<p>Skladujte na chladnom a suc&#8230; <a class=\"more-link\" href=\"#tab-description\">Read more<\/a><\/p>","protected":false},"featured_media":10378,"comment_status":"open","ping_status":"closed","template":"","meta":{"inline_featured_image":false},"product_brand":[303],"product_cat":[71,166],"product_tag":[309],"class_list":{"0":"post-10375","1":"product","2":"type-product","3":"status-publish","4":"has-post-thumbnail","6":"product_brand-szafi-free-reform","7":"product_cat-potraviny","8":"product_cat-muky","9":"product_tag-novinky","11":"first","12":"instock","13":"taxable","14":"shipping-taxable","15":"purchasable","16":"product-type-simple"},"aioseo_notices":[],"_links":{"self":[{"href":"https:\/\/www.biokari.sk\/en\/wp-json\/wp\/v2\/product\/10375","targetHints":{"allow":["GET"]}}],"collection":[{"href":"https:\/\/www.biokari.sk\/en\/wp-json\/wp\/v2\/product"}],"about":[{"href":"https:\/\/www.biokari.sk\/en\/wp-json\/wp\/v2\/types\/product"}],"replies":[{"embeddable":true,"href":"https:\/\/www.biokari.sk\/en\/wp-json\/wp\/v2\/comments?post=10375"}],"wp:featuredmedia":[{"embeddable":true,"href":"https:\/\/www.biokari.sk\/en\/wp-json\/wp\/v2\/media\/10378"}],"wp:attachment":[{"href":"https:\/\/www.biokari.sk\/en\/wp-json\/wp\/v2\/media?parent=10375"}],"wp:term":[{"taxonomy":"product_brand","embeddable":true,"href":"https:\/\/www.biokari.sk\/en\/wp-json\/wp\/v2\/product_brand?post=10375"},{"taxonomy":"product_cat","embeddable":true,"href":"https:\/\/www.biokari.sk\/en\/wp-json\/wp\/v2\/product_cat?post=10375"},{"taxonomy":"product_tag","embeddable":true,"href":"https:\/\/www.biokari.sk\/en\/wp-json\/wp\/v2\/product_tag?post=10375"}],"curies":[{"name":"wp","href":"https:\/\/api.w.org\/{rel}","templated":true}]}}