{"id":10379,"date":"2025-10-25T11:06:05","date_gmt":"2025-10-25T09:06:05","guid":{"rendered":"https:\/\/www.biokari.sk\/produkt\/wtn-kyselina-hyaluronova-komplex-kapsuly-60ks\/"},"modified":"2026-03-30T23:26:13","modified_gmt":"2026-03-30T21:26:13","slug":"wtn-kyselina-hyaluronova-komplex-kapsuly-60ks","status":"publish","type":"product","link":"https:\/\/www.biokari.sk\/en\/product\/wtn-kyselina-hyaluronova-komplex-kapsuly-60ks\/","title":{"rendered":"WTN Kyselina hyaluronov\u00e1 komplex kapsuly 60ks"},"content":{"rendered":"<p>Kyselina hyalur\u00f3nov\u00e1 je <strong>prirodzenou s\u00fa\u010das\u0165ou \u013eudsk\u00e9ho organizmu<\/strong>. Nach\u00e1dza sa v <strong>poko\u017eke, k\u013aboch a o\u010diach<\/strong>, kde svojou <strong>jedine\u010dnou schopnos\u0165ou viaza\u0165 vodu<\/strong> prispieva k pru\u017enosti a hydrat\u00e1cii tkan\u00edv. S prib\u00fadaj\u00facim vekom a vplyvom prostredia <strong>doch\u00e1dza k poklesu prirodzenej tvorby kyseliny hyalur\u00f3novej<\/strong>, \u010do m\u00f4\u017ee vies\u0165 k strate pevnosti poko\u017eky a nepohode v k\u013aboch. Okrem toho <strong>oxidat\u00edvny stres<\/strong> negat\u00edvne ovplyv\u0148uje spojivov\u00e9 tkaniv\u00e1, najm\u00e4 kolag\u00e9nov\u00e9 a elast\u00ednov\u00e9 vl\u00e1kna.<\/p>\n\n\n\n<p>WTN Kyselina hyalur\u00f3nov\u00e1 komplex obsahuje <strong>kyselinu hyalur\u00f3nov\u00fa<\/strong> doplnen\u00fa o <strong>rastlinn\u00e9 extrakty s antioxida\u010dn\u00fdmi vlastnos\u0165ami<\/strong> (gran\u00e1tov\u00e9 jablko, hroznov\u00e9 semen\u00e1, zelen\u00fd \u010daj) a <strong>alfa-lipoov\u00fa kyselinu<\/strong>, ktor\u00fa dop\u013a\u0148a <strong>pr\u00edrodn\u00fd vitam\u00edn C<\/strong> z extraktu aceroly. Vitam\u00edn C <strong>podporuje tvorbu kolag\u00e9nu<\/strong>, \u010d\u00edm prispieva k <strong>norm\u00e1lnemu stavu poko\u017eky, ciev, kost\u00ed a chrupaviek<\/strong> a z\u00e1rove\u0148 podporuje <strong>imunitn\u00fd syst\u00e9m a ochranu buniek pred oxidat\u00edvnym stresom<\/strong>.<\/p>\n\n\n\n<p>Tento komplex pon\u00faka <strong>synergick\u00fa podporu<\/strong> z viacer\u00fdch smerov a obsahuje <strong>iba starostlivo vybran\u00e9 \u00fa\u010dinn\u00e9 l\u00e1tky bez pr\u00eddavn\u00fdch l\u00e1tok<\/strong>.<\/p>\n\n\n\n<p>Hlavn\u00e9 v\u00fdhody WTN Kyselina hyalur\u00f3nov\u00e1 komplex:<br>\u2022 <strong>Synergick\u00fd matrix:<\/strong> kyselina hyalur\u00f3nov\u00e1 p\u00f4sob\u00ed v <strong>antioxida\u010dnom prostred\u00ed<\/strong>, ktor\u00e9 posil\u0148uje jej \u00fa\u010dinok.<br>\u2022 <strong>\u0160irokospektr\u00e1lna antioxida\u010dn\u00e1 ochrana:<\/strong> obsahuje antioxidanty <strong>rozpustn\u00e9 vo vode aj v tukoch<\/strong>, ktor\u00e9 chr\u00e1nia bunky pred r\u00f4znymi vo\u013en\u00fdmi radik\u00e1lmi.<br>\u2022 <strong>Pr\u00edrodn\u00fd zdroj vitam\u00ednu C:<\/strong> nie syntetick\u00e1 forma, ale <strong>acerola<\/strong> prirodzene bohat\u00e1 na C-vitam\u00edn.<br>\u2022 <strong>Optimalizovan\u00e9 zlo\u017eenie:<\/strong> <strong>bez farb\u00edv, bez le\u0161tiacich l\u00e1tok a bez zbyto\u010dn\u00fdch adit\u00edv<\/strong>.<\/p>\n\n\n\n<p>Zlo\u017eenie: kyselina hyalur\u00f3nov\u00e1, \u017eelat\u00edna (kapsula), alfa-lipoov\u00e1 kyselina, acerola extrakt, gran\u00e1tov\u00e9 jablko extrakt, extrakt z hroznov\u00fdch semien, extrakt zo zelen\u00e9ho \u010daju.<\/p>\n\n\n\n<p>Jedna kapsula obsahuje:<br>\u2022 <strong>200 mg kyseliny hyalur\u00f3novej<\/strong><br>\u2022 <strong>100 mg alfa-lipoovej kyseliny<\/strong><br>\u2022 <strong>100 mg acerola extraktu<\/strong> (z toho <strong>25 mg vitam\u00ednu C<\/strong> = <strong>40 % NRV<\/strong>*)<br>\u2022 <strong>50 mg extraktu z gran\u00e1tov\u00e9ho jablka<\/strong>, 30 % punikalag\u00edn<br>\u2022 <strong>50 mg extraktu z hroznov\u00fdch semien<\/strong>, 95 % polyfenoly, OPC<br>\u2022 <strong>50 mg extraktu zo zelen\u00e9ho \u010daju<\/strong>, 98 % polyfenoly, 80 % katech\u00edny, 50 % EGCG<\/p>\n\n\n\n<p>*NRV: Referen\u010dn\u00e1 hodnota pr\u00edjmu pre dospel\u00fdch. <\/p>\n\n\n\n<p>Packaging: <strong>60 kaps\u00fal<\/strong><\/p>","protected":false},"excerpt":{"rendered":"<p>&#8230; <a class=\"more-link\" href=\"#tab-description\">Read more<\/a><\/p>","protected":false},"featured_media":10380,"comment_status":"open","ping_status":"closed","template":"","meta":{"inline_featured_image":false},"product_brand":[289],"product_cat":[69],"product_tag":[309,311],"class_list":{"0":"post-10379","1":"product","2":"type-product","3":"status-publish","4":"has-post-thumbnail","6":"product_brand-wtn","7":"product_cat-vyzivove-doplnky","8":"product_tag-novinky","9":"product_tag-top-vyzivove-doplnky","11":"first","12":"instock","13":"taxable","14":"shipping-taxable","15":"purchasable","16":"product-type-simple"},"aioseo_notices":[],"_links":{"self":[{"href":"https:\/\/www.biokari.sk\/en\/wp-json\/wp\/v2\/product\/10379","targetHints":{"allow":["GET"]}}],"collection":[{"href":"https:\/\/www.biokari.sk\/en\/wp-json\/wp\/v2\/product"}],"about":[{"href":"https:\/\/www.biokari.sk\/en\/wp-json\/wp\/v2\/types\/product"}],"replies":[{"embeddable":true,"href":"https:\/\/www.biokari.sk\/en\/wp-json\/wp\/v2\/comments?post=10379"}],"wp:featuredmedia":[{"embeddable":true,"href":"https:\/\/www.biokari.sk\/en\/wp-json\/wp\/v2\/media\/10380"}],"wp:attachment":[{"href":"https:\/\/www.biokari.sk\/en\/wp-json\/wp\/v2\/media?parent=10379"}],"wp:term":[{"taxonomy":"product_brand","embeddable":true,"href":"https:\/\/www.biokari.sk\/en\/wp-json\/wp\/v2\/product_brand?post=10379"},{"taxonomy":"product_cat","embeddable":true,"href":"https:\/\/www.biokari.sk\/en\/wp-json\/wp\/v2\/product_cat?post=10379"},{"taxonomy":"product_tag","embeddable":true,"href":"https:\/\/www.biokari.sk\/en\/wp-json\/wp\/v2\/product_tag?post=10379"}],"curies":[{"name":"wp","href":"https:\/\/api.w.org\/{rel}","templated":true}]}}