{"id":10450,"date":"2025-10-25T18:29:40","date_gmt":"2025-10-25T16:29:40","guid":{"rendered":"https:\/\/www.biokari.sk\/produkt\/jutavit-horcik-bysglicinaty-kapsuly-100ks\/"},"modified":"2026-01-27T08:41:56","modified_gmt":"2026-01-27T07:41:56","slug":"jutavit-horcik-bysglicinaty-kapsuly-100ks","status":"publish","type":"product","link":"https:\/\/www.biokari.sk\/en\/product\/jutavit-horcik-bysglicinaty-kapsuly-100ks\/","title":{"rendered":"Jutavit Hor\u010d\u00edk bysglicin\u00e1ty kapsuly 100ks"},"content":{"rendered":"<p>Hor\u010d\u00edk vo forme hor\u010d\u00edk-bisglycin\u00e1tu, ktor\u00fd je organicky viazan\u00fd a ve\u013emi dobre vstrebate\u013en\u00fd. Jemn\u00fd k tr\u00e1veniu, vhodn\u00fd aj pre osoby s citliv\u00fdm tr\u00e1viacim syst\u00e9mom. Prispieva k spr\u00e1vnemu fungovaniu nervov\u00e9ho syst\u00e9mu, k norm\u00e1lnej psychickej \u010dinnosti, k zn\u00ed\u017eeniu \u00fanavy a vy\u010derpania, k norm\u00e1lnemu energetick\u00e9mu metabolizmu a k udr\u017eaniu zdrav\u00fdch kost\u00ed a zubov.<\/p>\n\n\n\n<p>Odpor\u00fa\u010dan\u00fd pri podpore svalovej funkcie, zdravia kost\u00ed, psychickej odolnosti a koncentr\u00e1cie. M\u00f4\u017ee by\u0165 u\u017eito\u010dn\u00fd pri \u00fanave, svalov\u00fdch k\u0155\u010doch, zv\u00fd\u0161enej fyzickej aktivite alebo v stresov\u00fdch obdobiach.<\/p>\n\n\n\n<p><strong>Dosage:<\/strong><br>1\u20132 kapsuly denne po\u010das jedla, zapi\u0165 dostato\u010dn\u00fdm mno\u017estvom vody. Neprekra\u010dova\u0165 odpor\u00fa\u010dan\u00fa denn\u00fa d\u00e1vku.<\/p>\n\n\n\n<p><strong>Composition:<\/strong><br>Organick\u00fd hor\u010d\u00edk (hor\u010d\u00edk-bisglycin\u00e1t), \u017eelat\u00edna (kapsula), protihrudkuj\u00face l\u00e1tky (hor\u010d\u00edkov\u00e9 soli mastn\u00fdch kysel\u00edn).<\/p>\n\n\n\n<p><strong>Obsah akt\u00edvnej l\u00e1tky v 1 kapsule:<\/strong><br>Hor\u010d\u00edk-bisglycin\u00e1t (fully reacted): 754,7 mg<br>z toho element\u00e1rny hor\u010d\u00edk: 80 mg (21 % RVH*)<br>*Referen\u010dn\u00e1 v\u00fd\u017eivov\u00e1 hodnota pre dospel\u00fdch<\/p>\n\n\n\n<p><strong>Warnings:<\/strong><br>V\u00fd\u017eivov\u00fd doplnok nenahr\u00e1dza pestr\u00fa a vyv\u00e1\u017een\u00fa stravu ani zdrav\u00fd \u017eivotn\u00fd \u0161t\u00fdl. Uchov\u00e1va\u0165 mimo dosahu mal\u00fdch det\u00ed. Nevhodn\u00e9 pre deti.<\/p>\n\n\n\n<p><strong>Storage:<\/strong><br>Uchov\u00e1va\u0165 na suchom a chladnom mieste, chr\u00e1nen\u00e9 pred priamym slnkom, dobre uzavret\u00e9.<\/p>\n\n\n\n<p><strong>Quantity:<\/strong> 90ks<\/p>","protected":false},"excerpt":{"rendered":"<p>&#8230; <a class=\"more-link\" href=\"#tab-description\">Read more<\/a><\/p>","protected":false},"featured_media":10452,"comment_status":"open","ping_status":"closed","template":"","meta":{"inline_featured_image":false},"product_brand":[],"product_cat":[69],"product_tag":[],"class_list":{"0":"post-10450","1":"product","2":"type-product","3":"status-publish","4":"has-post-thumbnail","6":"product_cat-vyzivove-doplnky","8":"first","9":"onbackorder","10":"taxable","11":"shipping-taxable","12":"purchasable","13":"product-type-simple"},"aioseo_notices":[],"_links":{"self":[{"href":"https:\/\/www.biokari.sk\/en\/wp-json\/wp\/v2\/product\/10450","targetHints":{"allow":["GET"]}}],"collection":[{"href":"https:\/\/www.biokari.sk\/en\/wp-json\/wp\/v2\/product"}],"about":[{"href":"https:\/\/www.biokari.sk\/en\/wp-json\/wp\/v2\/types\/product"}],"replies":[{"embeddable":true,"href":"https:\/\/www.biokari.sk\/en\/wp-json\/wp\/v2\/comments?post=10450"}],"wp:featuredmedia":[{"embeddable":true,"href":"https:\/\/www.biokari.sk\/en\/wp-json\/wp\/v2\/media\/10452"}],"wp:attachment":[{"href":"https:\/\/www.biokari.sk\/en\/wp-json\/wp\/v2\/media?parent=10450"}],"wp:term":[{"taxonomy":"product_brand","embeddable":true,"href":"https:\/\/www.biokari.sk\/en\/wp-json\/wp\/v2\/product_brand?post=10450"},{"taxonomy":"product_cat","embeddable":true,"href":"https:\/\/www.biokari.sk\/en\/wp-json\/wp\/v2\/product_cat?post=10450"},{"taxonomy":"product_tag","embeddable":true,"href":"https:\/\/www.biokari.sk\/en\/wp-json\/wp\/v2\/product_tag?post=10450"}],"curies":[{"name":"wp","href":"https:\/\/api.w.org\/{rel}","templated":true}]}}