{"id":10503,"date":"2025-10-26T17:31:29","date_gmt":"2025-10-26T16:31:29","guid":{"rendered":"https:\/\/www.biokari.sk\/produkt\/natur-tanza-oliva-d3-vitamin-50ks\/"},"modified":"2026-01-27T08:41:56","modified_gmt":"2026-01-27T07:41:56","slug":"natur-tanza-oliva-d3-vitamin-50ks","status":"publish","type":"product","link":"https:\/\/www.biokari.sk\/en\/product\/natur-tanza-oliva-d3-vitamin-50ks\/","title":{"rendered":"Natur Tanya Oliva D3 vitam\u00edn 50ks"},"content":{"rendered":"<p>Vyroben\u00e9 z <strong>Quali\u00ae-D<\/strong> suroviny s vysokou kvalitou, sledovate\u013enos\u0165ou a trvalo udr\u017eate\u013en\u00fdm p\u00f4vodom.<br>Esenci\u00e1lny vitam\u00edn D3 v <strong>dobre vyu\u017eite\u013enej, v tukoch rozpustnej forme<\/strong>, rozpt\u00fdlen\u00fd v <strong>extra panenskom olivovom oleji<\/strong>.<br>Vysok\u00fd obsah \u00fa\u010dinnej l\u00e1tky: <strong>4000 IU D3 vitam\u00ednu na denn\u00fa d\u00e1vku<\/strong>.<br>M\u00e4kk\u00e9 kapsuly pre <strong>lep\u0161iu vstrebate\u013enos\u0165<\/strong>.<br>Bez umel\u00fdch farb\u00edv, konzervantov, ar\u00f3m a bez s\u00f3jov\u00e9ho oleja.<br>V\u00fdroba pod\u013ea smern\u00edc <strong>GMP pre potravin\u00e1rsky priemysel<\/strong>.<\/p>\n\n\n\n<p><strong>Komu je produkt ur\u010den\u00fd<\/strong><br>osoby s n\u00edzkym vystaven\u00edm slne\u010dn\u00e9mu \u017eiareniu<br>v zimnom a prechodnom obdob\u00ed<br>mladistv\u00ed aj seniori<br>\u0161portuj\u00faci a fyzicky akt\u00edvni<br>v obdob\u00ed zv\u00fd\u0161enej potreby D vitam\u00ednu<br>po dohode s lek\u00e1rom aj v tehotenstve a pri doj\u010den\u00ed<\/p>\n\n\n\n<p><strong>\u00da\u010dinky vitam\u00ednu D3<\/strong><br>prispieva k norm\u00e1lnej funkcii imunitn\u00e9ho syst\u00e9mu<br>k udr\u017eaniu zdrav\u00fdch kost\u00ed, svalov a zubov<br>k spr\u00e1vnemu vstreb\u00e1vaniu a vyu\u017eitiu v\u00e1pnika<br>zohr\u00e1va \u00falohu v procese delenia buniek<\/p>\n\n\n\n<p><strong>Composition<\/strong><br>extra panensk\u00fd olivov\u00fd olej, \u017eelat\u00edna (kapsula), zvlh\u010dovadlo (glycerol), \u010disten\u00e1 voda, vitam\u00edn D3 (kolekalciferol), antioxidant (tokoferoly)<\/p>\n\n\n\n<p><strong>\u00da\u010dinn\u00e9 l\u00e1tky v 1 kapsule<\/strong><br>Vitam\u00edn D3 (Quali\u00ae-D): <strong>100 \u00b5g = 4000 IU (2000 % NRV)<\/strong><br>NRV: Referen\u010dn\u00e1 v\u00fd\u017eivov\u00e1 hodnota pre dospel\u00fdch<\/p>\n\n\n\n<p><strong>Odpor\u00fa\u010dan\u00e9 d\u00e1vkovanie<\/strong><br>1 m\u00e4kk\u00e1 kapsula denne, zapi\u0165 dostato\u010dn\u00fdm mno\u017estvom vody.<br>Pri dlhodobom u\u017e\u00edvan\u00ed je vhodn\u00e9 sledova\u0165 hladinu vitam\u00ednu D.<\/p>\n\n\n\n<p><strong>Pou\u017eitie je vhodn\u00e9<\/strong><br>od <strong>12 rokov<\/strong><br>pri cukrovke, po\u010das tehotenstva a doj\u010denia<br>pri liekoch na riedenie krvi<br>(neodpor\u00fa\u010da sa pri vysok\u00fdch hladin\u00e1ch v\u00e1pnika alebo pri obli\u010dkov\u00fdch kame\u0148och obsahuj\u00facich v\u00e1pnik)<\/p>\n\n\n\n<p><strong>Notice<\/strong><br>Neprekra\u010dova\u0165 odpor\u00fa\u010dan\u00fa denn\u00fa d\u00e1vku.<br>Nutritional supplement <strong>nenahr\u00e1dza pestr\u00fa a vyv\u00e1\u017een\u00fa stravu<\/strong> ani zdrav\u00fd \u017eivotn\u00fd \u0161t\u00fdl.<br>\u013dudia u\u017e\u00edvaj\u00faci in\u00e9 doplnky s obsahom vitam\u00ednu D musia zoh\u013eadni\u0165 ich d\u00e1vku.<br>Uchov\u00e1va\u0165 <strong>out of reach of children<\/strong>.<\/p>\n\n\n\n<p><strong>Storage<\/strong><br>V suchu, chlade, chr\u00e1ni\u0165 pred priamym slnkom.<\/p>\n\n\n\n<p><strong>Weight:<\/strong> 23 g (50 kaps\u00fal)<\/p>\n\n\n\n<p>Quali\u00ae je ochrann\u00e1 zn\u00e1mka spolo\u010dnosti DSM.<br>K\u00fapou v\u00fdrobku podporujete <strong>ma\u010farsk\u00e9 pracovn\u00e9 miesta<\/strong>.<\/p>","protected":false},"excerpt":{"rendered":"<p>&#8230; <a class=\"more-link\" href=\"#tab-description\">Read more<\/a><\/p>","protected":false},"featured_media":10505,"comment_status":"open","ping_status":"closed","template":"","meta":{"inline_featured_image":false},"product_brand":[306],"product_cat":[69,140,142],"product_tag":[],"class_list":{"0":"post-10503","1":"product","2":"type-product","3":"status-publish","4":"has-post-thumbnail","6":"product_brand-natur-tanya","7":"product_cat-vyzivove-doplnky","8":"product_cat-posilnenie-imunity","9":"product_cat-srdcovo-cievny-system","11":"first","12":"onbackorder","13":"taxable","14":"shipping-taxable","15":"purchasable","16":"product-type-simple"},"aioseo_notices":[],"_links":{"self":[{"href":"https:\/\/www.biokari.sk\/en\/wp-json\/wp\/v2\/product\/10503","targetHints":{"allow":["GET"]}}],"collection":[{"href":"https:\/\/www.biokari.sk\/en\/wp-json\/wp\/v2\/product"}],"about":[{"href":"https:\/\/www.biokari.sk\/en\/wp-json\/wp\/v2\/types\/product"}],"replies":[{"embeddable":true,"href":"https:\/\/www.biokari.sk\/en\/wp-json\/wp\/v2\/comments?post=10503"}],"wp:featuredmedia":[{"embeddable":true,"href":"https:\/\/www.biokari.sk\/en\/wp-json\/wp\/v2\/media\/10505"}],"wp:attachment":[{"href":"https:\/\/www.biokari.sk\/en\/wp-json\/wp\/v2\/media?parent=10503"}],"wp:term":[{"taxonomy":"product_brand","embeddable":true,"href":"https:\/\/www.biokari.sk\/en\/wp-json\/wp\/v2\/product_brand?post=10503"},{"taxonomy":"product_cat","embeddable":true,"href":"https:\/\/www.biokari.sk\/en\/wp-json\/wp\/v2\/product_cat?post=10503"},{"taxonomy":"product_tag","embeddable":true,"href":"https:\/\/www.biokari.sk\/en\/wp-json\/wp\/v2\/product_tag?post=10503"}],"curies":[{"name":"wp","href":"https:\/\/api.w.org\/{rel}","templated":true}]}}