{"id":10506,"date":"2025-10-26T17:56:09","date_gmt":"2025-10-26T16:56:09","guid":{"rendered":"https:\/\/www.biokari.sk\/produkt\/natur-tanya-saw-palmeto-kapsuly-60ks\/"},"modified":"2026-04-28T19:01:56","modified_gmt":"2026-04-28T17:01:56","slug":"natur-tanya-saw-palmeto-kapsuly-60ks","status":"publish","type":"product","link":"https:\/\/www.biokari.sk\/en\/product\/natur-tanya-saw-palmeto-kapsuly-60ks\/","title":{"rendered":"Natur Tanya Saw palmeto kapsuly 60ks"},"content":{"rendered":"<p data-start=\"334\" data-end=\"530\">V\u00fd\u017eivov\u00fd doplnok so \u0161tandardizovan\u00fdm extraktom z plodov <strong data-start=\"435\" data-end=\"453\">Serenoa repens<\/strong> a s patentovan\u00fdm extraktom \u010dierneho korenia <strong data-start=\"498\" data-end=\"512\">BioPerine\u00ae<\/strong> (&gt;95 % piper\u00ednu).<\/p>\n<p data-start=\"532\" data-end=\"762\"><strong data-start=\"532\" data-end=\"562\">\u00da\u010dinky rastlinn\u00fdch zlo\u017eiek<\/strong><br data-start=\"562\" data-end=\"565\" \/>Saw palmetto prispieva k udr\u017eaniu <strong data-start=\"599\" data-end=\"629\">norm\u00e1lnej funkcie prostaty<\/strong> a <strong data-start=\"632\" data-end=\"652\">mo\u010dov\u00fdch funkci\u00ed<\/strong> u mu\u017eov.<br data-start=\"661\" data-end=\"664\" \/>BioPerine\u00ae pom\u00e1ha <strong data-start=\"682\" data-end=\"707\">zvy\u0161ova\u0165 vstreb\u00e1vanie<\/strong> rastlinn\u00fdch extraktov a podporuje <strong data-start=\"742\" data-end=\"761\">imunitn\u00fd syst\u00e9m<\/strong>.<\/p>\n<p data-start=\"764\" data-end=\"1139\"><strong data-start=\"764\" data-end=\"776\">Composition<\/strong><br data-start=\"776\" data-end=\"779\" \/>MCT olej (stredne dlh\u00e9 triglyceridy), extrakt z plodov saw palmetto (Serenoa repens) z\u00edskan\u00fd <strong data-start=\"872\" data-end=\"905\">superkritickou CO\u2082 extrakciou<\/strong> (10:1), \u017eelat\u00ednov\u00e1 kapsula, zvlh\u010dovadlo (glycerol), <strong data-start=\"958\" data-end=\"972\">BioPerine\u00ae<\/strong> extrakt z plodov \u010dierneho korenia (Piper nigrum L.) 50:1, antioxidant (extrakt bohat\u00fd na tokoferoly)<br data-start=\"1073\" data-end=\"1076\" \/>BioPerine\u00ae je registrovan\u00e1 ochrann\u00e1 zn\u00e1mka spolo\u010dnosti Sabinsa.<\/p>\n<p data-start=\"1141\" data-end=\"1298\"><strong data-start=\"1141\" data-end=\"1166\">Odpor\u00fa\u010dan\u00e9 d\u00e1vkovanie<\/strong><br data-start=\"1166\" data-end=\"1169\" \/>1 m\u00e4kk\u00e1 kapsula denne, najlep\u0161ie po\u010das jedla, zapi\u0165 dostato\u010dn\u00fdm mno\u017estvom tekutiny.<br data-start=\"1252\" data-end=\"1255\" \/>Minim\u00e1lne obdobie u\u017e\u00edvania: <strong data-start=\"1283\" data-end=\"1297\">12 t\u00fd\u017ed\u0148ov<\/strong>.<\/p>\n<p data-start=\"1300\" data-end=\"1591\"><strong data-start=\"1300\" data-end=\"1329\">Akt\u00edvne l\u00e1tky v 1 kapsule<\/strong><br data-start=\"1329\" data-end=\"1332\" \/>Extrakt zo saw palmetto: <strong data-start=\"1357\" data-end=\"1367\">320 mg<\/strong><br data-start=\"1367\" data-end=\"1370\" \/>\u2013 celkov\u00e9 mastn\u00e9 kyseliny: <strong data-start=\"1397\" data-end=\"1411\">272\u2013304 mg<\/strong><br data-start=\"1411\" data-end=\"1414\" \/>\u2013 z toho kyselina laurov\u00e1: <strong data-start=\"1441\" data-end=\"1458\">89,6\u2013102,4 mg<\/strong><br data-start=\"1458\" data-end=\"1461\" \/>\u2013 rastlinn\u00e9 steroly: <strong data-start=\"1482\" data-end=\"1497\">0,64\u20131,6 mg<\/strong><br data-start=\"1497\" data-end=\"1500\" \/>\u2013 beta-sitosterol: <strong data-start=\"1519\" data-end=\"1535\">min. 0,32 mg<\/strong><br data-start=\"1535\" data-end=\"1538\" \/>BioPerine\u00ae: <strong data-start=\"1550\" data-end=\"1560\">2,5 mg<\/strong> (z toho piper\u00edn: <strong data-start=\"1578\" data-end=\"1590\">2,375 mg<\/strong>)<\/p>\n<p data-start=\"1593\" data-end=\"1816\"><strong data-start=\"1593\" data-end=\"1608\">Notice<\/strong><br data-start=\"1608\" data-end=\"1611\" \/>Neprekra\u010dova\u0165 odpor\u00fa\u010dan\u00fa denn\u00fa d\u00e1vku.<br data-start=\"1648\" data-end=\"1651\" \/>Nutritional supplement <strong data-start=\"1668\" data-end=\"1707\">nenahr\u00e1dza pestr\u00fa a vyv\u00e1\u017een\u00fa stravu<\/strong> ani zdrav\u00fd \u017eivotn\u00fd \u0161t\u00fdl.<br data-start=\"1732\" data-end=\"1735\" \/>Nevhodn\u00e9 pre <strong data-start=\"1748\" data-end=\"1781\">deti, tehotn\u00e9 a doj\u010diace \u017eeny<\/strong>.<br data-start=\"1782\" data-end=\"1785\" \/>Uchov\u00e1va\u0165 <strong data-start=\"1795\" data-end=\"1815\">out of reach of children<\/strong>.<\/p>\n<p data-start=\"1818\" data-end=\"1896\"><strong data-start=\"1818\" data-end=\"1833\">Storage<\/strong><br data-start=\"1833\" data-end=\"1836\" \/>Na suchom a chladnom mieste, chr\u00e1ni\u0165 pred slne\u010dn\u00fdm \u017eiaren\u00edm.<\/p>\n<p data-start=\"1898\" data-end=\"1930\"><strong data-start=\"1898\" data-end=\"1911\">Weight:<\/strong> 58,4 g (60 kaps\u00fal)<\/p>\n\n\n<p><\/p>","protected":false},"excerpt":{"rendered":"<p>Short Description:<br \/>\nPr\u00edrodn\u00fd doplnok stravy s koncentrovan\u00fdm olejom zo semien Saw palmetto (Serenoa repens) \u2013 ur\u010den\u00fd na podporu zdravia mu\u017eskej prostaty, norm\u00e1lneho mo\u010denia a hormon\u00e1lnej rovnov\u00e1hy, obohaten\u00fd o MCT olej, prirodzen\u00e9 tokoferoly a \u00fa\u010dinn\u00fd extrakt z \u010dierneho korenia (BioPerine\u00ae) na zlep\u0161enie vs&#8230; <a class=\"more-link\" href=\"#tab-description\">Read more<\/a><\/p>","protected":false},"featured_media":10509,"comment_status":"open","ping_status":"closed","template":"","meta":{"inline_featured_image":false},"product_brand":[306],"product_cat":[69],"product_tag":[],"class_list":{"0":"post-10506","1":"product","2":"type-product","3":"status-publish","4":"has-post-thumbnail","6":"product_brand-natur-tanya","7":"product_cat-vyzivove-doplnky","9":"first","10":"onbackorder","11":"taxable","12":"shipping-taxable","13":"purchasable","14":"product-type-simple"},"aioseo_notices":[],"_links":{"self":[{"href":"https:\/\/www.biokari.sk\/en\/wp-json\/wp\/v2\/product\/10506","targetHints":{"allow":["GET"]}}],"collection":[{"href":"https:\/\/www.biokari.sk\/en\/wp-json\/wp\/v2\/product"}],"about":[{"href":"https:\/\/www.biokari.sk\/en\/wp-json\/wp\/v2\/types\/product"}],"replies":[{"embeddable":true,"href":"https:\/\/www.biokari.sk\/en\/wp-json\/wp\/v2\/comments?post=10506"}],"wp:featuredmedia":[{"embeddable":true,"href":"https:\/\/www.biokari.sk\/en\/wp-json\/wp\/v2\/media\/10509"}],"wp:attachment":[{"href":"https:\/\/www.biokari.sk\/en\/wp-json\/wp\/v2\/media?parent=10506"}],"wp:term":[{"taxonomy":"product_brand","embeddable":true,"href":"https:\/\/www.biokari.sk\/en\/wp-json\/wp\/v2\/product_brand?post=10506"},{"taxonomy":"product_cat","embeddable":true,"href":"https:\/\/www.biokari.sk\/en\/wp-json\/wp\/v2\/product_cat?post=10506"},{"taxonomy":"product_tag","embeddable":true,"href":"https:\/\/www.biokari.sk\/en\/wp-json\/wp\/v2\/product_tag?post=10506"}],"curies":[{"name":"wp","href":"https:\/\/api.w.org\/{rel}","templated":true}]}}