{"id":10510,"date":"2025-10-26T18:58:15","date_gmt":"2025-10-26T17:58:15","guid":{"rendered":"https:\/\/www.biokari.sk\/produkt\/gyorgytea-nechtikovy-mast-100ml\/"},"modified":"2026-04-20T19:02:01","modified_gmt":"2026-04-20T17:02:01","slug":"gyorgytea-nechtikovy-mast-100ml","status":"publish","type":"product","link":"https:\/\/www.biokari.sk\/en\/product\/gyorgytea-nechtikovy-mast-100ml\/","title":{"rendered":"Gy\u00f6rgytea Necht\u00edkov\u00fd mas\u0165 100ml"},"content":{"rendered":"<p>Contains <strong>za studena lisovan\u00fd extra panensk\u00fd olivov\u00fd olej<\/strong> a rastlinn\u00e9 extrakty.<br>Bez <strong>umel\u00fdch farb\u00edv, konzerva\u010dn\u00fdch l\u00e1tok a syntetick\u00fdch parfum\u00e1ci\u00ed<\/strong>.<\/p>\n\n\n\n<p>Certifik\u00e1t <strong>NATURIX<\/strong> garantuje, \u017ee kozmetick\u00fd produkt sp\u013a\u0148a pr\u00edsne krit\u00e9ri\u00e1 t\u00fdkaj\u00face sa obsahu pr\u00edrodn\u00fdch zlo\u017eiek a ich kontrolovan\u00e9ho p\u00f4vodu.<\/p>\n\n\n\n<p><strong>Zlo\u017eky a ich kozmetick\u00fd pr\u00ednos<\/strong><br>Kvet necht\u00edka lek\u00e1rskeho: tradi\u010dne pou\u017e\u00edvan\u00fd na <strong>starostlivos\u0165 o nam\u00e1han\u00fa poko\u017eku<\/strong><br>V\u0148a\u0165 rebr\u00ed\u010dka oby\u010dajn\u00e9ho: <strong>upokojuj\u00faca starostlivos\u0165<\/strong>, vhodn\u00e1 pri podr\u00e1\u017edenej poko\u017eke<br>V\u0148a\u0165 zlatobyle oby\u010dajnej: podporuje <strong>\u010distotu a komfort poko\u017eky<\/strong><br>List orecha kr\u00e1\u013eovsk\u00e9ho: <strong>\u010distiace a toniza\u010dn\u00e9 vlastnosti<\/strong><br>Extra panensk\u00fd olivov\u00fd olej: <strong>hydrata\u010dn\u00fd a ochrann\u00fd \u00fa\u010dinok<\/strong>, bohat\u00fd na <strong>Antioxidants<\/strong><br>V\u010del\u00ed vosk: vytv\u00e1ra <strong>ochrann\u00fd film<\/strong>, pom\u00e1ha udr\u017ea\u0165 <strong>vlhkos\u0165 poko\u017eky<\/strong><\/p>\n\n\n\n<p><strong>Pou\u017eitie<\/strong><br>Jemne vmas\u00edrova\u0165 do poko\u017eky pod\u013ea potreby. Vhodn\u00e9 na ka\u017edodenn\u00fa starostlivos\u0165 o poko\u017eku cel\u00e9ho tela.<\/p>\n\n\n\n<p><strong>Packaging:<\/strong> 100 ml<\/p>","protected":false},"excerpt":{"rendered":"<p>&#8230; <a class=\"more-link\" href=\"#tab-description\">Read more<\/a><\/p>","protected":false},"featured_media":10511,"comment_status":"open","ping_status":"closed","template":"","meta":{"inline_featured_image":false},"product_brand":[274],"product_cat":[19],"product_tag":[],"class_list":{"0":"post-10510","1":"product","2":"type-product","3":"status-publish","4":"has-post-thumbnail","6":"product_brand-gyorgytea","7":"product_cat-ostatne","9":"first","10":"instock","11":"taxable","12":"shipping-taxable","13":"purchasable","14":"product-type-simple"},"aioseo_notices":[],"_links":{"self":[{"href":"https:\/\/www.biokari.sk\/en\/wp-json\/wp\/v2\/product\/10510","targetHints":{"allow":["GET"]}}],"collection":[{"href":"https:\/\/www.biokari.sk\/en\/wp-json\/wp\/v2\/product"}],"about":[{"href":"https:\/\/www.biokari.sk\/en\/wp-json\/wp\/v2\/types\/product"}],"replies":[{"embeddable":true,"href":"https:\/\/www.biokari.sk\/en\/wp-json\/wp\/v2\/comments?post=10510"}],"wp:featuredmedia":[{"embeddable":true,"href":"https:\/\/www.biokari.sk\/en\/wp-json\/wp\/v2\/media\/10511"}],"wp:attachment":[{"href":"https:\/\/www.biokari.sk\/en\/wp-json\/wp\/v2\/media?parent=10510"}],"wp:term":[{"taxonomy":"product_brand","embeddable":true,"href":"https:\/\/www.biokari.sk\/en\/wp-json\/wp\/v2\/product_brand?post=10510"},{"taxonomy":"product_cat","embeddable":true,"href":"https:\/\/www.biokari.sk\/en\/wp-json\/wp\/v2\/product_cat?post=10510"},{"taxonomy":"product_tag","embeddable":true,"href":"https:\/\/www.biokari.sk\/en\/wp-json\/wp\/v2\/product_tag?post=10510"}],"curies":[{"name":"wp","href":"https:\/\/api.w.org\/{rel}","templated":true}]}}