{"id":10613,"date":"2025-11-09T09:17:12","date_gmt":"2025-11-09T08:17:12","guid":{"rendered":"https:\/\/www.biokari.sk\/produkt\/jutavit-vitamin-c-d3-zinok-100ks\/"},"modified":"2026-01-27T08:41:56","modified_gmt":"2026-01-27T07:41:56","slug":"jutavit-vitamin-c-d3-zinok-100ks","status":"publish","type":"product","link":"https:\/\/www.biokari.sk\/en\/product\/jutavit-vitamin-c-d3-zinok-100ks\/","title":{"rendered":"Jutavit Vitam\u00edn C + D3 + zinok 100ks"},"content":{"rendered":"<p><strong>Pred\u013a\u017een\u00e9 uvo\u013e\u0148ovanie \u2013 v\u00fd\u017eivov\u00fd doplnok vo forme tabliet s postupn\u00fdm uvo\u013e\u0148ovan\u00edm<\/strong>, ktor\u00fd zabezpe\u010duje <strong>dlhodobej\u0161iu vstrebate\u013enos\u0165 a lep\u0161ie vyu\u017eitie \u00fa\u010dinn\u00fdch l\u00e1tok<\/strong> v organizme.<\/p>\n\n\n\n<p><strong>\u00da\u010dinn\u00e9 l\u00e1tky v 1 tablete:<\/strong><br><strong>Vitamin C<\/strong> \u2013 1000 mg (1250 % NRV*)<br><strong>Vitamin D3<\/strong> \u2013 10 \u00b5g \/ 400 IU** (200 % NRV*)<br><strong>Zinc<\/strong> \u2013 15 mg (150 % NRV*)<br><strong>Extrakt zo \u0161\u00edpok<\/strong> \u2013 25 mg<\/p>\n\n\n\n<p>*NRV = referen\u010dn\u00e1 hodnota denn\u00e9ho pr\u00edjmu pre dospel\u00fdch<br>**IU = medzin\u00e1rodn\u00e1 jednotka<\/p>\n\n\n\n<p><strong>Composition:<\/strong> L-askorbov\u00e1 kyselina; plniv\u00e1 (mikrokry\u0161talick\u00e1 celul\u00f3za, fosfore\u010dnany v\u00e1penat\u00e9, hydroxypropylmetylcelul\u00f3za); extrakt zo \u0161\u00edpok; oxid zino\u010dnat\u00fd; le\u0161tiaca l\u00e1tka (mastn\u00e9 kyseliny); bezfarebn\u00fd filmov\u00fd po\u0165ah (plniv\u00e1 [hydroxypropylmetylcelul\u00f3za, hydroxypropylcelul\u00f3za], zvlh\u010dovadlo [glycer\u00edn]); protihrudkuj\u00face l\u00e1tky (oxid kremi\u010dit\u00fd, soli mastn\u00fdch kysel\u00edn s hor\u010d\u00edkom); <strong>Quali\u00ae-D<\/strong> (modifikovan\u00fd kukuri\u010dn\u00fd \u0161krob, sachar\u00f3za, antioxidanty [sodn\u00e1 so\u013e L-askorb\u00e1tu, alfa-tokoferol], triglyceridy mastn\u00fdch kysel\u00edn so stredn\u00fdm re\u0165azcom, protihrudkuj\u00faca l\u00e1tka [oxid kremi\u010dit\u00fd], cholekalciferol).<\/p>\n\n\n\n<p><strong>Recommended dosage:<\/strong> Adults are recommended to take <strong>1 filmom obalen\u00fa tabletu denne<\/strong>, vcelku zapi\u0165 dostato\u010dn\u00fdm mno\u017estvom tekutiny.<\/p>\n\n\n\n<p><strong>Charakteristika produktu:<\/strong> V\u00fd\u017eivov\u00fd doplnok JutaVit C-vitam\u00edn 1000 mg + D3 + Zinok RETARD je ur\u010den\u00fd na doplnenie denn\u00e9ho pr\u00edjmu vitam\u00ednov a miner\u00e1lnych l\u00e1tok. Obsahuje <strong>vitam\u00edn C s postupn\u00fdm uvo\u013e\u0148ovan\u00edm<\/strong>, ktor\u00fd prispieva k norm\u00e1lnej funkcii imunitn\u00e9ho syst\u00e9mu a k zn\u00ed\u017eeniu vy\u010derpania a \u00fanavy. <strong>Vitamin D3<\/strong> podporuje spr\u00e1vnu \u010dinnos\u0165 svalov a udr\u017eiavanie zdrav\u00fdch kost\u00ed a zubov, zatia\u013e \u010do <strong>zinok<\/strong> pom\u00e1ha chr\u00e1ni\u0165 bunky pred oxida\u010dn\u00fdm stresom.<\/p>\n\n\n\n<p><strong>Warning:<\/strong> V\u00fd\u017eivov\u00e9 doplnky s\u00fa pod\u013ea platnej legislat\u00edvy <strong>potraviny ur\u010den\u00e9 na doplnenie be\u017enej stravy<\/strong> a <strong>nesl\u00fa\u017eia ako n\u00e1hrada vyv\u00e1\u017eenej a pestrej v\u00fd\u017eivy ani zdrav\u00e9ho \u017eivotn\u00e9ho \u0161t\u00fdlu<\/strong>. Tento produkt <strong>nie je liek<\/strong> a <strong>nie je ur\u010den\u00fd na lie\u010dbu ani prevenciu chor\u00f4b<\/strong>. V pr\u00edpade ochorenia sa o u\u017e\u00edvan\u00ed pora\u010fte so svoj\u00edm lek\u00e1rom. <strong>Do not exceed the recommended daily dose.<\/strong> Neu\u017e\u00edvajte, ak ste <strong>alergick\u00ed alebo precitliven\u00ed<\/strong> na ktor\u00fako\u013evek zlo\u017eku pr\u00edpravku. <strong>Keep out of reach of small children!<\/strong><\/p>\n\n\n\n<p><strong>Packaging:<\/strong> 100 tabliet (RETARD \u2013 s pred\u013a\u017een\u00fdm uvo\u013e\u0148ovan\u00edm)<\/p>","protected":false},"excerpt":{"rendered":"<p>Pred\u013a\u017een\u00e9 uvo\u013e\u0148ovanie \u2013 v\u00fd\u017eivov\u00fd doplnok vo forme tabliet s postupn\u00fdm uvo\u013e\u0148ovan\u00edm, ktor\u00fd zabezpe\u010duje dlhodobej\u0161iu vstrebate\u013enos\u0165 a lep\u0161ie vyu\u017eitie \u00fa\u010dinn\u00fdch l\u00e1tok v organizme&#8230;. <a href=\"#tab-description\" class=\"more-link\">Read more<\/a><\/p>","protected":false},"featured_media":10615,"comment_status":"open","ping_status":"closed","template":"","meta":{"inline_featured_image":false},"product_brand":[],"product_cat":[69,140],"product_tag":[],"class_list":{"0":"post-10613","1":"product","2":"type-product","3":"status-publish","4":"has-post-thumbnail","6":"product_cat-vyzivove-doplnky","7":"product_cat-posilnenie-imunity","9":"first","10":"onbackorder","11":"taxable","12":"shipping-taxable","13":"purchasable","14":"product-type-simple"},"aioseo_notices":[],"_links":{"self":[{"href":"https:\/\/www.biokari.sk\/en\/wp-json\/wp\/v2\/product\/10613","targetHints":{"allow":["GET"]}}],"collection":[{"href":"https:\/\/www.biokari.sk\/en\/wp-json\/wp\/v2\/product"}],"about":[{"href":"https:\/\/www.biokari.sk\/en\/wp-json\/wp\/v2\/types\/product"}],"replies":[{"embeddable":true,"href":"https:\/\/www.biokari.sk\/en\/wp-json\/wp\/v2\/comments?post=10613"}],"wp:featuredmedia":[{"embeddable":true,"href":"https:\/\/www.biokari.sk\/en\/wp-json\/wp\/v2\/media\/10615"}],"wp:attachment":[{"href":"https:\/\/www.biokari.sk\/en\/wp-json\/wp\/v2\/media?parent=10613"}],"wp:term":[{"taxonomy":"product_brand","embeddable":true,"href":"https:\/\/www.biokari.sk\/en\/wp-json\/wp\/v2\/product_brand?post=10613"},{"taxonomy":"product_cat","embeddable":true,"href":"https:\/\/www.biokari.sk\/en\/wp-json\/wp\/v2\/product_cat?post=10613"},{"taxonomy":"product_tag","embeddable":true,"href":"https:\/\/www.biokari.sk\/en\/wp-json\/wp\/v2\/product_tag?post=10613"}],"curies":[{"name":"wp","href":"https:\/\/api.w.org\/{rel}","templated":true}]}}