{"id":10626,"date":"2025-11-09T10:26:37","date_gmt":"2025-11-09T09:26:37","guid":{"rendered":"https:\/\/www.biokari.sk\/produkt\/ben-ginger-bio-zazvor-s-broskynou-1000ml\/"},"modified":"2026-04-29T19:03:15","modified_gmt":"2026-04-29T17:03:15","slug":"ben-ginger-bio-zazvor-s-broskynou-1000ml","status":"publish","type":"product","link":"https:\/\/www.biokari.sk\/en\/product\/ben-ginger-bio-zazvor-s-broskynou-1000ml\/","title":{"rendered":"Ben Ginger Bio Z\u00e1zvor s broskynou 1000ml"},"content":{"rendered":"<p>Ka\u017ed\u00fd t\u00fd\u017ede\u0148 sa k rodine <strong>Ben\u2019s Ginger<\/strong> prid\u00e1 100 nov\u00fdch z\u00e1kazn\u00edkov. Pridaj sa aj ty!<\/p>\n\n\n\n<p>U\u017e <strong>jedna polievkov\u00e1 ly\u017eica<\/strong> dod\u00e1 tvojim jedl\u00e1m \u010di n\u00e1pojom <strong>mal\u00fd dotyk exotickej m\u00e1gie<\/strong> \u2013 pln\u00fd zdrav\u00fdch \u017eiv\u00edn. Dopraj svojmu zdraviu a \u017eivotn\u00e9mu \u0161t\u00fdlu <strong>extra energiu<\/strong> s na\u0161\u00edm <strong>bio z\u00e1zvorov\u00fdm koncentr\u00e1tom s brosky\u0148ou a thajskou bazalkou<\/strong> <em>(predt\u00fdm \u201eOvocn\u00fd z\u00e1zvorov\u00fd sen\u201c).<\/em><\/p>\n\n\n\n<p><strong>Pr\u00edrodn\u00fd \u2013 V\u00fd\u017eivn\u00fd \u2013 Intenz\u00edvny \u2013 Ovocn\u00fd \u2013 Vyroben\u00fd z celej h\u013euzy<\/strong><\/p>\n\n\n\n<p><strong>Ben\u2019s Ginger Bio \u201eBrosky\u0148a \u2013 Bazalka\u201c<\/strong> je ide\u00e1lny na pr\u00edpravu <strong>osvie\u017euj\u00facich limon\u00e1d, exotick\u00fdch koktejlov<\/strong> a <strong>jemne perliv\u00fdch n\u00e1pojov<\/strong> s ovocn\u00fdm a bylinn\u00fdm n\u00e1dychom.<\/p>\n\n\n\n<p>Vysk\u00fa\u0161aj n\u00e1\u0161 z\u00e1zvorov\u00fd koncentr\u00e1t a sta\u0148 sa s\u00fa\u010das\u0165ou rodiny <strong>Ben\u2019s Ginger!<\/strong><\/p>\n\n\n\n<p><strong>Ben\u2019s Bio \u201eBrosky\u0148a \u2013 Bazalka\u201c v skratke:<\/strong><br>\u2022 Z\u00e1zvorov\u00fd koncentr\u00e1t vyroben\u00fd z <strong>celej z\u00e1zvorovej h\u013euzy<\/strong> s <strong>brosky\u0148ovou \u0161\u0165avou<\/strong> a <strong>n\u00e1dychom thajskej bazalky<\/strong><br>\u2022 Jemn\u00fd <strong>peru\u00e1nsky bio z\u00e1zvor<\/strong> (priamy dovoz)<br>\u2022 Lahodn\u00e1 <strong>bio brosky\u0148ov\u00e1 \u0161\u0165ava<\/strong><br>\u2022 Exotick\u00e1 <strong>bio thajsk\u00e1 bazalka<\/strong><br>\u2022 Ru\u010dn\u00e1 v\u00fdroba v <strong>Holzkirchene pri Mn\u00edchove<\/strong><br>\u2022 \u0160etrn\u00e9 spracovanie na zachovanie v\u0161etk\u00fdch \u017eiv\u00edn<br>\u2022 Podporuje <strong>imunitn\u00fd syst\u00e9m a obranyschopnos\u0165 organizmu<\/strong><br>\u2022 Univerz\u00e1lne pou\u017eitie \u2013 do <strong>n\u00e1pojov (limon\u00e1d, \u010dajov), jed\u00e1l a koktailov<\/strong><\/p>\n\n\n\n<p><strong>Composition:<\/strong> voda, z\u00e1zvor* (13,2 %), citr\u00f3nov\u00e1 \u0161\u0165ava*, trstinov\u00fd cukor* hned\u00fd, limetkov\u00e1 \u0161\u0165ava*, mand\u013eov\u00fd sirup*<br>*Zlo\u017eky z ekologick\u00e9ho po\u013enohospod\u00e1rstva<\/p>\n\n\n\n<p><strong>Pou\u017eitie a skladovanie:<\/strong><br>Po otvoren\u00ed <strong>uchov\u00e1vajte v chlade<\/strong>. Pred pou\u017eit\u00edm <strong>dobre pretrepte<\/strong>.<\/p>\n\n\n\n<p><strong>V\u00fd\u017eivov\u00e9 hodnoty na 100 g:<\/strong><br>Energia \u2013 413 kJ \/ 97 kcal<br>Tuky \u2013 0,1 g<br>\u2013 z toho nas\u00fdten\u00e9 mastn\u00e9 kyseliny &lt;0,1 g<br>Sacharidy \u2013 24,1 g<br>\u2013 z toho cukry 24,1 g<br>Bielkoviny \u2013 0,2 g<br>So\u013e \u2013 &lt;0,1 g<\/p>\n\n\n\n<p><strong>Volume:<\/strong> 1000 ml<\/p>","protected":false},"excerpt":{"rendered":"<p>U\u017e jedna polievkov\u00e1 ly\u017eica dod\u00e1 tvojim jedl\u00e1m \u010di n\u00e1pojom mal\u00fd dotyk exotickej m\u00e1gie \u2013 pln\u00fd zdrav\u00fdch \u017eiv\u00edn. Dopraj svojmu zdraviu a \u017eivotn\u00e9mu \u0161t\u00fdlu extra energiu s na\u0161\u00edm bio z\u00e1zvorov\u00fdm koncentr\u00e1tom s brosky\u0148ou a thajskou bazalkou (predt\u00fdm \u201eOvocn\u00fd z\u00e1zvorov\u00fd sen\u201c)&#8230;. <a href=\"#tab-description\" class=\"more-link\">Read more<\/a><\/p>","protected":false},"featured_media":10628,"comment_status":"open","ping_status":"closed","template":"","meta":{"inline_featured_image":false},"product_brand":[339],"product_cat":[69,140,71],"product_tag":[309,312,311],"class_list":{"0":"post-10626","1":"product","2":"type-product","3":"status-publish","4":"has-post-thumbnail","6":"product_brand-ben-gingers","7":"product_cat-vyzivove-doplnky","8":"product_cat-posilnenie-imunity","9":"product_cat-potraviny","10":"product_tag-novinky","11":"product_tag-top-potraviny","12":"product_tag-top-vyzivove-doplnky","14":"first","15":"onbackorder","16":"taxable","17":"shipping-taxable","18":"purchasable","19":"product-type-simple"},"aioseo_notices":[],"_links":{"self":[{"href":"https:\/\/www.biokari.sk\/en\/wp-json\/wp\/v2\/product\/10626","targetHints":{"allow":["GET"]}}],"collection":[{"href":"https:\/\/www.biokari.sk\/en\/wp-json\/wp\/v2\/product"}],"about":[{"href":"https:\/\/www.biokari.sk\/en\/wp-json\/wp\/v2\/types\/product"}],"replies":[{"embeddable":true,"href":"https:\/\/www.biokari.sk\/en\/wp-json\/wp\/v2\/comments?post=10626"}],"wp:featuredmedia":[{"embeddable":true,"href":"https:\/\/www.biokari.sk\/en\/wp-json\/wp\/v2\/media\/10628"}],"wp:attachment":[{"href":"https:\/\/www.biokari.sk\/en\/wp-json\/wp\/v2\/media?parent=10626"}],"wp:term":[{"taxonomy":"product_brand","embeddable":true,"href":"https:\/\/www.biokari.sk\/en\/wp-json\/wp\/v2\/product_brand?post=10626"},{"taxonomy":"product_cat","embeddable":true,"href":"https:\/\/www.biokari.sk\/en\/wp-json\/wp\/v2\/product_cat?post=10626"},{"taxonomy":"product_tag","embeddable":true,"href":"https:\/\/www.biokari.sk\/en\/wp-json\/wp\/v2\/product_tag?post=10626"}],"curies":[{"name":"wp","href":"https:\/\/api.w.org\/{rel}","templated":true}]}}