{"id":10630,"date":"2025-11-09T11:35:19","date_gmt":"2025-11-09T10:35:19","guid":{"rendered":"https:\/\/www.biokari.sk\/produkt\/ben-ginger-bio-zazvorovy-koncentrat-500ml\/"},"modified":"2026-04-02T19:03:29","modified_gmt":"2026-04-02T17:03:29","slug":"ben-ginger-bio-zazvorovy-koncentrat-500ml","status":"publish","type":"product","link":"https:\/\/www.biokari.sk\/en\/product\/ben-ginger-bio-zazvorovy-koncentrat-500ml\/","title":{"rendered":"Ben Ginger Bio Z\u00e1zvorov\u00fd koncentr\u00e1t 500ml"},"content":{"rendered":"<p>Dopraj svojmu zdraviu a \u017eivotn\u00e9mu \u0161t\u00fdlu <strong>extra d\u00e1vku energie<\/strong> s na\u0161\u00edm <strong>bio z\u00e1zvorov\u00fdm koncentr\u00e1tom<\/strong>.<\/p>\n\n\n\n<p><strong>Pr\u00edrodn\u00fd \u2013 V\u00fd\u017eivn\u00fd \u2013 Intenz\u00edvny \u2013 Vyroben\u00fd z celej h\u013euzy<\/strong><\/p>\n\n\n\n<p>Tento <strong>bio z\u00e1zvorov\u00fd koncentr\u00e1t z celej z\u00e1zvorovej h\u013euzy<\/strong> je ide\u00e1lny ako <strong>z\u00e1zvorov\u00fd shot<\/strong>, osvie\u017euj\u00faci <strong>perliv\u00fd n\u00e1poj<\/strong>, na <strong>dochutenie jed\u00e1l<\/strong> alebo ako <strong>origin\u00e1lna pr\u00edsada do koktailov<\/strong>. V\u010faka svojmu pln\u00e9mu z\u00e1zvorov\u00e9mu charakteru a svie\u017eej citrusovej chuti je perfektn\u00fd pre ka\u017ed\u00e9ho, kto miluje prirodzen\u00fa energiu a vitalitu.<\/p>\n\n\n\n<p>Vysk\u00fa\u0161aj n\u00e1\u0161 z\u00e1zvorov\u00fd koncentr\u00e1t a sta\u0148 sa s\u00fa\u010das\u0165ou rodiny <strong>Ben\u2019s Ginger!<\/strong><\/p>\n\n\n\n<p><strong>Ben\u2019s Bio z\u00e1zvorov\u00fd koncentr\u00e1t v skratke:<\/strong><br>\u2022 Vyroben\u00fd z <strong>celej z\u00e1zvorovej h\u013euzy<\/strong><br>\u2022 Najjemnej\u0161\u00ed <strong>peru\u00e1nsky bio z\u00e1zvor (priamy dovoz)<\/strong><br>\u2022 <strong>Ru\u010dn\u00e1 v\u00fdroba<\/strong> v Holzkirchene pri Mn\u00edchove<br>\u2022 <strong>100 % pr\u00edrodn\u00e1 bio limetkov\u00e1 a citr\u00f3nov\u00e1 \u0161\u0165ava<\/strong><br>\u2022 Dochuten\u00fd <strong>bio mand\u013eov\u00fdm sirupom<\/strong><br>\u2022 <strong>\u0160etrn\u00e9 spracovanie<\/strong> pre zachovanie v\u0161etk\u00fdch \u017eiv\u00edn<br>\u2022 <strong>Podporuje imunitn\u00fd syst\u00e9m a prirodzen\u00fa obranyschopnos\u0165 organizmu<\/strong><br>\u2022 <strong>V\u0161estrann\u00e9 pou\u017eitie<\/strong> \u2013 do n\u00e1pojov (limon\u00e1d, \u010dajov), jed\u00e1l a koktailov<\/p>\n\n\n\n<p><strong>Composition:<\/strong> voda, z\u00e1zvor* (20 %), citr\u00f3nov\u00e1 \u0161\u0165ava*, trstinov\u00fd cukor* hned\u00fd, limetkov\u00e1 \u0161\u0165ava*, mand\u013eov\u00fd sirup*<br>*Zlo\u017eky z ekologick\u00e9ho po\u013enohospod\u00e1rstva<\/p>\n\n\n\n<p><strong>Pou\u017eitie a skladovanie:<\/strong><br>Po otvoren\u00ed <strong>uchov\u00e1vajte v chlade.<\/strong> Pred pou\u017eit\u00edm <strong>dobre pretrepte.<\/strong><\/p>\n\n\n\n<p><strong>V\u00fd\u017eivov\u00e9 hodnoty na 100 g:<\/strong><br>Energia \u2013 189 kJ \/ 46 kcal<br>Tuky \u2013 0,1 g<br>\u2013 z toho nas\u00fdten\u00e9 mastn\u00e9 kyseliny \u2013 0,1 g<br>Sacharidy \u2013 10,7 g<br>\u2013 z toho cukry \u2013 10,7 g<br>Bielkoviny \u2013 0,4 g<br>So\u013e \u2013 0,1 g<\/p>\n\n\n\n<p><strong>Volume:<\/strong> 500 ml<\/p>\n\n\n\n<p><strong>O v\u00fdrobe:<\/strong> Z\u00e1zvorov\u00fd koncentr\u00e1t vyr\u00e1ba <strong>Ben Kettels<\/strong> z \u010derstv\u00e9ho, vlastnoru\u010dne dov\u00e1\u017ean\u00e9ho <strong>bio peru\u00e1nskeho z\u00e1zvoru<\/strong> v meste <strong>Holzkirchen<\/strong> v Hornom Bavorsku. Z\u00e1zvorov\u00e9 h\u013euzy sa najprv ru\u010dne rozdelia, n\u00e1sledne d\u00f4kladne o\u010distia a jemne nasekaj\u00fa, aby si zachovali v\u0161etku svoju prirodzen\u00fa silu a ar\u00f3mu.<\/p>","protected":false},"excerpt":{"rendered":"<p>Dopraj svojmu zdraviu a \u017eivotn\u00e9mu \u0161t\u00fdlu extra d\u00e1vku energie s na\u0161\u00edm bio z\u00e1zvorov\u00fdm koncentr\u00e1tom&#8230;.. <a href=\"#tab-description\" class=\"more-link\">Read more<\/a><\/p>","protected":false},"featured_media":10631,"comment_status":"open","ping_status":"closed","template":"","meta":{"inline_featured_image":false},"product_brand":[339],"product_cat":[326,69,140,71],"product_tag":[309,311],"class_list":{"0":"post-10630","1":"product","2":"type-product","3":"status-publish","4":"has-post-thumbnail","6":"product_brand-ben-gingers","7":"product_cat-stavy","8":"product_cat-vyzivove-doplnky","9":"product_cat-posilnenie-imunity","10":"product_cat-potraviny","11":"product_tag-novinky","12":"product_tag-top-vyzivove-doplnky","14":"first","15":"instock","16":"taxable","17":"shipping-taxable","18":"purchasable","19":"product-type-simple"},"aioseo_notices":[],"_links":{"self":[{"href":"https:\/\/www.biokari.sk\/en\/wp-json\/wp\/v2\/product\/10630","targetHints":{"allow":["GET"]}}],"collection":[{"href":"https:\/\/www.biokari.sk\/en\/wp-json\/wp\/v2\/product"}],"about":[{"href":"https:\/\/www.biokari.sk\/en\/wp-json\/wp\/v2\/types\/product"}],"replies":[{"embeddable":true,"href":"https:\/\/www.biokari.sk\/en\/wp-json\/wp\/v2\/comments?post=10630"}],"wp:featuredmedia":[{"embeddable":true,"href":"https:\/\/www.biokari.sk\/en\/wp-json\/wp\/v2\/media\/10631"}],"wp:attachment":[{"href":"https:\/\/www.biokari.sk\/en\/wp-json\/wp\/v2\/media?parent=10630"}],"wp:term":[{"taxonomy":"product_brand","embeddable":true,"href":"https:\/\/www.biokari.sk\/en\/wp-json\/wp\/v2\/product_brand?post=10630"},{"taxonomy":"product_cat","embeddable":true,"href":"https:\/\/www.biokari.sk\/en\/wp-json\/wp\/v2\/product_cat?post=10630"},{"taxonomy":"product_tag","embeddable":true,"href":"https:\/\/www.biokari.sk\/en\/wp-json\/wp\/v2\/product_tag?post=10630"}],"curies":[{"name":"wp","href":"https:\/\/api.w.org\/{rel}","templated":true}]}}