{"id":10642,"date":"2025-11-09T12:38:29","date_gmt":"2025-11-09T11:38:29","guid":{"rendered":"https:\/\/www.biokari.sk\/produkt\/yamuna-ceresnovy-mydlo-110g\/"},"modified":"2026-04-26T19:01:52","modified_gmt":"2026-04-26T17:01:52","slug":"yamuna-ceresnovy-mydlo-110g","status":"publish","type":"product","link":"https:\/\/www.biokari.sk\/en\/product\/yamuna-ceresnovy-mydlo-110g\/","title":{"rendered":"Yamuna \u010cere\u0161\u0148ov\u00fd mydlo 110g"},"content":{"rendered":"<p><strong>Za\u017ei k\u00fazlo japonskej Sakury a nechaj sa o\u010dari\u0165 svie\u017eou a ne\u017enou v\u00f4\u0148ou kvetov!<\/strong> \ud83c\udf38<\/p>\n\n\n\n<p><strong>For outdoor use only!<\/strong> Zabr\u00e1\u0148te kontaktu s o\u010dami a \u00fastami! Ak sa produkt <strong>n\u00e1hodne dostane do o\u010d\u00ed<\/strong>, okam\u017eite ich vypl\u00e1chnite <strong>te\u010d\u00facou vodou<\/strong>. Pou\u017e\u00edvajte <strong>len na \u010dist\u00fa a neporu\u0161en\u00fa poko\u017eku.<\/strong> Uchov\u00e1vajte <strong>mimo dosahu det\u00ed!<\/strong><\/p>\n\n\n\n<p><strong>Storage:<\/strong> Na <strong>suchom, chladnom a tmavom mieste<\/strong>, chr\u00e1nen\u00e9 pred priamym slne\u010dn\u00fdm \u017eiaren\u00edm.<\/p>\n\n\n\n<p><strong>Warning:<\/strong> <strong>Zoznam zlo\u017eiek sa m\u00f4\u017ee meni\u0165<\/strong>, preto v\u017edy skontrolujte <strong>aktu\u00e1lne zlo\u017eenie uveden\u00e9 na obale produktu.<\/strong><br>Pou\u017e\u00edvate\u013esk\u00fd a manipula\u010dn\u00fd n\u00e1vod si m\u00f4\u017eete pozrie\u0165 tu: <strong>yamuna.hu\/hasznalatiutmutato<\/strong><\/p>\n\n\n\n<p><strong>Zlo\u017eenie \/ Ingredients:<\/strong><br>Sodium Palmate, Sodium Palm Kernelate, Aqua, Parfum, Palm Acid, Sodium Chloride, Glycerin, Palm Kernel Acid, Tetrasodium EDTA, Tetrasodium Etidronate, CI 16255, Hexyl Cinnamal, Limonene, Coumarin, Alpha-Isomethyl Ionone<\/p>\n\n\n\n<p><strong>Warning:<\/strong> Produkt <strong>nie je vhodn\u00fd pre osoby s citlivou poko\u017ekou.<\/strong><\/p>\n\n\n\n<p><strong>Weight:<\/strong> 110 g<\/p>","protected":false},"excerpt":{"rendered":"<p>Za\u017ei k\u00fazlo japonskej Sakury a nechaj sa o\u010dari\u0165 svie\u017eou a ne\u017enou v\u00f4\u0148ou kvetov! &#8230; <a href=\"#tab-description\" class=\"more-link\">Read more<\/a><\/p>","protected":false},"featured_media":10643,"comment_status":"open","ping_status":"closed","template":"","meta":{"inline_featured_image":false},"product_brand":[340],"product_cat":[245],"product_tag":[],"class_list":{"0":"post-10642","1":"product","2":"type-product","3":"status-publish","4":"has-post-thumbnail","6":"product_brand-yamuna","7":"product_cat-drogerie","9":"first","10":"instock","11":"taxable","12":"shipping-taxable","13":"purchasable","14":"product-type-simple"},"aioseo_notices":[],"_links":{"self":[{"href":"https:\/\/www.biokari.sk\/en\/wp-json\/wp\/v2\/product\/10642","targetHints":{"allow":["GET"]}}],"collection":[{"href":"https:\/\/www.biokari.sk\/en\/wp-json\/wp\/v2\/product"}],"about":[{"href":"https:\/\/www.biokari.sk\/en\/wp-json\/wp\/v2\/types\/product"}],"replies":[{"embeddable":true,"href":"https:\/\/www.biokari.sk\/en\/wp-json\/wp\/v2\/comments?post=10642"}],"wp:featuredmedia":[{"embeddable":true,"href":"https:\/\/www.biokari.sk\/en\/wp-json\/wp\/v2\/media\/10643"}],"wp:attachment":[{"href":"https:\/\/www.biokari.sk\/en\/wp-json\/wp\/v2\/media?parent=10642"}],"wp:term":[{"taxonomy":"product_brand","embeddable":true,"href":"https:\/\/www.biokari.sk\/en\/wp-json\/wp\/v2\/product_brand?post=10642"},{"taxonomy":"product_cat","embeddable":true,"href":"https:\/\/www.biokari.sk\/en\/wp-json\/wp\/v2\/product_cat?post=10642"},{"taxonomy":"product_tag","embeddable":true,"href":"https:\/\/www.biokari.sk\/en\/wp-json\/wp\/v2\/product_tag?post=10642"}],"curies":[{"name":"wp","href":"https:\/\/api.w.org\/{rel}","templated":true}]}}