{"id":10666,"date":"2025-11-19T09:41:11","date_gmt":"2025-11-19T08:41:11","guid":{"rendered":"https:\/\/www.biokari.sk\/produkt\/beres-calcivid7-tabletky-60ks\/"},"modified":"2026-03-15T18:01:03","modified_gmt":"2026-03-15T17:01:03","slug":"beres-calcivid7-tabletky-60ks","status":"publish","type":"product","link":"https:\/\/www.biokari.sk\/en\/product\/beres-calcivid7-tabletky-60ks\/","title":{"rendered":"B\u00e9res Calcivid7 tabletky 60ks"},"content":{"rendered":"<p data-start=\"140\" data-end=\"539\">Ur\u010den\u00e9 najm\u00e4 pre osoby, ktor\u00e9 konzumuj\u00fa m\u00e1lo mlie\u010dnych v\u00fdrobkov alebo sa im z ak\u00e9hoko\u013evek d\u00f4vodu vyh\u00fdbaj\u00fa, pre mlad\u00fdch dospel\u00fdch na udr\u017eiavanie zdrav\u00e9ho kostn\u00e9ho tkaniva, pre osoby so zv\u00fd\u0161enou potrebou v\u00e1pnika, ako s\u00fa tehotn\u00e9 a doj\u010diace \u017eeny, \u017eeny v obdob\u00ed menopauzy aj po nej, osoby so sedav\u00fdm \u017eivotn\u00fdm \u0161t\u00fdlom a \u013eud\u00ed, ktor\u00ed \u010dasto dr\u017eia di\u00e9tu z d\u00f4vodu nedostato\u010dnej v\u00fd\u017eivy.<\/p>\n<p data-start=\"541\" data-end=\"992\"><strong data-start=\"541\" data-end=\"551\">v\u00e1pnik<\/strong><br data-start=\"551\" data-end=\"554\" \/>V\u00e1pnik prispieva k zn\u00ed\u017eeniu \u00fabytku miner\u00e1lov v kostiach u \u017eien po menopauze. N\u00edzka miner\u00e1lna hustota kost\u00ed je rizikov\u00fdm faktorom vzniku zlomen\u00edn sp\u00f4soben\u00fdch osteopor\u00f3zou. Tento priazniv\u00fd \u00fa\u010dinok sa dosiahne pri dennom pr\u00edjme minim\u00e1lne 1200 mg v\u00e1pnika zo v\u0161etk\u00fdch zdrojov u \u017eien nad 50 rokov. Ke\u010f\u017ee na vznik osteopor\u00f3zy vpl\u00fdva viacero rizikov\u00fdch faktorov, zmena jedn\u00e9ho z nich nemus\u00ed sama o sebe vies\u0165 k zn\u00ed\u017eeniu celkov\u00e9ho rizika ochorenia.<\/p>\n<p data-start=\"994\" data-end=\"1311\"><strong data-start=\"994\" data-end=\"1009\">upozornenie<\/strong><br data-start=\"1009\" data-end=\"1012\" \/>Osoby s ochoreniami obli\u010diek, pe\u010dene a \u017el\u010dov\u00fdch ciest, pacienti so srdcov\u00fdm zlyh\u00e1van\u00edm alebo u\u017e\u00edvaj\u00faci antikoagulanci\u00e1 typu kumar\u00ednu by mali u\u017e\u00edvanie pr\u00edpravku konzultova\u0165 s lek\u00e1rom. Odpor\u00fa\u010dan\u00fa denn\u00fa d\u00e1vku neprekra\u010dujte. Uchov\u00e1vajte mimo dosahu det\u00ed. Skladujte na suchom mieste pri teplote do 25 \u00b0C.<\/p>\n<p data-start=\"1313\" data-end=\"1664\"><strong data-start=\"1313\" data-end=\"1326\">k-vitam\u00edn<\/strong><br data-start=\"1326\" data-end=\"1329\" \/>K-vitam\u00edn prispieva k norm\u00e1lnej zr\u00e1\u017eanlivosti krvi a k udr\u017eaniu zdrav\u00fdch kost\u00ed. K-vitam\u00edn je skupina v tukoch rozpustn\u00fdch zl\u00fa\u010den\u00edn, medzi ktor\u00e9 patr\u00ed k1-vitam\u00edn (fylochin\u00f3n), ktor\u00fd sa nach\u00e1dza najm\u00e4 v listovej zelenine, a k2-vitam\u00edn (menachin\u00f3ny), ktor\u00fd z\u00edskavame najm\u00e4 z potrav\u00edn \u017eivo\u010d\u00ed\u0161neho p\u00f4vodu, ako s\u00fa pe\u010de\u0148, m\u00e4so, syry a vajcia.<\/p>\n<p data-start=\"1666\" data-end=\"2041\"><strong data-start=\"1666\" data-end=\"1686\">v\u00fd\u017eivov\u00e9 hodnoty<\/strong><br data-start=\"1686\" data-end=\"1689\" \/>Dve filmom obalen\u00e9 tablety obsahuj\u00fa 6,51 kJ \/ 1,6 kcal, 0,028 g tukov (z toho 0,02 g nas\u00fdten\u00fdch mastn\u00fdch kysel\u00edn), 0,18 g sacharidov (z toho 0,035 g cukrov), 0,34 g vl\u00e1kniny, 0 g bielkov\u00edn a 0 g soli. V 100 g v\u00fdrobku je to 225 kJ \/ 55 kcal, 1,0 g tukov (0,8 g nas\u00fdten\u00fdch tukov), 6,1 g sacharidov (1,2 g cukrov), 12 g vl\u00e1kniny, 0 g bielkov\u00edn a 0 g soli.<\/p>\n<p data-start=\"2043\" data-end=\"2661\"><strong data-start=\"2043\" data-end=\"2055\">zlo\u017eenie<\/strong><br data-start=\"2055\" data-end=\"2058\" \/>Uhli\u010ditan v\u00e1penat\u00fd, plnidl\u00e1 (mikrokry\u0161talick\u00e1 celul\u00f3za, hydroxypropylmetylcelul\u00f3za, mannitol), oxid hore\u010dnat\u00fd, maltodextr\u00edn, glukon\u00e1t zino\u010dnat\u00fd, l\u00e1tky protihrudkavosti (stearan hore\u010dnat\u00fd, sodno-hlinit\u00fd silik\u00e1t), sachar\u00f3za, ry\u017eov\u00fd \u0161krob, emulg\u00e1tory (hydroxypropylcelul\u00f3za, estery mastn\u00fdch kysel\u00edn so sachar\u00f3zou, arabsk\u00e1 guma, polysorb\u00e1t 80, trikalciumfosf\u00e1t), nosi\u010de (polyetyl\u00e9nglykol, modifikovan\u00fd kukuri\u010dn\u00fd \u0161krob), s\u00edran mang\u00e1nat\u00fd, triglyceridy so stredne dlh\u00fdm re\u0165azcom, \u017eelat\u00edna, kukuri\u010dn\u00fd \u0161krob, farbiv\u00e1 (oxid \u017eelezit\u00fd \u017elt\u00fd, \u010derven\u00fd, \u010dierny), antioxidant BHT, fylochin\u00f3n, kolekalciferol, menachin\u00f3n.<\/p>\n<p data-start=\"2663\" data-end=\"2902\"><strong data-start=\"2663\" data-end=\"2693\">\u00fa\u010dinn\u00e9 l\u00e1tky v 2 tablet\u00e1ch<\/strong><br data-start=\"2693\" data-end=\"2696\" \/>D3-vitam\u00edn 37,5 \u03bcg (1500 IU), k-vitam\u00edn v osteokinon forme 75 \u03bcg (z toho 52,5 \u03bcg k1 a 22,5 \u03bcg k2), v\u00e1pnik 800 mg, hor\u010d\u00edk 150 mg, zinok 10 mg, mang\u00e1n 2 mg. V\u0161etky hodnoty okrem hor\u010d\u00edka predstavuj\u00fa 100 % RVH.<\/p>\n<p data-start=\"2904\" data-end=\"2946\"><strong data-start=\"2904\" data-end=\"2915\">balenie<\/strong><br data-start=\"2915\" data-end=\"2918\" \/>60 filmom obalen\u00fdch tabliet.<\/p>\n\n\n<p><\/p>","protected":false},"excerpt":{"rendered":"<p>V\u00e1pnik prispieva k zn\u00ed\u017eeniu \u00fabytku miner\u00e1lov v kostiach u \u017eien po menopauze&#8230;. <a href=\"#tab-description\" class=\"more-link\">Read more<\/a><\/p>","protected":false},"featured_media":10669,"comment_status":"open","ping_status":"closed","template":"","meta":{"inline_featured_image":false},"product_brand":[],"product_cat":[69,146],"product_tag":[309,313,311],"class_list":{"0":"post-10666","1":"product","2":"type-product","3":"status-publish","4":"has-post-thumbnail","6":"product_cat-vyzivove-doplnky","7":"product_cat-klby-a-reuma","8":"product_tag-novinky","9":"product_tag-top-ostatne","10":"product_tag-top-vyzivove-doplnky","12":"first","13":"onbackorder","14":"taxable","15":"shipping-taxable","16":"purchasable","17":"product-type-simple"},"aioseo_notices":[],"_links":{"self":[{"href":"https:\/\/www.biokari.sk\/en\/wp-json\/wp\/v2\/product\/10666","targetHints":{"allow":["GET"]}}],"collection":[{"href":"https:\/\/www.biokari.sk\/en\/wp-json\/wp\/v2\/product"}],"about":[{"href":"https:\/\/www.biokari.sk\/en\/wp-json\/wp\/v2\/types\/product"}],"replies":[{"embeddable":true,"href":"https:\/\/www.biokari.sk\/en\/wp-json\/wp\/v2\/comments?post=10666"}],"wp:featuredmedia":[{"embeddable":true,"href":"https:\/\/www.biokari.sk\/en\/wp-json\/wp\/v2\/media\/10669"}],"wp:attachment":[{"href":"https:\/\/www.biokari.sk\/en\/wp-json\/wp\/v2\/media?parent=10666"}],"wp:term":[{"taxonomy":"product_brand","embeddable":true,"href":"https:\/\/www.biokari.sk\/en\/wp-json\/wp\/v2\/product_brand?post=10666"},{"taxonomy":"product_cat","embeddable":true,"href":"https:\/\/www.biokari.sk\/en\/wp-json\/wp\/v2\/product_cat?post=10666"},{"taxonomy":"product_tag","embeddable":true,"href":"https:\/\/www.biokari.sk\/en\/wp-json\/wp\/v2\/product_tag?post=10666"}],"curies":[{"name":"wp","href":"https:\/\/api.w.org\/{rel}","templated":true}]}}