{"id":10673,"date":"2025-11-21T15:04:35","date_gmt":"2025-11-21T14:04:35","guid":{"rendered":"https:\/\/www.biokari.sk\/produkt\/dr-kelen-krem-na-dia-nohy-100ml\/"},"modified":"2026-04-19T19:01:32","modified_gmt":"2026-04-19T17:01:32","slug":"dr-kelen-krem-na-dia-nohy-100ml","status":"publish","type":"product","link":"https:\/\/www.biokari.sk\/en\/product\/dr-kelen-krem-na-dia-nohy-100ml\/","title":{"rendered":"Dr.kelen Kr\u00e9m na dia nohy 100ml"},"content":{"rendered":"<p><strong>Recommended use:<\/strong> kr\u00e9m ur\u010den\u00fd na o\u0161etrenie a prevenciu tzv. diabetick\u00e9ho chodidla, ktor\u00fd je vhodn\u00fd na ochranu poko\u017eky n\u00f4h, jej odborn\u00fa starostlivos\u0165 a udr\u017eiavanie v optim\u00e1lnom stave. Pravideln\u00e9 pou\u017e\u00edvanie m\u00f4\u017ee pom\u00f4c\u0165 predch\u00e1dza\u0165 ko\u017en\u00fdm zmen\u00e1m a po\u0161kodeniam.<\/p>\n\n\n\n<p>Akt\u00edvne l\u00e1tky s regenera\u010dn\u00fdmi, proti svrbeniu p\u00f4sobiacimi, antibakteri\u00e1lnymi a mikrocirkul\u00e1ciu podporuj\u00facimi vlastnos\u0165ami s\u00fa <strong>L-argin\u00edn, niacinamid, rut\u00edn, tea tree olej, mentol a kapsaic\u00edn<\/strong>. Kr\u00e9m sa odpor\u00fa\u010da pou\u017e\u00edva\u0165 na neporu\u0161en\u00fa poko\u017eku 2\u20133\u00d7 denne. Mierne za\u010dervenanie alebo pr\u00edjemn\u00fd pocit tepla s\u00fa prirodzen\u00e9 a m\u00f4\u017eu pretrv\u00e1va\u0165 aj jednu hodinu.<\/p>\n\n\n\n<p>Pr\u00edpravok <strong>neobsahuje konzerva\u010dn\u00e9 l\u00e1tky, umel\u00e9 farbiv\u00e1 ani syntetick\u00e9 parfumy<\/strong>. Vyvinut\u00fd farmaceutmi. Produkt pod\u013ea nariadenia <strong>1223\/2009 EC<\/strong>.<\/p>\n\n\n\n<p><strong>Akt\u00edvne l\u00e1tky:<\/strong> L-argin\u00edn, niacinamid, rutin (japonsk\u00e1 pagoda), tea tree olej, extrakt z papriky, mentol, allantoin, zelen\u00e1 k\u00e1va, rozmar\u00edn, citronella<br><strong>Volume:<\/strong> 100 ml<\/p>\n\n\n\n<hr class=\"wp-block-separator has-alpha-channel-opacity\" \/>","protected":false},"excerpt":{"rendered":"<p>Akt\u00edvne l\u00e1tky s regenera\u010dn\u00fdmi, proti svrbeniu p\u00f4sobiacimi, antibakteri\u00e1lnymi a mikrocirkul\u00e1ciu podporuj\u00facimi vlastnos\u0165ami&#8230; <a href=\"#tab-description\" class=\"more-link\">Read more<\/a><\/p>","protected":false},"featured_media":10674,"comment_status":"open","ping_status":"closed","template":"","meta":{"inline_featured_image":false},"product_brand":[],"product_cat":[249,19],"product_tag":[309,313],"class_list":{"0":"post-10673","1":"product","2":"type-product","3":"status-publish","4":"has-post-thumbnail","6":"product_cat-kozmeticke-vyrobky","7":"product_cat-ostatne","8":"product_tag-novinky","9":"product_tag-top-ostatne","11":"first","12":"instock","13":"taxable","14":"shipping-taxable","15":"purchasable","16":"product-type-simple"},"aioseo_notices":[],"_links":{"self":[{"href":"https:\/\/www.biokari.sk\/en\/wp-json\/wp\/v2\/product\/10673","targetHints":{"allow":["GET"]}}],"collection":[{"href":"https:\/\/www.biokari.sk\/en\/wp-json\/wp\/v2\/product"}],"about":[{"href":"https:\/\/www.biokari.sk\/en\/wp-json\/wp\/v2\/types\/product"}],"replies":[{"embeddable":true,"href":"https:\/\/www.biokari.sk\/en\/wp-json\/wp\/v2\/comments?post=10673"}],"wp:featuredmedia":[{"embeddable":true,"href":"https:\/\/www.biokari.sk\/en\/wp-json\/wp\/v2\/media\/10674"}],"wp:attachment":[{"href":"https:\/\/www.biokari.sk\/en\/wp-json\/wp\/v2\/media?parent=10673"}],"wp:term":[{"taxonomy":"product_brand","embeddable":true,"href":"https:\/\/www.biokari.sk\/en\/wp-json\/wp\/v2\/product_brand?post=10673"},{"taxonomy":"product_cat","embeddable":true,"href":"https:\/\/www.biokari.sk\/en\/wp-json\/wp\/v2\/product_cat?post=10673"},{"taxonomy":"product_tag","embeddable":true,"href":"https:\/\/www.biokari.sk\/en\/wp-json\/wp\/v2\/product_tag?post=10673"}],"curies":[{"name":"wp","href":"https:\/\/api.w.org\/{rel}","templated":true}]}}