{"id":10694,"date":"2025-11-21T16:28:19","date_gmt":"2025-11-21T15:28:19","guid":{"rendered":"https:\/\/www.biokari.sk\/produkt\/natura-brokolica-na-klicenie-200g\/"},"modified":"2026-05-03T19:01:35","modified_gmt":"2026-05-03T17:01:35","slug":"natura-brokolica-na-klicenie-200g","status":"publish","type":"product","link":"https:\/\/www.biokari.sk\/en\/product\/natura-brokolica-na-klicenie-200g\/","title":{"rendered":"Natura Brokolica na kl\u00ed\u010denie 200g"},"content":{"rendered":"<p>Brokolicov\u00e9 kl\u00ed\u010dky s\u00fa mimoriadne zdrav\u00e9, ich chu\u0165 pripom\u00edna \u010derstv\u00fa kapustu a je mierne pikantn\u00e1. Jednoducho sa pestuj\u00fa aj v dom\u00e1cich podmienkach a s\u00fa vhodn\u00e9 na ka\u017edodenn\u00fd pr\u00edjem vitam\u00ednov a miner\u00e1lnych l\u00e1tok. Kl\u00ed\u010den\u00edm brokolicov\u00fdch semien si m\u00f4\u017eeme \u013eahko dopestova\u0165 vlastn\u00fa \u201evitam\u00ednov\u00fa bombu\u201c. Brokolicov\u00e9 kl\u00ed\u010dky obsahuj\u00fa ve\u013ek\u00e9 mno\u017estvo v\u00e1pnika a l\u00e1tku naz\u00fdvan\u00fa <strong>sulforaf\u00e1n<\/strong>, ktor\u00e1 je zn\u00e1ma t\u00fdm, \u017ee pom\u00e1ha ni\u010di\u0165 bakt\u00e9riu <em>Helicobacter pylori<\/em>, zodpovedn\u00fa za vznik \u017eal\u00fado\u010dn\u00fdch vredov aj za niektor\u00e9 n\u00e1dorov\u00e9 ochorenia \u017eal\u00fadka.<\/p>\n\n\n\n<p>V\u00fdhody pestovania brokolicov\u00fdch semien na kl\u00ed\u010denie s\u00fa mnoh\u00e9: dom\u00e1ce kl\u00ed\u010denie je jednoduch\u00e9, brokolicov\u00e9 kl\u00ed\u010dky s\u00fa ve\u013emi zdrav\u00e9, bohat\u00e9 na vitam\u00edny a miner\u00e1ly, obsahuj\u00fa sulforaf\u00e1n s protin\u00e1dorov\u00fdm \u00fa\u010dinkom a prispievaj\u00fa k harmoniz\u00e1cii organizmu.<\/p>\n\n\n\n<p>Pou\u017eitie brokolicov\u00fdch semien D\u00e9nes Natura na kl\u00ed\u010denie je jednoduch\u00e9. Semen\u00e1 je potrebn\u00e9 najsk\u00f4r namo\u010di\u0165 na 4 hodiny, n\u00e1sledne ich dvakr\u00e1t denne preplachova\u0165. Doba kl\u00ed\u010denia je 3\u20135 dn\u00ed a d\u013a\u017eka hotov\u00fdch kl\u00ed\u010dkov pribli\u017ene 6\u20138 mm.<\/p>\n\n\n\n<p><strong>Composition:<\/strong> brokolicov\u00e9 semen\u00e1 na kl\u00ed\u010denie.<br>Balen\u00e9 v prev\u00e1dzke, kde sa sprac\u00fava ara\u0161id, lepok a sezam.<\/p>","protected":false},"excerpt":{"rendered":"<p>Brokolicov\u00e9 kl\u00ed\u010dky s\u00fa mimoriadne zdrav\u00e9, ich chu\u0165 pripom\u00edna \u010derstv\u00fa kapustu a je mierne pikantn\u00e1. Jednoducho sa pestuj\u00fa aj v dom\u00e1cich podmienkach&#8230; <a href=\"#tab-description\" class=\"more-link\">Read more<\/a><\/p>","protected":false},"featured_media":10697,"comment_status":"open","ping_status":"closed","template":"","meta":{"inline_featured_image":false},"product_brand":[],"product_cat":[320,71],"product_tag":[],"class_list":{"0":"post-10694","1":"product","2":"type-product","3":"status-publish","4":"has-post-thumbnail","6":"product_cat-klicenie","7":"product_cat-potraviny","9":"first","10":"instock","11":"taxable","12":"shipping-taxable","13":"purchasable","14":"product-type-simple"},"aioseo_notices":[],"_links":{"self":[{"href":"https:\/\/www.biokari.sk\/en\/wp-json\/wp\/v2\/product\/10694","targetHints":{"allow":["GET"]}}],"collection":[{"href":"https:\/\/www.biokari.sk\/en\/wp-json\/wp\/v2\/product"}],"about":[{"href":"https:\/\/www.biokari.sk\/en\/wp-json\/wp\/v2\/types\/product"}],"replies":[{"embeddable":true,"href":"https:\/\/www.biokari.sk\/en\/wp-json\/wp\/v2\/comments?post=10694"}],"wp:featuredmedia":[{"embeddable":true,"href":"https:\/\/www.biokari.sk\/en\/wp-json\/wp\/v2\/media\/10697"}],"wp:attachment":[{"href":"https:\/\/www.biokari.sk\/en\/wp-json\/wp\/v2\/media?parent=10694"}],"wp:term":[{"taxonomy":"product_brand","embeddable":true,"href":"https:\/\/www.biokari.sk\/en\/wp-json\/wp\/v2\/product_brand?post=10694"},{"taxonomy":"product_cat","embeddable":true,"href":"https:\/\/www.biokari.sk\/en\/wp-json\/wp\/v2\/product_cat?post=10694"},{"taxonomy":"product_tag","embeddable":true,"href":"https:\/\/www.biokari.sk\/en\/wp-json\/wp\/v2\/product_tag?post=10694"}],"curies":[{"name":"wp","href":"https:\/\/api.w.org\/{rel}","templated":true}]}}