{"id":10701,"date":"2025-11-21T16:44:25","date_gmt":"2025-11-21T15:44:25","guid":{"rendered":"https:\/\/www.biokari.sk\/produkt\/trigramm-kokosovy-prasok-300g\/"},"modified":"2026-04-04T19:02:01","modified_gmt":"2026-04-04T17:02:01","slug":"trigramm-kokosovy-prasok-300g","status":"publish","type":"product","link":"https:\/\/www.biokari.sk\/en\/product\/trigramm-kokosovy-prasok-300g\/","title":{"rendered":"Trigramm Kokosov\u00fd pr\u00e1\u0161ok 300g"},"content":{"rendered":"<p>Kokosov\u00fd su\u0161en\u00fd n\u00e1poj v pr\u00e1\u0161ku bez pridan\u00e9ho cukru.<\/p>\n\n\n\n<p>Produkt je <strong>bez lepku, bez lakt\u00f3zy a bez kaze\u00ednu<\/strong>. Neobsahuje \u017eiadne \u017eivo\u010d\u00ed\u0161ne zlo\u017eky, je vhodn\u00fd pre <strong>veg\u00e1nov<\/strong>.<\/p>\n\n\n\n<p><strong>Composition:<\/strong> kokosov\u00e9 mlieko v pr\u00e1\u0161ku, protihrudkuj\u00faca l\u00e1tka: maltodextr\u00edn.<\/p>\n\n\n\n<p><strong>Priemern\u00e9 v\u00fd\u017eivov\u00e9 hodnoty na 100 g produktu:<\/strong><br>Energia: 1853 kJ \/ 441 kcal<br>Tuky: 36 g<br>\u2013 z toho nas\u00fdten\u00e9 mastn\u00e9 kyseliny: 34 g<br>Sacharidy: 54 g<br>\u2013 z toho cukry: 11 g<br>Bielkoviny: 5 g<br>So\u013e: 0 g<\/p>\n\n\n\n<p><strong>Recommended use:<\/strong> produkt je vhodn\u00fd na pe\u010denie, varenie, do smoothie, ka\u0161\u00ed alebo do k\u00e1vy. V mnoh\u00fdch pr\u00edpadoch m\u00f4\u017ee nahradi\u0165 klasick\u00e9 su\u0161en\u00e9 mlieko. Pod\u013ea pomeru riedenia je mo\u017en\u00e9 pripravi\u0165 z neho n\u00edzkotu\u010dn\u00e9 aj plnotu\u010dn\u00e9 kokosov\u00e9 mlieko.<\/p>\n\n\n\n<p><strong>Storage:<\/strong> uchov\u00e1va\u0165 na suchom, chladnom a tmavom mieste.<\/p>\n\n\n\n<p><strong>Weight:<\/strong> 300 g<\/p>","protected":false},"excerpt":{"rendered":"<p>Kokosov\u00fd su\u0161en\u00fd n\u00e1poj v pr\u00e1\u0161ku bez pridan\u00e9ho cukru&#8230;. <a href=\"#tab-description\" class=\"more-link\">Read more<\/a><\/p>","protected":false},"featured_media":10702,"comment_status":"open","ping_status":"closed","template":"","meta":{"inline_featured_image":false},"product_brand":[],"product_cat":[71,166],"product_tag":[309,312],"class_list":{"0":"post-10701","1":"product","2":"type-product","3":"status-publish","4":"has-post-thumbnail","6":"product_cat-potraviny","7":"product_cat-muky","8":"product_tag-novinky","9":"product_tag-top-potraviny","11":"first","12":"instock","13":"taxable","14":"shipping-taxable","15":"purchasable","16":"product-type-simple"},"aioseo_notices":[],"_links":{"self":[{"href":"https:\/\/www.biokari.sk\/en\/wp-json\/wp\/v2\/product\/10701","targetHints":{"allow":["GET"]}}],"collection":[{"href":"https:\/\/www.biokari.sk\/en\/wp-json\/wp\/v2\/product"}],"about":[{"href":"https:\/\/www.biokari.sk\/en\/wp-json\/wp\/v2\/types\/product"}],"replies":[{"embeddable":true,"href":"https:\/\/www.biokari.sk\/en\/wp-json\/wp\/v2\/comments?post=10701"}],"wp:featuredmedia":[{"embeddable":true,"href":"https:\/\/www.biokari.sk\/en\/wp-json\/wp\/v2\/media\/10702"}],"wp:attachment":[{"href":"https:\/\/www.biokari.sk\/en\/wp-json\/wp\/v2\/media?parent=10701"}],"wp:term":[{"taxonomy":"product_brand","embeddable":true,"href":"https:\/\/www.biokari.sk\/en\/wp-json\/wp\/v2\/product_brand?post=10701"},{"taxonomy":"product_cat","embeddable":true,"href":"https:\/\/www.biokari.sk\/en\/wp-json\/wp\/v2\/product_cat?post=10701"},{"taxonomy":"product_tag","embeddable":true,"href":"https:\/\/www.biokari.sk\/en\/wp-json\/wp\/v2\/product_tag?post=10701"}],"curies":[{"name":"wp","href":"https:\/\/api.w.org\/{rel}","templated":true}]}}