{"id":10719,"date":"2025-12-01T14:29:39","date_gmt":"2025-12-01T13:29:39","guid":{"rendered":"https:\/\/www.biokari.sk\/produkt\/lipocell-liposomalny-vitamin-c-1000mg-250ml\/"},"modified":"2026-04-20T19:01:59","modified_gmt":"2026-04-20T17:01:59","slug":"lipocell-liposomalny-vitamin-c-1000mg-250ml","status":"publish","type":"product","link":"https:\/\/www.biokari.sk\/en\/product\/lipocell-liposomalny-vitamin-c-1000mg-250ml\/","title":{"rendered":"Lipocell Liposomaln\u00fd vitam\u00edn C 1000mg 250ml"},"content":{"rendered":"<p>Pr\u00edpravok obsahuje v 5 ml <strong>1000 mg vitam\u00ednu C (1250 % RVH)<\/strong>, ktor\u00fd podporuje spr\u00e1vne fungovanie imunitn\u00e9ho syst\u00e9mu a prispieva k ochrane buniek pred oxida\u010dn\u00fdm stresom. Okrem vitam\u00ednu C obsahuje aj <strong>10 mg citrusov\u00fdch bioflavonoidov<\/strong>, ktor\u00e9 svojimi prirodzen\u00fdmi antioxida\u010dn\u00fdmi vlastnos\u0165ami zvy\u0161uj\u00fa \u00fa\u010dinok vitam\u00ednu. V\u00fdrobok m\u00e1 pr\u00edjemn\u00fa pr\u00edrodn\u00fa pomaran\u010dov\u00fa ar\u00f3mu a v\u010faka rastlinn\u00e9mu glycer\u00ednu sa \u013eahko rozp\u00fa\u0161\u0165a vo vode alebo inej tekutine.<\/p>\n\n\n\n<p><strong>Composition:<\/strong> \u010cisten\u00e1 voda, rastlinn\u00fd glycer\u00edn, <strong>vitam\u00edn C (Na-L-askorb\u00e1t)<\/strong>, regul\u00e1tor kyslosti: kyselina citr\u00f3nov\u00e1, emulg\u00e1tor: <strong>s\u00f3jov\u00fd lecit\u00edn<\/strong>, pr\u00edrodn\u00fd pomaran\u010dov\u00fd koncentr\u00e1t, antioxidant: <strong>citrusov\u00e9 bioflavonoidy<\/strong>.<\/p>\n\n\n\n<p><strong>Dosage:<\/strong> Odpor\u00fa\u010dan\u00e1 denn\u00e1 d\u00e1vka je <strong>5 ml<\/strong>, ktor\u00e9 je mo\u017en\u00e9 odmera\u0165 prilo\u017eenou odmerkou alebo jednou \u010dajovou ly\u017ei\u010dkou. Denn\u00fa d\u00e1vku sa odpor\u00fa\u010da rozmie\u0161a\u0165 v <strong>1\u20132 dl \u013eubovo\u013enej tekutiny<\/strong> (voda, \u010daj, d\u017e\u00fas a pod.). <strong>Pred pou\u017eit\u00edm pretrepa\u0165.<\/strong><\/p>\n\n\n\n<p><strong>Warning:<\/strong> Nutritional supplement <strong>nenahr\u00e1dza<\/strong> pestr\u00fa a vyv\u00e1\u017een\u00fa stravu ani zdrav\u00fd \u017eivotn\u00fd \u0161t\u00fdl. Uchov\u00e1vajte <strong>out of reach of children<\/strong>. Neprekra\u010dujte odpor\u00fa\u010dan\u00fa denn\u00fa d\u00e1vku. V\u00fdrobok neu\u017e\u00edvajte, ak ste alergick\u00fd alebo citliv\u00fd na ktor\u00fako\u013evek z jeho zlo\u017eiek.<\/p>\n\n\n\n<p><strong>Packaging:<\/strong> 250 ml<\/p>","protected":false},"excerpt":{"rendered":"<p>Pr\u00edpravok obsahuje v 5 ml 1000 mg vitam\u00ednu C (1250 % RVH)&#8230; <a href=\"#tab-description\" class=\"more-link\">Read more<\/a><\/p>","protected":false},"featured_media":10721,"comment_status":"open","ping_status":"closed","template":"","meta":{"inline_featured_image":false},"product_brand":[341],"product_cat":[69,140],"product_tag":[],"class_list":{"0":"post-10719","1":"product","2":"type-product","3":"status-publish","4":"has-post-thumbnail","6":"product_brand-hymato","7":"product_cat-vyzivove-doplnky","8":"product_cat-posilnenie-imunity","10":"first","11":"instock","12":"taxable","13":"shipping-taxable","14":"purchasable","15":"product-type-simple"},"aioseo_notices":[],"_links":{"self":[{"href":"https:\/\/www.biokari.sk\/en\/wp-json\/wp\/v2\/product\/10719","targetHints":{"allow":["GET"]}}],"collection":[{"href":"https:\/\/www.biokari.sk\/en\/wp-json\/wp\/v2\/product"}],"about":[{"href":"https:\/\/www.biokari.sk\/en\/wp-json\/wp\/v2\/types\/product"}],"replies":[{"embeddable":true,"href":"https:\/\/www.biokari.sk\/en\/wp-json\/wp\/v2\/comments?post=10719"}],"wp:featuredmedia":[{"embeddable":true,"href":"https:\/\/www.biokari.sk\/en\/wp-json\/wp\/v2\/media\/10721"}],"wp:attachment":[{"href":"https:\/\/www.biokari.sk\/en\/wp-json\/wp\/v2\/media?parent=10719"}],"wp:term":[{"taxonomy":"product_brand","embeddable":true,"href":"https:\/\/www.biokari.sk\/en\/wp-json\/wp\/v2\/product_brand?post=10719"},{"taxonomy":"product_cat","embeddable":true,"href":"https:\/\/www.biokari.sk\/en\/wp-json\/wp\/v2\/product_cat?post=10719"},{"taxonomy":"product_tag","embeddable":true,"href":"https:\/\/www.biokari.sk\/en\/wp-json\/wp\/v2\/product_tag?post=10719"}],"curies":[{"name":"wp","href":"https:\/\/api.w.org\/{rel}","templated":true}]}}