{"id":10722,"date":"2025-12-01T14:38:50","date_gmt":"2025-12-01T13:38:50","guid":{"rendered":"https:\/\/www.biokari.sk\/produkt\/lipocell-liposonalny-zelezo-tekutiny-150ml\/"},"modified":"2026-04-26T19:01:53","modified_gmt":"2026-04-26T17:01:53","slug":"lipocell-liposonalny-zelezo-tekutiny-150ml","status":"publish","type":"product","link":"https:\/\/www.biokari.sk\/en\/product\/lipocell-liposonalny-zelezo-tekutiny-150ml\/","title":{"rendered":"Lipocell Liposonaln\u00fd \u017eelezo tekutiny 150ml"},"content":{"rendered":"<p>VasMenta je <strong>liposom\u00e1lny tekut\u00fd v\u00fd\u017eivov\u00fd doplnok<\/strong> s obsahom \u017eeleza a pr\u00edjemnou <strong>m\u00e4tovou pr\u00edchu\u0165ou<\/strong>, bez kovovej pachuti. V\u00fdrobok je odpor\u00fa\u010dan\u00fd najm\u00e4 pri <strong>poruch\u00e1ch vstreb\u00e1vania \u017eeleza<\/strong> a pri <strong>nedostatku \u017eeleza<\/strong>, pri\u010dom jeho tekut\u00e1 forma a liposom\u00e1lna technol\u00f3gia podporuj\u00fa lep\u0161iu vyu\u017eite\u013enos\u0165 organizmom. Pr\u00edpravok je mo\u017en\u00e9 u\u017e\u00edva\u0165 samostatne alebo rozmie\u0161an\u00fd v \u013eubovo\u013enej tekutine.<\/p>\n\n\n\n<p>Denn\u00e1 d\u00e1vka 5 ml obsahuje:<br>\u2022 <strong>Hum\u00ednov\u00e1 kyselina:<\/strong> 100 mg<br>\u2022 <strong>PABA (para-aminobenzoov\u00e1 kyselina):<\/strong> 50 mg<br>\u2022 <strong>L-argin\u00edn:<\/strong> 50 mg<br>\u2022 <strong>\u017delezo:<\/strong> 35 mg<\/p>\n\n\n\n<p><strong>Composition:<\/strong> \u010cisten\u00e1 voda, <strong>roztok hum\u00ednovej kyseliny<\/strong>, <strong>\u017eelezo (Fe II-bisglycin\u00e1t)<\/strong>, regul\u00e1tor hustoty: <strong>jabl\u010dn\u00fd pekt\u00edn<\/strong>, emulg\u00e1tor: <strong>s\u00f3jov\u00fd lecit\u00edn<\/strong>, <strong>para-aminobenzoov\u00e1 kyselina (PABA)<\/strong>, <strong>L-argin\u00edn<\/strong>, konzerva\u010dn\u00e1 l\u00e1tka: <strong>draseln\u00fd sorb\u00e1t<\/strong>, mentol (<strong>0,045 % w\/w<\/strong>).<\/p>\n\n\n\n<p><strong>Dosage:<\/strong> Odpor\u00fa\u010dan\u00e1 denn\u00e1 d\u00e1vka je <strong>5 ml<\/strong>. V\u00fdrobok je mo\u017en\u00e9 u\u017ei\u0165 priamo alebo rozmie\u0161an\u00fd v tekutine. <strong>Pred pou\u017eit\u00edm pretrepa\u0165.<\/strong><br>\u2022 Neprekra\u010dova\u0165 odpor\u00fa\u010dan\u00fa denn\u00fa d\u00e1vku.<br>\u2022 Uchov\u00e1va\u0165 mimo dosahu det\u00ed.<br>\u2022 Nie je vhodn\u00e9 pre deti <strong>do 6 rokov<\/strong>.<\/p>\n\n\n\n<p><strong>Warning:<\/strong><br>V\u00fd\u017eivov\u00e9 doplnky sa pod\u013ea platn\u00fdch nariaden\u00ed E\u00da pova\u017euj\u00fa za potraviny, ktor\u00e9 dop\u013a\u0148aj\u00fa be\u017en\u00fa stravu v koncentrovanej forme. Pri ich ozna\u010dovan\u00ed alebo prezent\u00e1cii <strong>nie je dovolen\u00e9 uv\u00e1dza\u0165 lie\u010debn\u00e9 alebo prevent\u00edvne \u00fa\u010dinky<\/strong>. V\u00fdrobok <strong>nenahr\u00e1dza<\/strong> pestr\u00fa, vyv\u00e1\u017een\u00fa stravu a zdrav\u00fd \u017eivotn\u00fd \u0161t\u00fdl.<br>Produkt <strong>nelie\u010di ochorenia<\/strong> a <strong>nenahr\u00e1dza lek\u00e1rsku starostlivos\u0165<\/strong>. V pr\u00edpade ochorenia sa pora\u010fte so svoj\u00edm lek\u00e1rom.<br>Nepou\u017e\u00edvajte, ak ste alergick\u00fd alebo citliv\u00fd na niektor\u00fa zo zlo\u017eiek.<br>Nedostatok \u017eeleza aj nadmern\u00fd pr\u00edjem \u017eeleza m\u00f4\u017ee predstavova\u0165 zdravotn\u00e9 riziko.<\/p>\n\n\n\n<p><strong>Packaging:<\/strong> 150 ml<\/p>\n\n\n\n<hr class=\"wp-block-separator has-alpha-channel-opacity\" \/>","protected":false},"excerpt":{"rendered":"<p>VasMenta je liposom\u00e1lny tekut\u00fd v\u00fd\u017eivov\u00fd doplnok s obsahom \u017eeleza &#8230; <a href=\"#tab-description\" class=\"more-link\">Read more<\/a><\/p>","protected":false},"featured_media":10724,"comment_status":"open","ping_status":"closed","template":"","meta":{"inline_featured_image":false},"product_brand":[341],"product_cat":[69,140],"product_tag":[],"class_list":{"0":"post-10722","1":"product","2":"type-product","3":"status-publish","4":"has-post-thumbnail","6":"product_brand-hymato","7":"product_cat-vyzivove-doplnky","8":"product_cat-posilnenie-imunity","10":"first","11":"instock","12":"taxable","13":"shipping-taxable","14":"purchasable","15":"product-type-simple"},"aioseo_notices":[],"_links":{"self":[{"href":"https:\/\/www.biokari.sk\/en\/wp-json\/wp\/v2\/product\/10722","targetHints":{"allow":["GET"]}}],"collection":[{"href":"https:\/\/www.biokari.sk\/en\/wp-json\/wp\/v2\/product"}],"about":[{"href":"https:\/\/www.biokari.sk\/en\/wp-json\/wp\/v2\/types\/product"}],"replies":[{"embeddable":true,"href":"https:\/\/www.biokari.sk\/en\/wp-json\/wp\/v2\/comments?post=10722"}],"wp:featuredmedia":[{"embeddable":true,"href":"https:\/\/www.biokari.sk\/en\/wp-json\/wp\/v2\/media\/10724"}],"wp:attachment":[{"href":"https:\/\/www.biokari.sk\/en\/wp-json\/wp\/v2\/media?parent=10722"}],"wp:term":[{"taxonomy":"product_brand","embeddable":true,"href":"https:\/\/www.biokari.sk\/en\/wp-json\/wp\/v2\/product_brand?post=10722"},{"taxonomy":"product_cat","embeddable":true,"href":"https:\/\/www.biokari.sk\/en\/wp-json\/wp\/v2\/product_cat?post=10722"},{"taxonomy":"product_tag","embeddable":true,"href":"https:\/\/www.biokari.sk\/en\/wp-json\/wp\/v2\/product_tag?post=10722"}],"curies":[{"name":"wp","href":"https:\/\/api.w.org\/{rel}","templated":true}]}}