{"id":10725,"date":"2025-12-01T15:02:30","date_gmt":"2025-12-01T14:02:30","guid":{"rendered":"https:\/\/www.biokari.sk\/produkt\/prostacell-kapsuly-na-prostatu-60ks\/"},"modified":"2026-04-25T19:02:12","modified_gmt":"2026-04-25T17:02:12","slug":"prostacell-kapsuly-na-prostatu-60ks","status":"publish","type":"product","link":"https:\/\/www.biokari.sk\/en\/product\/prostacell-kapsuly-na-prostatu-60ks\/","title":{"rendered":"Prostacell kapsuly na prostatu 60ks"},"content":{"rendered":"<p>ProstaCell je v\u00fd\u017eivov\u00fd doplnok s obsahom <strong>beta-sitosterolu, extraktu z kore\u0148a \u017eih\u013eavy, extraktu zo saw palmetta, koenz\u00fdmu Q10, hum\u00ednov\u00fdch kysel\u00edn, lykop\u00e9nu a \u017eiv\u00fdch kult\u00far<\/strong>, ktor\u00e9 spolo\u010dne prispievaj\u00fa k podpore <strong>zdrav\u00e9ho fungovania prostaty<\/strong>. Zlo\u017eenie dop\u013a\u0148aj\u00fa miner\u00e1ly <strong>zinok, b\u00f3r a sel\u00e9n<\/strong>, ktor\u00e9 zohr\u00e1vaj\u00fa d\u00f4le\u017eit\u00fa \u00falohu pri udr\u017ean\u00ed norm\u00e1lnych funkci\u00ed prostaty.<\/p>\n\n\n\n<p>Extrakt z kore\u0148a \u017eih\u013eavy prispieva k udr\u017eaniu <strong>zdravia prostaty<\/strong>, beta-sitosterol podporuje <strong>norm\u00e1lnu \u010dinnos\u0165 prostaty a obli\u010diek<\/strong>, lykop\u00e9n prispieva k ochrane buniek pred <strong>oxida\u010dn\u00fdm po\u0161koden\u00edm prostaty<\/strong>, zatia\u013e \u010do zinok, b\u00f3r a sel\u00e9n pom\u00e1haj\u00fa zachova\u0165 zdrav\u00fa funkciu prostaty a reproduk\u010dn\u00e9ho syst\u00e9mu.<\/p>\n\n\n\n<p><strong>Composition:<\/strong> Extrakt z kore\u0148a \u017eih\u013eavy dvojdomej (10:1); <strong>beta-sitosterol 40 %<\/strong>; diindolylmet\u00e1n; extrakt z plodov saw palmetta (45 % mastn\u00fdch kysel\u00edn); Ca-hydroxybutyr\u00e1t; <strong>coenzyme Q10<\/strong>; hum\u00ednov\u00e9 kyseliny; <strong>Bacillus coagulans<\/strong>; zinok (Zn-bisglycin\u00e1t); b\u00f3r (Na-tetrabor\u00e1t); vitam\u00edn B6 (pyridox\u00edn-hydrochlorid); vitam\u00edn D3 (cholekalciferol); <strong>Bacillus subtilis<\/strong>; me\u010f (Cu-bisglycin\u00e1t); sel\u00e9n (n\u00e1trium-selenit).<\/p>\n\n\n\n<p><strong>Dosage:<\/strong> Odpor\u00fa\u010dan\u00e1 denn\u00e1 d\u00e1vka je <strong>1 capsule daily<\/strong>, najlep\u0161ie <strong>pred jedlom<\/strong>, zapit\u00e1 \u013eubovo\u013enou tekutinou (voda, \u010daj, d\u017e\u00fas). U\u017eitie sa odpor\u00fa\u010da <strong>r\u00e1no alebo na obed<\/strong>.<\/p>\n\n\n\n<p><strong>Warning:<\/strong><br>Neprekra\u010dujte odpor\u00fa\u010dan\u00fa denn\u00fa d\u00e1vku. Uchov\u00e1vajte <strong>out of reach of children<\/strong>. Skladujte na suchom, chladnom mieste, chr\u00e1nen\u00e9 pred teplom a svetlom.<br>Nutritional supplement <strong>nenahr\u00e1dza<\/strong> pestr\u00fa a vyv\u00e1\u017een\u00fa stravu ani zdrav\u00fd \u017eivotn\u00fd \u0161t\u00fdl. Produkt <strong>nie je liek<\/strong>, nelie\u010di ochorenia a <strong>nenahr\u00e1dza lek\u00e1rsku starostlivos\u0165<\/strong>. V pr\u00edpade ochorenia konzultujte u\u017e\u00edvanie so svoj\u00edm lek\u00e1rom.<br>Nepou\u017e\u00edvajte, ak ste alergick\u00fd alebo citliv\u00fd na niektor\u00fa zo zlo\u017eiek v\u00fdrobku.<\/p>\n\n\n\n<p><strong>Packaging:<\/strong> 60 kaps\u00fal<\/p>","protected":false},"excerpt":{"rendered":"<p>ProstaCell je v\u00fd\u017eivov\u00fd doplnok s obsahom beta-sitosterolu&#8230; <a href=\"#tab-description\" class=\"more-link\">Read more<\/a><\/p>","protected":false},"featured_media":10727,"comment_status":"open","ping_status":"closed","template":"","meta":{"inline_featured_image":false},"product_brand":[341],"product_cat":[69],"product_tag":[],"class_list":{"0":"post-10725","1":"product","2":"type-product","3":"status-publish","4":"has-post-thumbnail","6":"product_brand-hymato","7":"product_cat-vyzivove-doplnky","9":"first","10":"instock","11":"taxable","12":"shipping-taxable","13":"purchasable","14":"product-type-simple"},"aioseo_notices":[],"_links":{"self":[{"href":"https:\/\/www.biokari.sk\/en\/wp-json\/wp\/v2\/product\/10725","targetHints":{"allow":["GET"]}}],"collection":[{"href":"https:\/\/www.biokari.sk\/en\/wp-json\/wp\/v2\/product"}],"about":[{"href":"https:\/\/www.biokari.sk\/en\/wp-json\/wp\/v2\/types\/product"}],"replies":[{"embeddable":true,"href":"https:\/\/www.biokari.sk\/en\/wp-json\/wp\/v2\/comments?post=10725"}],"wp:featuredmedia":[{"embeddable":true,"href":"https:\/\/www.biokari.sk\/en\/wp-json\/wp\/v2\/media\/10727"}],"wp:attachment":[{"href":"https:\/\/www.biokari.sk\/en\/wp-json\/wp\/v2\/media?parent=10725"}],"wp:term":[{"taxonomy":"product_brand","embeddable":true,"href":"https:\/\/www.biokari.sk\/en\/wp-json\/wp\/v2\/product_brand?post=10725"},{"taxonomy":"product_cat","embeddable":true,"href":"https:\/\/www.biokari.sk\/en\/wp-json\/wp\/v2\/product_cat?post=10725"},{"taxonomy":"product_tag","embeddable":true,"href":"https:\/\/www.biokari.sk\/en\/wp-json\/wp\/v2\/product_tag?post=10725"}],"curies":[{"name":"wp","href":"https:\/\/api.w.org\/{rel}","templated":true}]}}