{"id":10728,"date":"2025-12-01T15:12:28","date_gmt":"2025-12-01T14:12:28","guid":{"rendered":"https:\/\/www.biokari.sk\/produkt\/brain-foods-cokoladova-napolitanka-s-arasidovym-prichutom-40g\/"},"modified":"2026-01-27T08:41:54","modified_gmt":"2026-01-27T07:41:54","slug":"brain-foods-cokoladova-napolitanka-s-arasidovym-prichutom-40g","status":"publish","type":"product","link":"https:\/\/www.biokari.sk\/en\/product\/brain-foods-cokoladova-napolitanka-s-arasidovym-prichutom-40g\/","title":{"rendered":"Brain Foods \u010cokol\u00e1dov\u00e1 napolit\u00e1nka s ara\u0161idov\u00fdm pr\u00edchu\u0165om 40g"},"content":{"rendered":"<p>Brain Foods ara\u0161idov\u00e1 kr\u00e9mov\u00e1 obl\u00e1tka je lahodn\u00e1 sladk\u00e1 poch\u00fa\u0165ka, ktor\u00e1 umo\u017e\u0148uje u\u017ei\u0165 si intenz\u00edvnu chu\u0165 \u010dokol\u00e1dy a ara\u0161idov\u00e9ho kr\u00e9mu aj t\u00fdm, ktor\u00ed dbaj\u00fa na zdrav\u00fd \u017eivotn\u00fd \u0161t\u00fdl. Chrumkav\u00e1 obl\u00e1tka potiahnut\u00e1 \u010dokol\u00e1dou ukr\u00fdva jemn\u00fa, kr\u00e9mov\u00fa n\u00e1pl\u0148 z ara\u0161idov a pri ka\u017edom s\u00faste sa pr\u00edjemne rozp\u00fa\u0161\u0165a v \u00fastach. V\u00fdrobok neobsahuje pridan\u00fd cukor a je bez lepku, v\u010faka \u010domu si ho mo\u017eno vychutna\u0165 bez v\u00fd\u010ditiek. Recept\u00fara je vytvoren\u00e1 z pr\u00edrodn\u00fdch rastlinn\u00fdch surov\u00edn, je vhodn\u00e1 pre veg\u00e1nov, \u0161portovcov aj v\u0161etk\u00fdch, ktor\u00ed sa sna\u017eia zni\u017eova\u0165 pr\u00edjem cukru alebo kal\u00f3ri\u00ed. Vysok\u00fd obsah vl\u00e1kniny prispieva k dlh\u0161iemu pocitu nas\u00fdtenia a pom\u00e1ha udr\u017ea\u0165 energiu po\u010das d\u0148a. Obl\u00e1tka je v\u00fdbornou vo\u013ebou ako r\u00fdchla desiata, olovrant alebo snack po fyzickej aktivite.<\/p>\n\n\n\n<p><strong>Composition:<\/strong> Bezlepkov\u00e1 zmes (zemiakov\u00fd \u0161krob, kukuri\u010dn\u00fd \u0161krob, ry\u017eov\u00e1 m\u00faka, s\u00f3jov\u00e1 vl\u00e1knina, guarov\u00e1 guma), \u010dakankov\u00fd inul\u00edn, sladidlo erytritol, kakaov\u00e9 maslo, rastlinn\u00fd olej zo shea a kokosu, ry\u017eov\u00e1 zmes (ry\u017eov\u00fd \u0161krob, ry\u017eov\u00e1 m\u00faka, ry\u017eov\u00fd sirup), s\u00f3jov\u00e1 m\u00faka, ara\u0161idy v mno\u017estve 0,3 %, kakaov\u00e1 hmota, kokosov\u00fd kr\u00e9m, polydextr\u00f3za, slne\u010dnicov\u00fd olej, slne\u010dnicov\u00fd lecit\u00edn, pr\u00edrodn\u00e1 ara\u0161idov\u00e1 ar\u00f3ma, kypriaca l\u00e1tka hydrog\u00e9nuhli\u010ditan, so\u013e a rozmar\u00ednov\u00fd extrakt.<\/p>\n\n\n\n<p><strong>Allergens:<\/strong> M\u00f4\u017ee obsahova\u0165 stopy ara\u0161idov, orechov, s\u00f3je, mlieka a sezamu. Obsahuje prirodzene sa vyskytuj\u00face cukry. Nadmern\u00e1 konzum\u00e1cia m\u00f4\u017ee ma\u0165 preh\u00e1\u0148av\u00e9 \u00fa\u010dinky.<\/p>\n\n\n\n<p><strong>Priemern\u00e9 nutri\u010dn\u00e9 hodnoty:<\/strong> V 100 g v\u00fdrobku sa nach\u00e1dza 1712 kJ (409 kcal), 31,3 g tuku, z toho 16,2 g nas\u00fdten\u00fdch mastn\u00fdch kysel\u00edn, 19,2 g sacharidov, z toho 1,4 g cukrov, 22,8 g vl\u00e1kniny, 1,2 g bielkov\u00edn a 0,01 g soli. V jednej porcii 40 g je to 685 kJ (164 kcal), 12,5 g tuku, z toho 6,5 g nas\u00fdten\u00fdch tukov, 7,7 g sacharidov, z toho 0,6 g cukrov, 9,1 g vl\u00e1kniny, 0,5 g bielkov\u00edn a zanedbate\u013en\u00e9 mno\u017estvo soli.<\/p>\n\n\n\n<p><strong>Warning:<\/strong> Inform\u00e1cie uveden\u00e9 v internetovom obchode maj\u00fa informat\u00edvny charakter. Prev\u00e1dzkovate\u013e sa usiluje o ich presnos\u0165 a aktu\u00e1lnos\u0165, av\u0161ak neru\u010d\u00ed za pr\u00edpadn\u00e9 nepresnosti.<\/p>\n\n\n\n<p><strong>Packaging:<\/strong> 40 g<\/p>","protected":false},"excerpt":{"rendered":"<p>Brain Foods ara\u0161idov\u00e1 kr\u00e9mov\u00e1 obl\u00e1tka je lahodn\u00e1 sladk\u00e1 poch\u00fa\u0165ka, ktor\u00e1 umo\u017e\u0148uje u\u017ei\u0165 si intenz\u00edvnu chu\u0165 \u010dokol\u00e1dy &#8230; <a href=\"#tab-description\" class=\"more-link\">Read more<\/a><\/p>","protected":false},"featured_media":10729,"comment_status":"open","ping_status":"closed","template":"","meta":{"inline_featured_image":false},"product_brand":[],"product_cat":[71,174,178,19],"product_tag":[312,281],"class_list":{"0":"post-10728","1":"product","2":"type-product","3":"status-publish","4":"has-post-thumbnail","6":"product_cat-potraviny","7":"product_cat-maskrty","8":"product_cat-sladke-maskrty","9":"product_cat-ostatne","10":"product_tag-top-potraviny","11":"product_tag-veganske","13":"first","14":"onbackorder","15":"taxable","16":"shipping-taxable","17":"purchasable","18":"product-type-simple"},"aioseo_notices":[],"_links":{"self":[{"href":"https:\/\/www.biokari.sk\/en\/wp-json\/wp\/v2\/product\/10728","targetHints":{"allow":["GET"]}}],"collection":[{"href":"https:\/\/www.biokari.sk\/en\/wp-json\/wp\/v2\/product"}],"about":[{"href":"https:\/\/www.biokari.sk\/en\/wp-json\/wp\/v2\/types\/product"}],"replies":[{"embeddable":true,"href":"https:\/\/www.biokari.sk\/en\/wp-json\/wp\/v2\/comments?post=10728"}],"wp:featuredmedia":[{"embeddable":true,"href":"https:\/\/www.biokari.sk\/en\/wp-json\/wp\/v2\/media\/10729"}],"wp:attachment":[{"href":"https:\/\/www.biokari.sk\/en\/wp-json\/wp\/v2\/media?parent=10728"}],"wp:term":[{"taxonomy":"product_brand","embeddable":true,"href":"https:\/\/www.biokari.sk\/en\/wp-json\/wp\/v2\/product_brand?post=10728"},{"taxonomy":"product_cat","embeddable":true,"href":"https:\/\/www.biokari.sk\/en\/wp-json\/wp\/v2\/product_cat?post=10728"},{"taxonomy":"product_tag","embeddable":true,"href":"https:\/\/www.biokari.sk\/en\/wp-json\/wp\/v2\/product_tag?post=10728"}],"curies":[{"name":"wp","href":"https:\/\/api.w.org\/{rel}","templated":true}]}}