{"id":10800,"date":"2026-01-11T14:04:02","date_gmt":"2026-01-11T13:04:02","guid":{"rendered":"https:\/\/www.biokari.sk\/produkt\/herbaria-agatovy-kvet-30g\/"},"modified":"2026-04-29T19:03:12","modified_gmt":"2026-04-29T17:03:12","slug":"herbaria-agatovy-kvet-30g","status":"publish","type":"product","link":"https:\/\/www.biokari.sk\/en\/product\/herbaria-agatovy-kvet-30g\/","title":{"rendered":"Herb\u00e1ria Ag\u00e1tov\u00fd kvet 30g"},"content":{"rendered":"<p><strong>Ag\u00e1tov\u00fd kvet <\/strong> je su\u0161en\u00e1 bylina ur\u010den\u00e1 na pr\u00edpravu \u010daju. V tradi\u010dnom bylink\u00e1rstve sa ag\u00e1tov\u00fd kvet pou\u017e\u00edva najm\u00e4 ako jemn\u00fd \u010daj s upokojuj\u00facim charakterom, ktor\u00fd je ob\u013e\u00faben\u00fd pri podr\u00e1\u017eden\u00ed hrdla a \u017eal\u00fadka. N\u00e1lev z kvetov ag\u00e1tu je tradi\u010dne vyu\u017e\u00edvan\u00fd aj ako s\u00fa\u010das\u0165 vyv\u00e1\u017een\u00e9ho pitn\u00e9ho re\u017eimu a b\u00fdva vyh\u013ead\u00e1van\u00fd pre svoju jemn\u00fa chu\u0165. \u010caj z ag\u00e1tov\u00e9ho kvetu sa v \u013eudovej trad\u00edcii pova\u017euje za vhodn\u00fd pri potrebe celkov\u00e9ho uvo\u013enenia organizmu.<\/p>\n\n\n\n<p><strong>Composition:<\/strong> 100 % ag\u00e1tov\u00fd kvet (Robiniae flos).<\/p>\n\n\n\n<p><strong>Application:<\/strong> \u010caj sa pripravuje zaliat\u00edm jednej \u010dajovej ly\u017ei\u010dky su\u0161enej byliny hor\u00facou vodou a nech\u00e1 sa l\u00fahova\u0165 pribli\u017ene 10 min\u00fat. Odpor\u00fa\u010da sa pi\u0165 jednu \u0161\u00e1lku denne po\u010das obmedzen\u00e9ho obdobia. Na udr\u017eiavanie pitn\u00e9ho re\u017eimu posta\u010duje konzum\u00e1cia jednej \u0161\u00e1lky raz t\u00fd\u017edenne alebo raz za dva t\u00fd\u017edne.<\/p>\n\n\n\n<p><strong>Warning:<\/strong> Bylinn\u00fd \u010daj nenahr\u00e1dza pestr\u00fa a vyv\u00e1\u017een\u00fa stravu ani zdrav\u00fd \u017eivotn\u00fd \u0161t\u00fdl. Nie je ur\u010den\u00fd pre deti do 3 rokov. Uchov\u00e1vajte mimo dosahu mal\u00fdch det\u00ed. Skladujte na suchom a tmavom mieste.<\/p>\n\n\n\n<p><strong>Weight: <\/strong>30g<\/p>","protected":false},"excerpt":{"rendered":"<p>Ag\u00e1tov\u00fd kvet  je su\u0161en\u00e1 bylina ur\u010den\u00e1 na pr\u00edpravu \u010daju&#8230; <a href=\"#tab-description\" class=\"more-link\">Read more<\/a><\/p>","protected":false},"featured_media":10801,"comment_status":"open","ping_status":"closed","template":"","meta":{"inline_featured_image":false},"product_brand":[342],"product_cat":[19],"product_tag":[],"class_list":{"0":"post-10800","1":"product","2":"type-product","3":"status-publish","4":"has-post-thumbnail","6":"product_brand-herbaria","7":"product_cat-ostatne","9":"first","10":"instock","11":"taxable","12":"shipping-taxable","13":"purchasable","14":"product-type-simple"},"aioseo_notices":[],"_links":{"self":[{"href":"https:\/\/www.biokari.sk\/en\/wp-json\/wp\/v2\/product\/10800","targetHints":{"allow":["GET"]}}],"collection":[{"href":"https:\/\/www.biokari.sk\/en\/wp-json\/wp\/v2\/product"}],"about":[{"href":"https:\/\/www.biokari.sk\/en\/wp-json\/wp\/v2\/types\/product"}],"replies":[{"embeddable":true,"href":"https:\/\/www.biokari.sk\/en\/wp-json\/wp\/v2\/comments?post=10800"}],"wp:featuredmedia":[{"embeddable":true,"href":"https:\/\/www.biokari.sk\/en\/wp-json\/wp\/v2\/media\/10801"}],"wp:attachment":[{"href":"https:\/\/www.biokari.sk\/en\/wp-json\/wp\/v2\/media?parent=10800"}],"wp:term":[{"taxonomy":"product_brand","embeddable":true,"href":"https:\/\/www.biokari.sk\/en\/wp-json\/wp\/v2\/product_brand?post=10800"},{"taxonomy":"product_cat","embeddable":true,"href":"https:\/\/www.biokari.sk\/en\/wp-json\/wp\/v2\/product_cat?post=10800"},{"taxonomy":"product_tag","embeddable":true,"href":"https:\/\/www.biokari.sk\/en\/wp-json\/wp\/v2\/product_tag?post=10800"}],"curies":[{"name":"wp","href":"https:\/\/api.w.org\/{rel}","templated":true}]}}