{"id":10875,"date":"2026-03-05T10:25:22","date_gmt":"2026-03-05T09:25:22","guid":{"rendered":"https:\/\/www.biokari.sk\/produkt\/beginnes-proteinova-tycinka-s-pistaciami-60g\/"},"modified":"2026-04-21T19:02:04","modified_gmt":"2026-04-21T17:02:04","slug":"beginnes-proteinova-tycinka-s-pistaciami-60g","status":"publish","type":"product","link":"https:\/\/www.biokari.sk\/en\/product\/beginnes-proteinova-tycinka-s-pistaciami-60g\/","title":{"rendered":"Beginnings Proteinov\u00e1 ty\u010dinka s pist\u00e1ciami 60g"},"content":{"rendered":"<p><strong>Protein Pistachios FlapJack \u2013<\/strong> prote\u00ednov\u00e1 ty\u010dinka vyroben\u00e1 z <strong>pr\u00edrodn\u00fdch surov\u00edn<\/strong>, bez pou\u017eitia <strong>palmov\u00e9ho oleja<\/strong> a s \u010dist\u00fdm zlo\u017een\u00edm. Je pripraven\u00e1 z kvalitn\u00fdch <strong>pist\u00e1ci\u00ed<\/strong>, ktor\u00e9 jej dod\u00e1vaj\u00fa bohat\u00fa, orie\u0161kov\u00fa chu\u0165 a prirodzen\u00fd zdroj energie. Ide\u00e1lna ako r\u00fdchly snack po\u010das d\u0148a alebo po fyzickej aktivite.<\/p>\n\n\n\n<p><strong>Vlastnosti produktu:<\/strong><br>\u2714 <strong>Rastlinn\u00fd produkt (Plant Based)<\/strong><br>\u2714 <strong>Vysok\u00fd obsah vl\u00e1kniny (High Fiber)<\/strong><br>\u2714 <strong>Bez lepku (Gluten Free)<\/strong><br>\u2714 <strong>Bez palmov\u00e9ho oleja (No Palm Oil)<\/strong><\/p>\n\n\n\n<p><strong>Composition:<\/strong> bezlepkov\u00e9 ovsen\u00e9 vlo\u010dky (33,7 %), kokosov\u00fd olej, repkov\u00fd olej, ag\u00e1vov\u00fd sirup, cukor, hrachov\u00fd prote\u00edn (8,3 %) [hrachov\u00fd prote\u00edn, ry\u017eov\u00e1 m\u00faka, kakaov\u00fd pr\u00e1\u0161ok], pist\u00e1cie (4,5 %), inul\u00edn, lyofilizovan\u00e9 jahody, morsk\u00e1 so\u013e, extrakt z jarabiny, pr\u00edrodn\u00e1 pist\u00e1ciov\u00e1 ar\u00f3ma (0,1 %), xant\u00e1nov\u00e1 guma.<\/p>\n\n\n\n<p><strong>V\u00fd\u017eivov\u00e9 \u00fadaje na 100 g v\u00fdrobku:<\/strong><br>Energetick\u00e1 hodnota <strong>1779 kJ \/ 424 kcal<\/strong><br>Fats <strong>20 g<\/strong><br>- of which saturates <strong>8 g<\/strong><br>Carbohydrates <strong>46 g<\/strong><br>- of which sugars <strong>18 g<\/strong><br>Fibre <strong>6 g<\/strong><br>Protein <strong>20 g<\/strong><br>Salt <strong>0,47 g<\/strong><\/p>\n\n\n\n<p><strong>Weight:<\/strong> <strong>60 g<\/strong><\/p>","protected":false},"excerpt":{"rendered":"<p>Protein Pistachios FlapJack \u2013 prote\u00ednov\u00e1 ty\u010dinka vyroben\u00e1 z pr\u00edrodn\u00fdch surov\u00edn, bez pou\u017eitia palmov\u00e9ho oleja a s \u010dist\u00fdm zlo\u017een\u00edm&#8230; <a href=\"#tab-description\" class=\"more-link\">Read more<\/a><\/p>","protected":false},"featured_media":10876,"comment_status":"open","ping_status":"closed","template":"","meta":{"inline_featured_image":false},"product_brand":[343],"product_cat":[71,178],"product_tag":[312],"class_list":{"0":"post-10875","1":"product","2":"type-product","3":"status-publish","4":"has-post-thumbnail","6":"product_brand-beginnings","7":"product_cat-potraviny","8":"product_cat-sladke-maskrty","9":"product_tag-top-potraviny","11":"first","12":"instock","13":"taxable","14":"shipping-taxable","15":"purchasable","16":"product-type-simple"},"aioseo_notices":[],"_links":{"self":[{"href":"https:\/\/www.biokari.sk\/en\/wp-json\/wp\/v2\/product\/10875","targetHints":{"allow":["GET"]}}],"collection":[{"href":"https:\/\/www.biokari.sk\/en\/wp-json\/wp\/v2\/product"}],"about":[{"href":"https:\/\/www.biokari.sk\/en\/wp-json\/wp\/v2\/types\/product"}],"replies":[{"embeddable":true,"href":"https:\/\/www.biokari.sk\/en\/wp-json\/wp\/v2\/comments?post=10875"}],"wp:featuredmedia":[{"embeddable":true,"href":"https:\/\/www.biokari.sk\/en\/wp-json\/wp\/v2\/media\/10876"}],"wp:attachment":[{"href":"https:\/\/www.biokari.sk\/en\/wp-json\/wp\/v2\/media?parent=10875"}],"wp:term":[{"taxonomy":"product_brand","embeddable":true,"href":"https:\/\/www.biokari.sk\/en\/wp-json\/wp\/v2\/product_brand?post=10875"},{"taxonomy":"product_cat","embeddable":true,"href":"https:\/\/www.biokari.sk\/en\/wp-json\/wp\/v2\/product_cat?post=10875"},{"taxonomy":"product_tag","embeddable":true,"href":"https:\/\/www.biokari.sk\/en\/wp-json\/wp\/v2\/product_tag?post=10875"}],"curies":[{"name":"wp","href":"https:\/\/api.w.org\/{rel}","templated":true}]}}