{"id":10878,"date":"2026-03-05T10:58:03","date_gmt":"2026-03-05T09:58:03","guid":{"rendered":"https:\/\/www.biokari.sk\/produkt\/beginnings-ovsena-tycinka-s-papajou-40g\/"},"modified":"2026-04-29T19:03:16","modified_gmt":"2026-04-29T17:03:16","slug":"beginnings-ovsena-tycinka-s-papajou-40g","status":"publish","type":"product","link":"https:\/\/www.biokari.sk\/en\/product\/beginnings-ovsena-tycinka-s-papajou-40g\/","title":{"rendered":"Beginnings Ovsen\u00e1 ty\u010dinka s papajou 40g"},"content":{"rendered":"<p><strong>RAW Papaya Bar \u2013<\/strong> ako sa vyr\u00e1ba <strong>100 % pr\u00edrodn\u00e1, raw pap\u00e1jov\u00e1 ty\u010dinka<\/strong>? Jednoducho! Vezmete \u010derstv\u00fa pap\u00e1ju, usu\u0161\u00edte ju, nastr\u00fahate a zmie\u0161ate s kokosom a ovsom. A je to! Lahodn\u00e1, prirodzene sladk\u00e1 ty\u010dinka pln\u00e1 dobroty z pr\u00edrody, ide\u00e1lna ako zdrav\u00fd snack po\u010das d\u0148a.<\/p>\n\n\n\n<p><strong>Vlastnosti produktu:<\/strong><br>\u2714 <strong>Rastlinn\u00fd produkt (Plant Based)<\/strong><br>\u2714 <strong>Vysok\u00fd obsah vl\u00e1kniny (High Fiber)<\/strong><br>\u2714 <strong>Bez lepku (Gluten Free)<\/strong><br>\u2714 <strong>Bez palmov\u00e9ho oleja (No Palm Oil)<\/strong><\/p>\n\n\n\n<p><strong>Composition:<\/strong> dat\u013eov\u00e1 pasta, su\u0161en\u00e1 pap\u00e1ja (15 %), koncentr\u00e1t pomaran\u010dovej \u0161\u0165avy, bezlepkov\u00e9 ovsen\u00e9 vlo\u010dky (11 %), str\u00fahan\u00fd kokos, koncentr\u00e1t \u0161\u0165avy z marakuje, tekvicov\u00e9 semienka, kakaov\u00e9 maslo, extrakt z rozmar\u00ednu, extrakt z jarabiny, morsk\u00e1 so\u013e.<\/p>\n\n\n\n<p><strong>V\u00fd\u017eivov\u00e9 \u00fadaje na 100 g v\u00fdrobku:<\/strong><br>Energetick\u00e1 hodnota <strong>1433 kJ \/ 341 kcal<\/strong><br>Fats <strong>12 g<\/strong><br>- of which saturates <strong>7 g<\/strong><br>Carbohydrates <strong>52 g<\/strong><br>- of which sugars <strong>42 g<\/strong><br>Protein <strong>6 g<\/strong><br>Fibre <strong>6 g<\/strong><br>Salt <strong>0,35 g<\/strong><\/p>\n\n\n\n<p><strong>Weight:<\/strong> <strong>40 g<\/strong><\/p>","protected":false},"excerpt":{"rendered":"<p>RAW Papaya Bar \u2013 ako sa vyr\u00e1ba 100 % pr\u00edrodn\u00e1, raw pap\u00e1jov\u00e1 ty\u010dinka&#8230; <a href=\"#tab-description\" class=\"more-link\">Read more<\/a><\/p>","protected":false},"featured_media":10879,"comment_status":"open","ping_status":"closed","template":"","meta":{"inline_featured_image":false},"product_brand":[343],"product_cat":[71,174,178],"product_tag":[312],"class_list":{"0":"post-10878","1":"product","2":"type-product","3":"status-publish","4":"has-post-thumbnail","6":"product_brand-beginnings","7":"product_cat-potraviny","8":"product_cat-maskrty","9":"product_cat-sladke-maskrty","10":"product_tag-top-potraviny","12":"first","13":"instock","14":"taxable","15":"shipping-taxable","16":"purchasable","17":"product-type-simple"},"aioseo_notices":[],"_links":{"self":[{"href":"https:\/\/www.biokari.sk\/en\/wp-json\/wp\/v2\/product\/10878","targetHints":{"allow":["GET"]}}],"collection":[{"href":"https:\/\/www.biokari.sk\/en\/wp-json\/wp\/v2\/product"}],"about":[{"href":"https:\/\/www.biokari.sk\/en\/wp-json\/wp\/v2\/types\/product"}],"replies":[{"embeddable":true,"href":"https:\/\/www.biokari.sk\/en\/wp-json\/wp\/v2\/comments?post=10878"}],"wp:featuredmedia":[{"embeddable":true,"href":"https:\/\/www.biokari.sk\/en\/wp-json\/wp\/v2\/media\/10879"}],"wp:attachment":[{"href":"https:\/\/www.biokari.sk\/en\/wp-json\/wp\/v2\/media?parent=10878"}],"wp:term":[{"taxonomy":"product_brand","embeddable":true,"href":"https:\/\/www.biokari.sk\/en\/wp-json\/wp\/v2\/product_brand?post=10878"},{"taxonomy":"product_cat","embeddable":true,"href":"https:\/\/www.biokari.sk\/en\/wp-json\/wp\/v2\/product_cat?post=10878"},{"taxonomy":"product_tag","embeddable":true,"href":"https:\/\/www.biokari.sk\/en\/wp-json\/wp\/v2\/product_tag?post=10878"}],"curies":[{"name":"wp","href":"https:\/\/api.w.org\/{rel}","templated":true}]}}