{"id":10881,"date":"2026-03-05T11:19:49","date_gmt":"2026-03-05T10:19:49","guid":{"rendered":"https:\/\/www.biokari.sk\/produkt\/beginnings-mangove-susienky-s-chia-40g\/"},"modified":"2026-04-12T19:01:52","modified_gmt":"2026-04-12T17:01:52","slug":"beginnings-mangove-susienky-s-chia-40g","status":"publish","type":"product","link":"https:\/\/www.biokari.sk\/en\/product\/beginnings-mangove-susienky-s-chia-40g\/","title":{"rendered":"Beginnings Mangov\u00e9 su\u0161ienky s chia 40g"},"content":{"rendered":"<p>Ako vytvori\u0165 <strong>100 % pr\u00edrodn\u00fa raw mangov\u00fa ty\u010dinku<\/strong>? Jednoducho. Mango sa usu\u0161\u00ed, nastr\u00faha a zmie\u0161a s kokosom, ovsom a chia semienkami. A je to! Lahodn\u00e1, prirodzene sladk\u00e1 ty\u010dinka pln\u00e1 energie a chuti exotick\u00e9ho ovocia.<\/p>\n\n\n\n<p><strong>Vlastnosti produktu:<\/strong><br>\u2714 <strong>Rastlinn\u00fd produkt (Plant Based)<\/strong><br>\u2714 <strong>Vysok\u00fd obsah vl\u00e1kniny (High Fiber)<\/strong><br>\u2714 <strong>Bez lepku (Gluten Free)<\/strong><br>\u2714 <strong>Bez palmov\u00e9ho oleja (No Palm Oil)<\/strong><\/p>\n\n\n\n<p><strong>Composition:<\/strong><br>datle, su\u0161en\u00e9 mango (25 %), bezlepkov\u00e9 ovsen\u00e9 vlo\u010dky, str\u00fahan\u00fd kokos, koncentr\u00e1t \u0161\u0165avy z marakuje, koncentr\u00e1t anan\u00e1sovej \u0161\u0165avy, chia semienka (4 %) <em>(Salvia hispanica)<\/em>, kakaov\u00e9 maslo, extrakt z rozmar\u00ednu, extrakt z jarabiny, morsk\u00e1 so\u013e.<\/p>\n\n\n\n<p><strong>V\u00fd\u017eivov\u00e9 \u00fadaje na 100 g v\u00fdrobku:<\/strong><br>Energetick\u00e1 hodnota <strong>1373 kJ \/ 327 kcal<\/strong><br>Fats <strong>8,5 g<\/strong><br>- of which saturates <strong>6 g<\/strong><br>Carbohydrates <strong>58 g<\/strong><br>- of which sugars <strong>46 g<\/strong><br>Protein <strong>4 g<\/strong><br>Fibre <strong>6,5 g<\/strong><br>Salt <strong>0,4 g<\/strong><\/p>\n\n\n\n<p><strong>Weight:<\/strong> <strong>40 g<\/strong><\/p>","protected":false},"excerpt":{"rendered":"<p>Ako vytvori\u0165 100 % pr\u00edrodn\u00fa raw mangov\u00fa ty\u010dinku?&#8230; <a href=\"#tab-description\" class=\"more-link\">Read more<\/a><\/p>","protected":false},"featured_media":10883,"comment_status":"open","ping_status":"closed","template":"","meta":{"inline_featured_image":false},"product_brand":[343],"product_cat":[71,174,178],"product_tag":[313,312],"class_list":{"0":"post-10881","1":"product","2":"type-product","3":"status-publish","4":"has-post-thumbnail","6":"product_brand-beginnings","7":"product_cat-potraviny","8":"product_cat-maskrty","9":"product_cat-sladke-maskrty","10":"product_tag-top-ostatne","11":"product_tag-top-potraviny","13":"first","14":"instock","15":"taxable","16":"shipping-taxable","17":"purchasable","18":"product-type-simple"},"aioseo_notices":[],"_links":{"self":[{"href":"https:\/\/www.biokari.sk\/en\/wp-json\/wp\/v2\/product\/10881","targetHints":{"allow":["GET"]}}],"collection":[{"href":"https:\/\/www.biokari.sk\/en\/wp-json\/wp\/v2\/product"}],"about":[{"href":"https:\/\/www.biokari.sk\/en\/wp-json\/wp\/v2\/types\/product"}],"replies":[{"embeddable":true,"href":"https:\/\/www.biokari.sk\/en\/wp-json\/wp\/v2\/comments?post=10881"}],"wp:featuredmedia":[{"embeddable":true,"href":"https:\/\/www.biokari.sk\/en\/wp-json\/wp\/v2\/media\/10883"}],"wp:attachment":[{"href":"https:\/\/www.biokari.sk\/en\/wp-json\/wp\/v2\/media?parent=10881"}],"wp:term":[{"taxonomy":"product_brand","embeddable":true,"href":"https:\/\/www.biokari.sk\/en\/wp-json\/wp\/v2\/product_brand?post=10881"},{"taxonomy":"product_cat","embeddable":true,"href":"https:\/\/www.biokari.sk\/en\/wp-json\/wp\/v2\/product_cat?post=10881"},{"taxonomy":"product_tag","embeddable":true,"href":"https:\/\/www.biokari.sk\/en\/wp-json\/wp\/v2\/product_tag?post=10881"}],"curies":[{"name":"wp","href":"https:\/\/api.w.org\/{rel}","templated":true}]}}