{"id":10887,"date":"2026-03-05T11:44:07","date_gmt":"2026-03-05T10:44:07","guid":{"rendered":"https:\/\/www.biokari.sk\/produkt\/beginnings-ciernoribezlovy-rez-40g\/"},"modified":"2026-04-29T19:03:16","modified_gmt":"2026-04-29T17:03:16","slug":"beginnings-ciernoribezlovy-rez-40g","status":"publish","type":"product","link":"https:\/\/www.biokari.sk\/en\/product\/beginnings-ciernoribezlovy-rez-40g\/","title":{"rendered":"Beginnings \u010ciernor\u00edbez\u013eov\u00fd rez 40g"},"content":{"rendered":"<p><strong>RAW Black Currant Berry Bar \u2013<\/strong> vyroben\u00e1 zo <strong>seversk\u00fdch super bob\u00fa\u013e \u2013 \u010diernych r\u00edbezl\u00ed<\/strong>. T\u00e1to ovocn\u00e1 ty\u010dinka je \u0161\u0165avnat\u00e1, prirodzene sladk\u00e1 a m\u00e1 jemn\u00fd n\u00e1dych letnej chuti. <strong>Boom!<\/strong><\/p>\n\n\n\n<p><strong>Vlastnosti produktu:<\/strong><br>\u2714 <strong>Rastlinn\u00fd produkt (Plant Based)<\/strong><br>\u2714 <strong>Vysok\u00fd obsah vl\u00e1kniny (High Fiber)<\/strong><br>\u2714 <strong>Bez lepku (Gluten Free)<\/strong><br>\u2714 <strong>Bez palmov\u00e9ho oleja (No Palm Oil)<\/strong><\/p>\n\n\n\n<p><strong>Composition:<\/strong> dat\u013eov\u00e1 pasta, bezlepkov\u00e9 ovsen\u00e9 vlo\u010dky, \u010dierne r\u00edbezle (13 %) <em>(\u010dierne r\u00edbezle, cukor)<\/em>, ag\u00e1vov\u00fd sirup, mandle, str\u00fahan\u00fd kokos, koncentr\u00e1t \u0161\u0165avy z \u010diernych r\u00edbezl\u00ed (3 %), koncentr\u00e1t \u0161\u0165avy z \u010derven\u00fdch r\u00edbezl\u00ed, kakaov\u00e9 maslo, extrakt z jarabiny, extrakt z rozmar\u00ednu, morsk\u00e1 so\u013e.<\/p>\n\n\n\n<p><strong>V\u00fd\u017eivov\u00e9 \u00fadaje na 100 g v\u00fdrobku:<\/strong><br>Energetick\u00e1 hodnota <strong>1567 kJ \/ 373 kcal<\/strong><br>Fats <strong>14 g<\/strong><br>- of which saturates <strong>7 g<\/strong><br>Carbohydrates <strong>56 g<\/strong><br>- of which sugars <strong>42 g<\/strong><br>Protein <strong>4 g<\/strong><br>Fibre <strong>6 g<\/strong><br>Salt <strong>0,2 g<\/strong><\/p>\n\n\n\n<p><strong>Weight:<\/strong> <strong>40 g<\/strong><\/p>","protected":false},"excerpt":{"rendered":"<p>RAW Black Currant Berry Bar \u2013 vyroben\u00e1 zo seversk\u00fdch super bob\u00fa\u013e&#8230; <a href=\"#tab-description\" class=\"more-link\">Read more<\/a><\/p>","protected":false},"featured_media":10891,"comment_status":"open","ping_status":"closed","template":"","meta":{"inline_featured_image":false},"product_brand":[343],"product_cat":[71,174,178],"product_tag":[309,313,312],"class_list":{"0":"post-10887","1":"product","2":"type-product","3":"status-publish","4":"has-post-thumbnail","6":"product_brand-beginnings","7":"product_cat-potraviny","8":"product_cat-maskrty","9":"product_cat-sladke-maskrty","10":"product_tag-novinky","11":"product_tag-top-ostatne","12":"product_tag-top-potraviny","14":"first","15":"instock","16":"taxable","17":"shipping-taxable","18":"purchasable","19":"product-type-simple"},"aioseo_notices":[],"_links":{"self":[{"href":"https:\/\/www.biokari.sk\/en\/wp-json\/wp\/v2\/product\/10887","targetHints":{"allow":["GET"]}}],"collection":[{"href":"https:\/\/www.biokari.sk\/en\/wp-json\/wp\/v2\/product"}],"about":[{"href":"https:\/\/www.biokari.sk\/en\/wp-json\/wp\/v2\/types\/product"}],"replies":[{"embeddable":true,"href":"https:\/\/www.biokari.sk\/en\/wp-json\/wp\/v2\/comments?post=10887"}],"wp:featuredmedia":[{"embeddable":true,"href":"https:\/\/www.biokari.sk\/en\/wp-json\/wp\/v2\/media\/10891"}],"wp:attachment":[{"href":"https:\/\/www.biokari.sk\/en\/wp-json\/wp\/v2\/media?parent=10887"}],"wp:term":[{"taxonomy":"product_brand","embeddable":true,"href":"https:\/\/www.biokari.sk\/en\/wp-json\/wp\/v2\/product_brand?post=10887"},{"taxonomy":"product_cat","embeddable":true,"href":"https:\/\/www.biokari.sk\/en\/wp-json\/wp\/v2\/product_cat?post=10887"},{"taxonomy":"product_tag","embeddable":true,"href":"https:\/\/www.biokari.sk\/en\/wp-json\/wp\/v2\/product_tag?post=10887"}],"curies":[{"name":"wp","href":"https:\/\/api.w.org\/{rel}","templated":true}]}}