{"id":10892,"date":"2026-03-05T13:02:00","date_gmt":"2026-03-05T12:02:00","guid":{"rendered":"https:\/\/www.biokari.sk\/produkt\/beginnings-cokoladovo-proteinova-mandlova-tycinka-60g\/"},"modified":"2026-04-29T19:03:16","modified_gmt":"2026-04-29T17:03:16","slug":"beginnings-cokoladovo-proteinova-mandlova-tycinka-60g","status":"publish","type":"product","link":"https:\/\/www.biokari.sk\/en\/product\/beginnings-cokoladovo-proteinova-mandlova-tycinka-60g\/","title":{"rendered":"Beginnings \u010cokol\u00e1dovo-proteinov\u00e1 mandlov\u00e1 ty\u010dinka 60g"},"content":{"rendered":"<p><strong>FlapJack Protein \u2013<\/strong> posu\u0148te svoj snack na vy\u0161\u0161iu \u00farove\u0148 s na\u0161imi <strong>v\u00fd\u017eivn\u00fdmi FlapJack Protein ty\u010dinkami<\/strong>. S\u00fa vyroben\u00e9 z <strong>kvalitn\u00fdch mandl\u00ed, bohatej \u010dokol\u00e1dy a \u010dist\u00fdch surov\u00edn bez palmov\u00e9ho oleja<\/strong>. Lahodne s\u00fdte a prirodzene v\u00fd\u017eivn\u00e9.<\/p>\n\n\n\n<p><strong>Bezlepkov\u00e1 ty\u010dinka s vysok\u00fdm obsahom vl\u00e1kniny, vhodn\u00e1 pre veg\u00e1nov, z plnohodnotn\u00fdch surov\u00edn.<\/strong><\/p>\n\n\n\n<p><strong>Vlastnosti produktu:<\/strong><br>\u2714 <strong>Rastlinn\u00fd produkt (Plant Based)<\/strong><br>\u2714 <strong>Vysok\u00fd obsah vl\u00e1kniny (High Fiber)<\/strong><br>\u2714 <strong>Bez lepku (Gluten Free)<\/strong><br>\u2714 <strong>Bez palmov\u00e9ho oleja (No Palm Oil)<\/strong><\/p>\n\n\n\n<p><strong>Composition:<\/strong> bezlepkov\u00e9 ovsen\u00e9 vlo\u010dky (29,7 %), ag\u00e1vov\u00fd sirup, kokosov\u00fd cukor, hrachov\u00fd prote\u00edn (9 %) <em>(hrachov\u00fd prote\u00edn, ry\u017eov\u00e1 m\u00faka, kakaov\u00fd pr\u00e1\u0161ok)<\/em>, bio kokosov\u00fd olej, repkov\u00fd olej, mandle (5 %), kakaov\u00fd pr\u00e1\u0161ok (1,4 %), lyofilizovan\u00e9 jahody, morsk\u00e1 so\u013e, xant\u00e1nov\u00e1 guma, antioxidant: tokoferoly.<\/p>\n\n\n\n<p><strong>V\u00fd\u017eivov\u00e9 \u00fadaje na 100 g v\u00fdrobku:<\/strong><br>Energetick\u00e1 hodnota <strong>1878 kJ \/ 447 kcal<\/strong><br>Fats <strong>23 g<\/strong><br>- of which saturates <strong>10 g<\/strong><br>Carbohydrates <strong>46 g<\/strong><br>- of which sugars <strong>24 g<\/strong><br>Fibre <strong>5 g<\/strong><br>Protein <strong>20 g<\/strong><br>Salt <strong>0,5 g<\/strong><\/p>\n\n\n\n<p><strong>Weight:<\/strong> <strong>60 g<\/strong><\/p>","protected":false},"excerpt":{"rendered":"<p>FlapJack Protein \u2013 posu\u0148te svoj snack na vy\u0161\u0161iu \u00farove\u0148 s na\u0161imi v\u00fd\u017eivn\u00fdmi FlapJack Protein ty\u010dinkami&#8230; <a href=\"#tab-description\" class=\"more-link\">Read more<\/a><\/p>","protected":false},"featured_media":10894,"comment_status":"open","ping_status":"closed","template":"","meta":{"inline_featured_image":false},"product_brand":[343],"product_cat":[71,174,178],"product_tag":[309,312],"class_list":{"0":"post-10892","1":"product","2":"type-product","3":"status-publish","4":"has-post-thumbnail","6":"product_brand-beginnings","7":"product_cat-potraviny","8":"product_cat-maskrty","9":"product_cat-sladke-maskrty","10":"product_tag-novinky","11":"product_tag-top-potraviny","13":"first","14":"instock","15":"taxable","16":"shipping-taxable","17":"purchasable","18":"product-type-simple"},"aioseo_notices":[],"_links":{"self":[{"href":"https:\/\/www.biokari.sk\/en\/wp-json\/wp\/v2\/product\/10892","targetHints":{"allow":["GET"]}}],"collection":[{"href":"https:\/\/www.biokari.sk\/en\/wp-json\/wp\/v2\/product"}],"about":[{"href":"https:\/\/www.biokari.sk\/en\/wp-json\/wp\/v2\/types\/product"}],"replies":[{"embeddable":true,"href":"https:\/\/www.biokari.sk\/en\/wp-json\/wp\/v2\/comments?post=10892"}],"wp:featuredmedia":[{"embeddable":true,"href":"https:\/\/www.biokari.sk\/en\/wp-json\/wp\/v2\/media\/10894"}],"wp:attachment":[{"href":"https:\/\/www.biokari.sk\/en\/wp-json\/wp\/v2\/media?parent=10892"}],"wp:term":[{"taxonomy":"product_brand","embeddable":true,"href":"https:\/\/www.biokari.sk\/en\/wp-json\/wp\/v2\/product_brand?post=10892"},{"taxonomy":"product_cat","embeddable":true,"href":"https:\/\/www.biokari.sk\/en\/wp-json\/wp\/v2\/product_cat?post=10892"},{"taxonomy":"product_tag","embeddable":true,"href":"https:\/\/www.biokari.sk\/en\/wp-json\/wp\/v2\/product_tag?post=10892"}],"curies":[{"name":"wp","href":"https:\/\/api.w.org\/{rel}","templated":true}]}}