{"id":10927,"date":"2026-03-07T18:58:04","date_gmt":"2026-03-07T17:58:04","guid":{"rendered":"https:\/\/www.biokari.sk\/produkt\/naturmind-maniokovy-skrob-250g\/"},"modified":"2026-04-23T19:01:17","modified_gmt":"2026-04-23T17:01:17","slug":"naturmind-maniokovy-skrob-250g","status":"publish","type":"product","link":"https:\/\/www.biokari.sk\/en\/product\/naturmind-maniokovy-skrob-250g\/","title":{"rendered":"Naturmind Mani\u00f3kov\u00fd \u0161krob 250g"},"content":{"rendered":"<p><strong>Tapioka alebo maniok<\/strong> je rastlina poch\u00e1dzaj\u00faca zo Strednej a Ju\u017enej Ameriky, no dnes sa vo ve\u013ekom pestuje aj v \u00c1zii a Afrike. Vyu\u017e\u00edva sa predov\u0161etk\u00fdm h\u013euza tejto rastliny, ktor\u00e1 je po ry\u017ei a kukurici jedn\u00fdm z najv\u00fdznamnej\u0161\u00edch zdrojov sacharidov na svete.<\/p>\n\n\n\n<p>Surov\u00e1 h\u013euza tapioky nie je vhodn\u00e1 na priamu konzum\u00e1ciu, av\u0161ak po spracovan\u00ed s\u00fa v\u00fdrobky dostupn\u00e9 v obchodoch bezpe\u010dn\u00e9 na pou\u017eitie. Naj\u010dastej\u0161ie sa pou\u017e\u00edva vo forme per\u00e1l alebo pr\u00e1\u0161ku, no vyr\u00e1ba sa z nej aj krmivo pre zvierat\u00e1 a v\u010faka vysok\u00e9mu obsahu \u0161krobu m\u00f4\u017ee sl\u00fa\u017ei\u0165 aj ako surovina pre textiln\u00fd a papierensk\u00fd priemysel. Zauj\u00edmavos\u0165ou je, \u017ee sa z nej vyr\u00e1baj\u00fa aj lepidl\u00e1 a alkohol a v\u00fdznamn\u00e9 uplatnenie m\u00e1 aj pri v\u00fdrobe biopal\u00edv.<\/p>\n\n\n\n<p>V niektor\u00fdch krajin\u00e1ch sa konzumuj\u00fa aj listy tejto rastliny, ktor\u00e9 obsahuj\u00fa ove\u013ea \u0161ir\u0161ie spektrum \u017eiv\u00edn ako samotn\u00e1 h\u013euza.<\/p>\n\n\n\n<p>Z tapiokov\u00e9ho \u0161krobu sa v Ju\u017enej Amerike pripravuje nekvasen\u00fd chlieb podobn\u00fd placke. \u010casto sa pou\u017e\u00edva aj v r\u00f4znych m\u00fa\u010dnych zmesiach, napr\u00edklad v kombin\u00e1cii s m\u00fakami zo semien. Ke\u010f\u017ee je <strong>prirodzene bezlepkov\u00fd<\/strong>, \u010dasto sa pou\u017e\u00edva aj v potravin\u00e1ch ur\u010den\u00fdch pre \u013eud\u00ed s nezn\u00e1\u0161anlivos\u0165ou lepku.<\/p>\n\n\n\n<p><strong>V\u00fdznam a \u00fa\u010dinky:<\/strong> Tapiokov\u00fd \u0161krob obsahuje iba sacharidy, teda \u0161krob. Obsah vitam\u00ednov a miner\u00e1lnych l\u00e1tok nie je v\u00fdznamn\u00fd. M\u00e1 n\u00edzky obsah sod\u00edka a je <strong>bezlepkov\u00fd<\/strong>.<\/p>\n\n\n\n<p><strong>Application:<\/strong> Tapiokov\u00fd \u0161krob je bez chuti, bez v\u00f4ne a m\u00e1 bielu farbu, preto je vhodn\u00fd na pr\u00edpravu sladk\u00fdch aj slan\u00fdch jed\u00e1l s akouko\u013evek pr\u00edchu\u0165ou. V\u00fdborne sa hod\u00ed na zahus\u0165ovanie hladk\u00fdch om\u00e1\u010dok, pr\u00edvarkov a \u010fal\u0161\u00edch pokrmov bez hrudiek. Bezlepkov\u00fd chlieb a pe\u010divo pripraven\u00e9 s tapiokov\u00fdm \u0161krobom maj\u00fa pr\u00edjemnej\u0161iu konzistenciu a viac sa podobaj\u00fa be\u017en\u00fdm v\u00fdrobkom.<\/p>\n\n\n\n<p><strong>Composition:<\/strong> Mani\u00f3kov\u00fd \u0161krob <\/p>\n\n\n\n<p><strong>Storage:<\/strong> store in a cool, dry place.<\/p>\n\n\n\n<p><strong>Country of origin:<\/strong> uveden\u00e1 na obale.<\/p>\n\n\n\n<p><strong>Charakteristika produktu:<\/strong> mlet\u00fd kore\u0148 tapioky. <strong>Prirodzene bezlepkov\u00fd.<\/strong><\/p>\n\n\n\n<p><strong>Priemern\u00e9 v\u00fd\u017eivov\u00e9 hodnoty v 100 g:<\/strong> energetick\u00e1 hodnota <strong>1460 kJ \/ 349 kcal<\/strong>, tuky <strong>0,05 g<\/strong>, z toho nas\u00fdten\u00e9 mastn\u00e9 kyseliny <strong>0,02 g<\/strong>, sacharidy <strong>87 g<\/strong>, z toho cukry <strong>0 g<\/strong>, bielkoviny <strong>0 g<\/strong>, so\u013e <strong>0,01 g<\/strong>.<\/p>\n\n\n\n<p><strong>Bezlepkov\u00e9:<\/strong> \u00e1no. <strong>Bio:<\/strong> nie. <strong>Weight:<\/strong> 250 g.<\/p>","protected":false},"excerpt":{"rendered":"<p>Tapioka alebo maniok je rastlina poch\u00e1dzaj\u00faca zo Strednej a Ju\u017enej Ameriky&#8230; <a href=\"#tab-description\" class=\"more-link\">Read more<\/a><\/p>","protected":false},"featured_media":10928,"comment_status":"open","ping_status":"closed","template":"","meta":{"inline_featured_image":false},"product_brand":[283],"product_cat":[71,166,19],"product_tag":[280,312,281],"class_list":{"0":"post-10927","1":"product","2":"type-product","3":"status-publish","4":"has-post-thumbnail","6":"product_brand-biorganik-naturmind","7":"product_cat-potraviny","8":"product_cat-muky","9":"product_cat-ostatne","10":"product_tag-bezglutenove","11":"product_tag-top-potraviny","12":"product_tag-veganske","14":"first","15":"instock","16":"taxable","17":"shipping-taxable","18":"purchasable","19":"product-type-simple"},"aioseo_notices":[],"_links":{"self":[{"href":"https:\/\/www.biokari.sk\/en\/wp-json\/wp\/v2\/product\/10927","targetHints":{"allow":["GET"]}}],"collection":[{"href":"https:\/\/www.biokari.sk\/en\/wp-json\/wp\/v2\/product"}],"about":[{"href":"https:\/\/www.biokari.sk\/en\/wp-json\/wp\/v2\/types\/product"}],"replies":[{"embeddable":true,"href":"https:\/\/www.biokari.sk\/en\/wp-json\/wp\/v2\/comments?post=10927"}],"wp:featuredmedia":[{"embeddable":true,"href":"https:\/\/www.biokari.sk\/en\/wp-json\/wp\/v2\/media\/10928"}],"wp:attachment":[{"href":"https:\/\/www.biokari.sk\/en\/wp-json\/wp\/v2\/media?parent=10927"}],"wp:term":[{"taxonomy":"product_brand","embeddable":true,"href":"https:\/\/www.biokari.sk\/en\/wp-json\/wp\/v2\/product_brand?post=10927"},{"taxonomy":"product_cat","embeddable":true,"href":"https:\/\/www.biokari.sk\/en\/wp-json\/wp\/v2\/product_cat?post=10927"},{"taxonomy":"product_tag","embeddable":true,"href":"https:\/\/www.biokari.sk\/en\/wp-json\/wp\/v2\/product_tag?post=10927"}],"curies":[{"name":"wp","href":"https:\/\/api.w.org\/{rel}","templated":true}]}}