{"id":10949,"date":"2026-03-08T13:53:26","date_gmt":"2026-03-08T12:53:26","guid":{"rendered":"https:\/\/www.biokari.sk\/produkt\/prana-jemna-keltska-sol-500g\/"},"modified":"2026-04-27T19:02:11","modified_gmt":"2026-04-27T17:02:11","slug":"prana-jemna-keltska-sol-500g","status":"publish","type":"product","link":"https:\/\/www.biokari.sk\/en\/product\/prana-jemna-keltska-sol-500g\/","title":{"rendered":"Prana Jemn\u00e1 Keltska so\u013e 500g"},"content":{"rendered":"<p>Jemn\u00e1 pr\u00edrodn\u00e1, jemnozrnn\u00e1 morsk\u00e1 so\u013e z\u00edskavan\u00e1 tradi\u010dn\u00fdmi met\u00f3dami. Zachov\u00e1va si svoje zlo\u017eenie bohat\u00e9 na miner\u00e1lne l\u00e1tky a jemne slan\u00fa, vyv\u00e1\u017een\u00fa chu\u0165, v\u010faka \u010domu je v\u0161estranne vyu\u017eite\u013en\u00e1 v ka\u017edodennej kuchyni. V\u010faka jemne mletej \u0161trukt\u00fare je ide\u00e1lna na varenie, pe\u010denie, dochucovanie \u0161al\u00e1tov aj ako stolov\u00e1 so\u013e. Praktick\u00e9 balenie s hmotnos\u0165ou 500 gramov je ide\u00e1lne na pravideln\u00e9 pou\u017e\u00edvanie.<\/p>\n\n\n\n<p><strong>Composition:<\/strong> keltsk\u00e1 morsk\u00e1 so\u013e.<\/p>\n\n\n\n<p><strong>Inform\u00e1cia o alerg\u00e9noch:<\/strong> May contain traces of peanuts, nuts and sesame.<\/p>\n\n\n\n<p><strong>Weight:<\/strong> 500 g.<\/p>","protected":false},"excerpt":{"rendered":"<p>Jemn\u00e1 pr\u00edrodn\u00e1, jemnozrnn\u00e1 morsk\u00e1 so\u013e z\u00edskavan\u00e1 tradi\u010dn\u00fdmi met\u00f3dami&#8230; <a href=\"#tab-description\" class=\"more-link\">Read more<\/a><\/p>","protected":false},"featured_media":10951,"comment_status":"open","ping_status":"closed","template":"","meta":{"inline_featured_image":false},"product_brand":[282],"product_cat":[19],"product_tag":[309,312],"class_list":{"0":"post-10949","1":"product","2":"type-product","3":"status-publish","4":"has-post-thumbnail","6":"product_brand-prana","7":"product_cat-ostatne","8":"product_tag-novinky","9":"product_tag-top-potraviny","11":"first","12":"instock","13":"taxable","14":"shipping-taxable","15":"purchasable","16":"product-type-simple"},"aioseo_notices":[],"_links":{"self":[{"href":"https:\/\/www.biokari.sk\/en\/wp-json\/wp\/v2\/product\/10949","targetHints":{"allow":["GET"]}}],"collection":[{"href":"https:\/\/www.biokari.sk\/en\/wp-json\/wp\/v2\/product"}],"about":[{"href":"https:\/\/www.biokari.sk\/en\/wp-json\/wp\/v2\/types\/product"}],"replies":[{"embeddable":true,"href":"https:\/\/www.biokari.sk\/en\/wp-json\/wp\/v2\/comments?post=10949"}],"wp:featuredmedia":[{"embeddable":true,"href":"https:\/\/www.biokari.sk\/en\/wp-json\/wp\/v2\/media\/10951"}],"wp:attachment":[{"href":"https:\/\/www.biokari.sk\/en\/wp-json\/wp\/v2\/media?parent=10949"}],"wp:term":[{"taxonomy":"product_brand","embeddable":true,"href":"https:\/\/www.biokari.sk\/en\/wp-json\/wp\/v2\/product_brand?post=10949"},{"taxonomy":"product_cat","embeddable":true,"href":"https:\/\/www.biokari.sk\/en\/wp-json\/wp\/v2\/product_cat?post=10949"},{"taxonomy":"product_tag","embeddable":true,"href":"https:\/\/www.biokari.sk\/en\/wp-json\/wp\/v2\/product_tag?post=10949"}],"curies":[{"name":"wp","href":"https:\/\/api.w.org\/{rel}","templated":true}]}}