{"id":11000,"date":"2026-03-08T18:34:15","date_gmt":"2026-03-08T17:34:15","guid":{"rendered":"https:\/\/www.biokari.sk\/produkt\/bonetta-ryzova-krupica-500g\/"},"modified":"2026-04-29T19:03:12","modified_gmt":"2026-04-29T17:03:12","slug":"bonetta-ryzova-krupica-500g","status":"publish","type":"product","link":"https:\/\/www.biokari.sk\/en\/product\/bonetta-ryzova-krupica-500g\/","title":{"rendered":"Bonetta Ry\u017eov\u00e1 krupica 500g"},"content":{"rendered":"<p>T\u00e1to <strong>ry\u017eov\u00e1 krupica<\/strong> je vyroben\u00e1 zo starostlivo vybran\u00e9ho, <strong>100 % bezlepkov\u00e9ho ry\u017ee<\/strong>, preto je ide\u00e1lnou vo\u013ebou aj pre \u013eud\u00ed trpiacich <strong>celiakiou alebo intoleranciou na lepok<\/strong>. Je \u013eahko str\u00e1vite\u013en\u00e1, a preto ju m\u00f4\u017eu konzumova\u0165 aj osoby s probl\u00e9mami \u017eal\u00fadka alebo \u010driev.<\/p>\n\n\n\n<p>Vyberte si <strong>bezlepkov\u00fa ry\u017eov\u00fa krupicu<\/strong> a vychutnajte si jej jemn\u00fa chu\u0165 a \u013eahk\u00fa str\u00e1vite\u013enos\u0165.<\/p>\n\n\n\n<p><strong>Alerg\u00e9nov\u00e1 inform\u00e1cia:<\/strong> V\u00fdrobok neobsahuje alerg\u00e9ny.<\/p>\n\n\n\n<p><strong>Composition:<\/strong> biela ry\u017ea<\/p>\n\n\n\n<p><strong>Priemern\u00e9 v\u00fd\u017eivov\u00e9 hodnoty v 100 g v\u00fdrobku:<\/strong><br>Energia: 1489 kJ \/ 350 kcal<br>Tuky: 0,6 g<br>\u2013 z toho nas\u00fdten\u00e9 mastn\u00e9 kyseliny: 0,1 g<br>Sacharidy: 79,4 g<br>\u2013 z toho cukry: 0,8 g<br>Vl\u00e1knina: 3,3 g<br>Bielkoviny: 6,9 g<br>So\u013e: 0,01 g<\/p>\n\n\n\n<p><strong>Application:<\/strong> Mo\u017eno ju pou\u017ei\u0165 podobne ako p\u0161eni\u010dn\u00fa krupicu \u2013 na pr\u00edpravu ka\u0161\u00ed, ako vlo\u017eku do polievok, do dezertov, kol\u00e1\u010dov alebo knedl\u00ed.<br>M\u00f4\u017eete z nej pripravi\u0165 chutn\u00fd ry\u017eov\u00fd n\u00e1kyp, ry\u017eov\u00fa ka\u0161u, mlie\u010dnu ry\u017eov\u00fa krupicu alebo puding.<br>D\u00e1 sa pou\u017ei\u0165 aj na oba\u013eovanie m\u00e4sa a zeleniny.<br>Je tie\u017e v\u00fdborn\u00fdm z\u00e1kladom pre zapekan\u00e9 jedl\u00e1 a r\u00f4zne plnky.<\/p>\n\n\n\n<p><strong>Storage:<\/strong> Uchov\u00e1vajte na suchom a chladnom mieste, v uzavretom obale.<\/p>\n\n\n\n<p><strong>Weight:<\/strong> 500g<\/p>","protected":false},"excerpt":{"rendered":"<p>T\u00e1to ry\u017eov\u00e1 krupica je vyroben\u00e1 zo starostlivo vybran\u00e9ho&#8230; <a href=\"#tab-description\" class=\"more-link\">Read more<\/a><\/p>","protected":false},"featured_media":11001,"comment_status":"open","ping_status":"closed","template":"","meta":{"inline_featured_image":false},"product_brand":[],"product_cat":[71],"product_tag":[280,309],"class_list":{"0":"post-11000","1":"product","2":"type-product","3":"status-publish","4":"has-post-thumbnail","6":"product_cat-potraviny","7":"product_tag-bezglutenove","8":"product_tag-novinky","10":"first","11":"instock","12":"taxable","13":"shipping-taxable","14":"purchasable","15":"product-type-simple"},"aioseo_notices":[],"_links":{"self":[{"href":"https:\/\/www.biokari.sk\/en\/wp-json\/wp\/v2\/product\/11000","targetHints":{"allow":["GET"]}}],"collection":[{"href":"https:\/\/www.biokari.sk\/en\/wp-json\/wp\/v2\/product"}],"about":[{"href":"https:\/\/www.biokari.sk\/en\/wp-json\/wp\/v2\/types\/product"}],"replies":[{"embeddable":true,"href":"https:\/\/www.biokari.sk\/en\/wp-json\/wp\/v2\/comments?post=11000"}],"wp:featuredmedia":[{"embeddable":true,"href":"https:\/\/www.biokari.sk\/en\/wp-json\/wp\/v2\/media\/11001"}],"wp:attachment":[{"href":"https:\/\/www.biokari.sk\/en\/wp-json\/wp\/v2\/media?parent=11000"}],"wp:term":[{"taxonomy":"product_brand","embeddable":true,"href":"https:\/\/www.biokari.sk\/en\/wp-json\/wp\/v2\/product_brand?post=11000"},{"taxonomy":"product_cat","embeddable":true,"href":"https:\/\/www.biokari.sk\/en\/wp-json\/wp\/v2\/product_cat?post=11000"},{"taxonomy":"product_tag","embeddable":true,"href":"https:\/\/www.biokari.sk\/en\/wp-json\/wp\/v2\/product_tag?post=11000"}],"curies":[{"name":"wp","href":"https:\/\/api.w.org\/{rel}","templated":true}]}}