{"id":11051,"date":"2026-03-19T10:17:08","date_gmt":"2026-03-19T09:17:08","guid":{"rendered":"https:\/\/www.biokari.sk\/produkt\/natural-soba-caj-s-prichutou-cucoriedkami-100g\/"},"modified":"2026-04-27T19:02:03","modified_gmt":"2026-04-27T17:02:03","slug":"natural-soba-caj-s-prichutou-cucoriedkami-100g","status":"publish","type":"product","link":"https:\/\/www.biokari.sk\/en\/product\/natural-soba-caj-s-prichutou-cucoriedkami-100g\/","title":{"rendered":"Natural Soba \u010daj s pr\u00edchu\u0165ou \u010du\u010doriedkami 100g"},"content":{"rendered":"<p><strong>Zdrav\u00fd a chutn\u00fd Soba \u010daj sa stane va\u0161\u00edm nov\u00fdm ob\u013e\u00faben\u00fdm n\u00e1pojom!<\/strong> Tento v \u00c1zii ve\u013emi ob\u013e\u00faben\u00fd n\u00e1poj sa vyr\u00e1ba zo <strong>100 % pr\u00edrodnej tat\u00e1rskej poh\u00e1nky<\/strong>. Poh\u00e1nka m\u00e1 mno\u017estvo priazniv\u00fdch \u00fa\u010dinkov na zdravie, okrem in\u00e9ho <strong>podporuje tr\u00e1venie, napom\u00e1ha odv\u00e1dzaniu prebyto\u010dn\u00fdch tekut\u00edn a tox\u00ednov z organizmu, zlep\u0161uje pam\u00e4\u0165 a posil\u0148uje imunitn\u00fd syst\u00e9m<\/strong>. Medzi najd\u00f4le\u017eitej\u0161ie \u00fa\u010dinn\u00e9 l\u00e1tky poh\u00e1nky patria <strong>vitam\u00edny A, B1, B2, B3, C a E, hor\u010d\u00edk a \u017eelezo<\/strong>.<\/p>\n\n\n\n<p>T\u00fa\u017eite po nie\u010dom sladkom, ale z\u00e1rove\u0148 si str\u00e1\u017eite l\u00edniu? Tu je <strong>Blueberry Cupcake Soba Tea<\/strong> \u2013 dokonal\u00fd dezert v \u0161\u00e1lke, <strong>bez pridan\u00e9ho cukru, sladidiel a bez v\u00fd\u010ditiek<\/strong>. Doprajte si pri ka\u017edom d\u00fa\u0161ku sladk\u00fd \u017eivot a pocit pohody!<\/p>\n\n\n\n<p><strong>Blueberry Cupcake Soba Tea<\/strong> je o\u010daruj\u00faca kombin\u00e1cia <strong>orie\u0161kovej esencie tat\u00e1rskej poh\u00e1nky a neodolate\u013enej chuti \u010du\u010doriedkov\u00e9ho muffinu<\/strong>. Tento <strong>bezkofe\u00ednov\u00fd n\u00e1poj<\/strong> si m\u00f4\u017eete vychutna\u0165 <strong>tepl\u00fd aj studen\u00fd, po\u010das cel\u00e9ho d\u0148a<\/strong>. Ka\u017ed\u00fa d\u00e1vku \u010daju je mo\u017en\u00e9 <strong>zalia\u0165 viackr\u00e1t<\/strong>, tak\u017ee z jedn\u00e9ho balenia priprav\u00edte pribli\u017ene <strong>50 \u2013 60 \u0161\u00e1lok \u010daju<\/strong>.<\/p>\n\n\n\n<p><strong>\u010caj 24 Tea s pr\u00edchu\u0165ou \u010du\u010doriedkovo-vanilkov\u00e9ho muffinu&#8230;<\/strong><br><strong>100 % pr\u00edrodn\u00fd<\/strong><br><strong>Bez cukru<\/strong><br><strong>M\u00e1 detoxika\u010dn\u00e9 \u00fa\u010dinky<\/strong><br><strong>Bez kofe\u00ednu<\/strong><br><strong>Bez lepku<\/strong><br><strong>Veg\u00e1nsky v\u00fdrobok<\/strong><\/p>\n\n\n\n<p><strong>Ako konzumova\u0165 soba \u010daj?<\/strong><br>Jednu \u010dajov\u00fa ly\u017ei\u010dku \u010daju zalejte <strong>2 dl hor\u00facej vody<\/strong>. Doba l\u00fahovania je <strong>3 \u2013 5 min\u00fat<\/strong>. Jednu d\u00e1vku \u010daju mo\u017eno <strong>zalia\u0165 2 \u2013 3-kr\u00e1t<\/strong>. Tento bezkofe\u00ednov\u00fd n\u00e1poj si m\u00f4\u017eete vychutna\u0165 <strong>studen\u00fd aj tepl\u00fd, 24 hod\u00edn denne<\/strong>.<\/p>\n\n\n\n<p><strong>Composition<\/strong> Semen\u00e1 tat\u00e1rskej poh\u00e1nky, \u010du\u010doriedka, ar\u00f3ma.<\/p>\n\n\n\n<p><br><strong>Minimum shelf life to:<\/strong> pozri d\u00e1tum uveden\u00fd na obale.<br><strong>Storage:<\/strong> Uchov\u00e1vajte na <strong>suchom, chladnom mieste, chr\u00e1nenom pred svetlom<\/strong>.<\/p>","protected":false},"excerpt":{"rendered":"<p>Zdrav\u00fd a chutn\u00fd Soba \u010daj sa stane va\u0161\u00edm nov\u00fdm ob\u013e\u00faben\u00fdm n\u00e1pojom&#8230; <a href=\"#tab-description\" class=\"more-link\">Read more<\/a><\/p>","protected":false},"featured_media":11053,"comment_status":"open","ping_status":"closed","template":"","meta":{"inline_featured_image":false},"product_brand":[],"product_cat":[148,150,149,156,152,71],"product_tag":[309,310],"class_list":{"0":"post-11051","1":"product","2":"type-product","3":"status-publish","4":"has-post-thumbnail","6":"product_cat-liecive-rastliny","7":"product_cat-chudnutie-liecive-rastliny","8":"product_cat-liecive-rastliny-posilnenie-imunity","9":"product_cat-pre-diabetikov-liecive-rastliny","10":"product_cat-zaludok-a-crevna-cinnost-liecive-rastliny","11":"product_cat-potraviny","12":"product_tag-novinky","13":"product_tag-top-liecive-rastliny","15":"first","16":"instock","17":"taxable","18":"shipping-taxable","19":"purchasable","20":"product-type-simple"},"aioseo_notices":[],"_links":{"self":[{"href":"https:\/\/www.biokari.sk\/en\/wp-json\/wp\/v2\/product\/11051","targetHints":{"allow":["GET"]}}],"collection":[{"href":"https:\/\/www.biokari.sk\/en\/wp-json\/wp\/v2\/product"}],"about":[{"href":"https:\/\/www.biokari.sk\/en\/wp-json\/wp\/v2\/types\/product"}],"replies":[{"embeddable":true,"href":"https:\/\/www.biokari.sk\/en\/wp-json\/wp\/v2\/comments?post=11051"}],"wp:featuredmedia":[{"embeddable":true,"href":"https:\/\/www.biokari.sk\/en\/wp-json\/wp\/v2\/media\/11053"}],"wp:attachment":[{"href":"https:\/\/www.biokari.sk\/en\/wp-json\/wp\/v2\/media?parent=11051"}],"wp:term":[{"taxonomy":"product_brand","embeddable":true,"href":"https:\/\/www.biokari.sk\/en\/wp-json\/wp\/v2\/product_brand?post=11051"},{"taxonomy":"product_cat","embeddable":true,"href":"https:\/\/www.biokari.sk\/en\/wp-json\/wp\/v2\/product_cat?post=11051"},{"taxonomy":"product_tag","embeddable":true,"href":"https:\/\/www.biokari.sk\/en\/wp-json\/wp\/v2\/product_tag?post=11051"}],"curies":[{"name":"wp","href":"https:\/\/api.w.org\/{rel}","templated":true}]}}