{"id":11102,"date":"2026-03-23T23:02:11","date_gmt":"2026-03-23T22:02:11","guid":{"rendered":"https:\/\/www.biokari.sk\/produkt\/hymato-immun-pro-kapsuly-60ks\/"},"modified":"2026-05-01T19:01:09","modified_gmt":"2026-05-01T17:01:09","slug":"hymato-immun-pro-kapsuly-60ks","status":"publish","type":"product","link":"https:\/\/www.biokari.sk\/en\/product\/hymato-immun-pro-kapsuly-60ks\/","title":{"rendered":"Hymato Immun pro kapsuly 60ks"},"content":{"rendered":"<p><strong>Podpora imunity:<\/strong>&nbsp;Obsah zinku, vitam\u00ednu C a vitam\u00ednu D v produkte prispieva k norm\u00e1lnemu fungovaniu imunitn\u00e9ho syst\u00e9mu.<br><strong>Antioxidant:<\/strong>&nbsp;Obsah quercet\u00ednu, beta-gluk\u00e1nu a pycnogenolu prispieva k udr\u017eaniu antioxida\u010dnej kapacity organizmu.<br><strong>Zn\u00ed\u017eenie \u00fanavy:<\/strong>&nbsp;Obsah vitam\u00ednu C pom\u00e1ha zni\u017eova\u0165 \u00fanavu a vy\u010derpanie a z\u00e1rove\u0148 prispieva k udr\u017eaniu energie a vitality organizmu.<\/p>\n\n\n\n<p><strong>Composition:<\/strong>&nbsp;Vitam\u00edn C (Na-L-askorb\u00e1t), hum\u00ednov\u00e9 kyseliny, quercet\u00edn, beta-gluk\u00e1n, echinacea, zinok (askorb\u00e1t zinku), N-acetylcyste\u00edn, kurkum\u00edn (extrakt z kurkumy), vitam\u00edn D3 (cholekalciferol), extrakt z borovicovej k\u00f4ry (pycnogenol), sel\u00e9n (Na-seleni\u010ditan).<\/p>\n\n\n\n<p><strong>Recommended dosage:<\/strong>&nbsp;2 kapsuly denne.<\/p>\n\n\n\n<p><strong>Obsah \u00fa\u010dinn\u00fdch l\u00e1tok v 2 kapsul\u00e1ch:<\/strong>&nbsp;Vitam\u00edn C 473,0 mg (<strong>591 % NRV<\/strong>), hum\u00ednov\u00e9 kyseliny 200,0 mg, quercet\u00edn 150,0 mg, beta-gluk\u00e1n 150,0 mg, echinacea 150,0 mg, NAC (N-acetyl-L-cyste\u00edn) 100,0 mg, kurkum\u00edn 50,0 mg, zinok (Zn) 20,0 mg (<strong>200 % NRV<\/strong>), extrakt z borovicovej k\u00f4ry (pycnogenol) 20,0 mg, sel\u00e9n (Se) 100 \u00b5g (<strong>182 % NRV<\/strong>), vitam\u00edn D3 100 \u00b5g (<strong>2000 % NRV \/ 4000 IU<\/strong>). (NRV = referen\u010dn\u00e1 v\u00fd\u017eivov\u00e1 hodnota, pri niektor\u00fdch l\u00e1tkach nie je stanoven\u00e1.)<\/p>\n\n\n\n<p><strong>Application:<\/strong>&nbsp;Odpor\u00fa\u010dan\u00e1 denn\u00e1 d\u00e1vka s\u00fa 2 kapsuly, zapite dostato\u010dn\u00fdm mno\u017estvom tekutiny. Neprekra\u010dujte odpor\u00fa\u010dan\u00fa denn\u00fa d\u00e1vku.<\/p>\n\n\n\n<p><strong>Storage:<\/strong>&nbsp;Uchov\u00e1vajte na suchom a chladnom mieste, chr\u00e1nen\u00e9 pred svetlom a zdrojmi tepla. Uchov\u00e1vajte mimo dosahu det\u00ed.<\/p>\n\n\n\n<p><strong>Warning:<\/strong>&nbsp;A dietary supplement is not a substitute for a varied and balanced diet or a healthy lifestyle.<\/p>\n\n\n\n<p><strong>Upozornenie v\u00fdrobcu:<\/strong>&nbsp;Vynaklad\u00e1me maxim\u00e1lne \u00fasilie, aby boli inform\u00e1cie o produkte presn\u00e9, av\u0161ak v\u00fdrobca m\u00f4\u017ee bez predch\u00e1dzaj\u00faceho upozornenia zmeni\u0165 zlo\u017eenie alebo obal. Zobrazen\u00e9 inform\u00e1cie maj\u00fa informat\u00edvny charakter a za ich \u00fapln\u00fa presnos\u0165 nenesieme zodpovednos\u0165. Pri k\u00fape v\u00fd\u017eivov\u00e9ho doplnku majte na pam\u00e4ti, \u017ee nenahr\u00e1dza pestr\u00fa a vyv\u00e1\u017een\u00fa stravu ani zdrav\u00fd \u017eivotn\u00fd \u0161t\u00fdl.<\/p>\n\n\n\n<p><strong>Packaging:<\/strong>&nbsp;60 kaps\u00fal<\/p>","protected":false},"excerpt":{"rendered":"<p>Podpora imunity:\u00a0Obsah zinku, vitam\u00ednu C a vitam\u00ednu D v produkte prispieva k norm\u00e1lnemu fungovaniu imunitn\u00e9ho syst\u00e9mu&#8230; <a href=\"#tab-description\" class=\"more-link\">Read more<\/a><\/p>","protected":false},"featured_media":11104,"comment_status":"open","ping_status":"closed","template":"","meta":{"inline_featured_image":false},"product_brand":[341],"product_cat":[69,144,140,19],"product_tag":[309,311],"class_list":{"0":"post-11102","1":"product","2":"type-product","3":"status-publish","4":"has-post-thumbnail","6":"product_brand-hymato","7":"product_cat-vyzivove-doplnky","8":"product_cat-dychacie-cesty","9":"product_cat-posilnenie-imunity","10":"product_cat-ostatne","11":"product_tag-novinky","12":"product_tag-top-vyzivove-doplnky","14":"first","15":"instock","16":"taxable","17":"shipping-taxable","18":"purchasable","19":"product-type-simple"},"aioseo_notices":[],"_links":{"self":[{"href":"https:\/\/www.biokari.sk\/en\/wp-json\/wp\/v2\/product\/11102","targetHints":{"allow":["GET"]}}],"collection":[{"href":"https:\/\/www.biokari.sk\/en\/wp-json\/wp\/v2\/product"}],"about":[{"href":"https:\/\/www.biokari.sk\/en\/wp-json\/wp\/v2\/types\/product"}],"replies":[{"embeddable":true,"href":"https:\/\/www.biokari.sk\/en\/wp-json\/wp\/v2\/comments?post=11102"}],"wp:featuredmedia":[{"embeddable":true,"href":"https:\/\/www.biokari.sk\/en\/wp-json\/wp\/v2\/media\/11104"}],"wp:attachment":[{"href":"https:\/\/www.biokari.sk\/en\/wp-json\/wp\/v2\/media?parent=11102"}],"wp:term":[{"taxonomy":"product_brand","embeddable":true,"href":"https:\/\/www.biokari.sk\/en\/wp-json\/wp\/v2\/product_brand?post=11102"},{"taxonomy":"product_cat","embeddable":true,"href":"https:\/\/www.biokari.sk\/en\/wp-json\/wp\/v2\/product_cat?post=11102"},{"taxonomy":"product_tag","embeddable":true,"href":"https:\/\/www.biokari.sk\/en\/wp-json\/wp\/v2\/product_tag?post=11102"}],"curies":[{"name":"wp","href":"https:\/\/api.w.org\/{rel}","templated":true}]}}