{"id":11105,"date":"2026-03-23T23:08:52","date_gmt":"2026-03-23T22:08:52","guid":{"rendered":"https:\/\/www.biokari.sk\/produkt\/herbaria-gastanovy-balzam-100ml\/"},"modified":"2026-03-23T23:16:11","modified_gmt":"2026-03-23T22:16:11","slug":"herbaria-gastanovy-balzam-100ml","status":"publish","type":"product","link":"https:\/\/www.biokari.sk\/en\/product\/herbaria-gastanovy-balzam-100ml\/","title":{"rendered":"Herb\u00e1ria Ga\u0161tanov\u00fd balz\u00e1m 100ml"},"content":{"rendered":"<p data-start=\"92\" data-end=\"609\">Hlavnou zlo\u017ekou balzamu je severoamerick\u00e1 lie\u010div\u00e1 rastlina <strong data-start=\"151\" data-end=\"188\">hamamel (Hamamelis virginiana L.)<\/strong>, ktorej \u00fa\u010dinky (protiz\u00e1palov\u00e9 a s\u0165ahuj\u00face) boli zn\u00e1me u\u017e indi\u00e1nom. Pou\u017e\u00edvali ju na o\u0161etrenie opuchov, odren\u00edn, roz\u0161\u00edren\u00fdch ciev a po u\u0161tipnut\u00ed hmyzom. \u010eal\u0161ou d\u00f4le\u017eitou zlo\u017ekou balzamu je extrakt zo semien paga\u0161tanu konsk\u00e9ho (<strong data-start=\"414\" data-end=\"436\">Hippocastani semen<\/strong>), ktor\u00fd pom\u00e1ha udr\u017eiava\u0165 pru\u017enos\u0165 \u017e\u00edl a podporuje prekrvenie spojivov\u00e9ho tkaniva a poko\u017eky. Balzam Veneherb je ide\u00e1lny na o\u0161etrenie unaven\u00fdch, opuchnut\u00fdch a nam\u00e1han\u00fdch n\u00f4h.<\/p>\n<p data-start=\"611\" data-end=\"630\"><strong data-start=\"611\" data-end=\"623\">Packaging:<\/strong> 100 ml<\/p>\n\n\n<p><\/p>","protected":false},"excerpt":{"rendered":"<p>lavnou zlo\u017ekou balzamu je severoamerick\u00e1 lie\u010div\u00e1 rastlina hamamel (Hamamelis virginiana L.)&#8230;. <a href=\"#tab-description\" class=\"more-link\">Read more<\/a><\/p>","protected":false},"featured_media":11108,"comment_status":"open","ping_status":"closed","template":"","meta":{"inline_featured_image":false},"product_brand":[342],"product_cat":[249,19],"product_tag":[],"class_list":{"0":"post-11105","1":"product","2":"type-product","3":"status-publish","4":"has-post-thumbnail","6":"product_brand-herbaria","7":"product_cat-kozmeticke-vyrobky","8":"product_cat-ostatne","10":"first","11":"onbackorder","12":"taxable","13":"shipping-taxable","14":"purchasable","15":"product-type-simple"},"aioseo_notices":[],"_links":{"self":[{"href":"https:\/\/www.biokari.sk\/en\/wp-json\/wp\/v2\/product\/11105","targetHints":{"allow":["GET"]}}],"collection":[{"href":"https:\/\/www.biokari.sk\/en\/wp-json\/wp\/v2\/product"}],"about":[{"href":"https:\/\/www.biokari.sk\/en\/wp-json\/wp\/v2\/types\/product"}],"replies":[{"embeddable":true,"href":"https:\/\/www.biokari.sk\/en\/wp-json\/wp\/v2\/comments?post=11105"}],"wp:featuredmedia":[{"embeddable":true,"href":"https:\/\/www.biokari.sk\/en\/wp-json\/wp\/v2\/media\/11108"}],"wp:attachment":[{"href":"https:\/\/www.biokari.sk\/en\/wp-json\/wp\/v2\/media?parent=11105"}],"wp:term":[{"taxonomy":"product_brand","embeddable":true,"href":"https:\/\/www.biokari.sk\/en\/wp-json\/wp\/v2\/product_brand?post=11105"},{"taxonomy":"product_cat","embeddable":true,"href":"https:\/\/www.biokari.sk\/en\/wp-json\/wp\/v2\/product_cat?post=11105"},{"taxonomy":"product_tag","embeddable":true,"href":"https:\/\/www.biokari.sk\/en\/wp-json\/wp\/v2\/product_tag?post=11105"}],"curies":[{"name":"wp","href":"https:\/\/api.w.org\/{rel}","templated":true}]}}