{"id":11185,"date":"2026-03-26T07:22:53","date_gmt":"2026-03-26T06:22:53","guid":{"rendered":"https:\/\/www.biokari.sk\/produkt\/herbaria-citronova-ustna-voda-250ml\/"},"modified":"2026-04-23T19:01:16","modified_gmt":"2026-04-23T17:01:16","slug":"herbaria-citronova-ustna-voda-250ml","status":"publish","type":"product","link":"https:\/\/www.biokari.sk\/en\/product\/herbaria-citronova-ustna-voda-250ml\/","title":{"rendered":"Herb\u00e1ria Citr\u00f3nov\u00e1 \u00fastna voda 250ml"},"content":{"rendered":"<p data-start=\"75\" data-end=\"265\">Ochorenia \u010fasien a z\u00e1paly \u00fastnej sliznice sa dnes pova\u017euj\u00fa za ve\u013emi roz\u0161\u00edren\u00e9 probl\u00e9my. Na ich prevenciu a podporu lie\u010dby bol vyvinut\u00fd rad \u00fastnych v\u00f4d s obsahom rujy vlasatej (csersz\u00f6m\u00f6rce).<\/p>\n<p data-start=\"267\" data-end=\"692\">\u00da\u010dinn\u00fdmi l\u00e1tkami \u00fastnej vody s\u00fa <strong data-start=\"299\" data-end=\"335\">ruja vlasat\u00e1 (Cotinus coggygria)<\/strong> a <strong data-start=\"338\" data-end=\"366\">tymian (Thymus vulgaris)<\/strong>. Triesloviny obsiahnut\u00e9 v ruji maj\u00fa v\u00fdrazn\u00e9 s\u0165ahuj\u00face a krv\u00e1canie zastavuj\u00face \u00fa\u010dinky, zatia\u013e \u010do silice tymianu p\u00f4sobia ako \u00fa\u010dinn\u00fd dezinfek\u010dn\u00fd prostriedok. Pr\u00edpravok posil\u0148uje \u010fasn\u00e1, pom\u00e1ha predch\u00e1dza\u0165 uvo\u013e\u0148ovaniu zubov, dezinfikuje \u00fastnu dutinu a zabezpe\u010duje svie\u017ei dych. \u00da\u010dinnos\u0165 produktu bola potvrden\u00e1 klinick\u00fdmi \u0161t\u00fadiami.<\/p>\n<p data-start=\"694\" data-end=\"784\">\u00dastna voda pre e\u0161te svie\u017eej\u0161\u00ed dych obsahuje okrem listu rujy a tymianu aj citr\u00f3nov\u00fa ar\u00f3mu.<\/p>\n<p data-start=\"786\" data-end=\"916\"><strong data-start=\"786\" data-end=\"799\">Composition:<\/strong> Cotinus coggygria, Thymus vulgaris (common thyme) oil, alcohol, PEG-40 hydrogenated castor oil, aroma, water \/ aqua.<\/p>\n<p data-start=\"918\" data-end=\"1078\"><strong data-start=\"918\" data-end=\"931\">Application:<\/strong> Do 2 dl vla\u017enej vody pridajte pribli\u017ene 20 ml (4 k\u00e1vov\u00e9 ly\u017ei\u010dky) \u00fastnej vody. Po\u010das kloktania podr\u017ete roztok v \u00fastach 5\u201310 sek\u00fand, potom vyp\u013eujte.<\/p>\n<p data-start=\"1080\" data-end=\"1161\"><strong data-start=\"1080\" data-end=\"1096\">Storage:<\/strong> Uchov\u00e1vajte na chladnom mieste, chr\u00e1nen\u00e9 pred slne\u010dn\u00fdm \u017eiaren\u00edm.<\/p>\n<p data-start=\"1163\" data-end=\"1179\" data-is-last-node=\"\" data-is-only-node=\"\"><strong data-start=\"1163\" data-end=\"1175\">V\u00fdrobca:<\/strong> &#8212;<\/p>","protected":false},"excerpt":{"rendered":"<p>Ochorenia \u010fasien a z\u00e1paly \u00fastnej sliznice sa dnes pova\u017euj\u00fa za ve\u013emi roz\u0161\u00edren\u00e9 probl\u00e9my. Na ich prevenciu a podporu lie\u010dby bol vyvinut\u00fd rad \u00fastnych v\u00f4d s obsahom rujy vlasatej&#8230; <a href=\"#tab-description\" class=\"more-link\">Read more<\/a><\/p>","protected":false},"featured_media":11187,"comment_status":"open","ping_status":"closed","template":"","meta":{"inline_featured_image":false},"product_brand":[342],"product_cat":[249,19],"product_tag":[309,313],"class_list":{"0":"post-11185","1":"product","2":"type-product","3":"status-publish","4":"has-post-thumbnail","6":"product_brand-herbaria","7":"product_cat-kozmeticke-vyrobky","8":"product_cat-ostatne","9":"product_tag-novinky","10":"product_tag-top-ostatne","12":"first","13":"instock","14":"taxable","15":"shipping-taxable","16":"purchasable","17":"product-type-simple"},"aioseo_notices":[],"_links":{"self":[{"href":"https:\/\/www.biokari.sk\/en\/wp-json\/wp\/v2\/product\/11185","targetHints":{"allow":["GET"]}}],"collection":[{"href":"https:\/\/www.biokari.sk\/en\/wp-json\/wp\/v2\/product"}],"about":[{"href":"https:\/\/www.biokari.sk\/en\/wp-json\/wp\/v2\/types\/product"}],"replies":[{"embeddable":true,"href":"https:\/\/www.biokari.sk\/en\/wp-json\/wp\/v2\/comments?post=11185"}],"wp:featuredmedia":[{"embeddable":true,"href":"https:\/\/www.biokari.sk\/en\/wp-json\/wp\/v2\/media\/11187"}],"wp:attachment":[{"href":"https:\/\/www.biokari.sk\/en\/wp-json\/wp\/v2\/media?parent=11185"}],"wp:term":[{"taxonomy":"product_brand","embeddable":true,"href":"https:\/\/www.biokari.sk\/en\/wp-json\/wp\/v2\/product_brand?post=11185"},{"taxonomy":"product_cat","embeddable":true,"href":"https:\/\/www.biokari.sk\/en\/wp-json\/wp\/v2\/product_cat?post=11185"},{"taxonomy":"product_tag","embeddable":true,"href":"https:\/\/www.biokari.sk\/en\/wp-json\/wp\/v2\/product_tag?post=11185"}],"curies":[{"name":"wp","href":"https:\/\/api.w.org\/{rel}","templated":true}]}}