{"id":11219,"date":"2026-03-30T23:05:51","date_gmt":"2026-03-30T21:05:51","guid":{"rendered":"https:\/\/www.biokari.sk\/produkt\/eden-premium-psenove-cestoviny-vreteno-200g\/"},"modified":"2026-04-30T19:01:22","modified_gmt":"2026-04-30T17:01:22","slug":"eden-premium-psenove-cestoviny-vreteno-200g","status":"publish","type":"product","link":"https:\/\/www.biokari.sk\/en\/product\/eden-premium-psenove-cestoviny-vreteno-200g\/","title":{"rendered":"\u00c9den pr\u00e9mium P\u0161enov\u00e9 cestoviny &#8211; Vreteno 200g"},"content":{"rendered":"<p><strong>Eden Premium prosov\u00e9 cestoviny<\/strong>&nbsp;s\u00fa vyr\u00e1ban\u00e9 pod\u013ea vlastnej recept\u00fary v \u0161pecializovanej v\u00fdrobni. Svoju pr\u00edjemn\u00fa \u017elt\u00fa farbu z\u00edskavaj\u00fa v\u010faka jemn\u00e9mu podielu kurkumy a aj po uvaren\u00ed si zachov\u00e1vaj\u00fa svoju \u0161trukt\u00faru. Pri v\u00fdrobe neboli pou\u017eit\u00e9&nbsp;<strong>vajcia ani s\u00f3ja<\/strong>, v\u010faka \u010domu s\u00fa vhodn\u00e9 aj pre \u0161pecifick\u00e9 stravovacie potreby.<\/p>\n\n\n\n<p>Proso je&nbsp;<strong>\u013eahko str\u00e1vite\u013en\u00e1 obilnina<\/strong>&nbsp;s vysokou nutri\u010dnou hodnotou, prirodzene&nbsp;<strong>bezlepkov\u00e1<\/strong>&nbsp;a bohat\u00e1 na&nbsp;<strong>esenci\u00e1lne aminokyseliny<\/strong>. Obsah \u0161upiek zo skorocelu (psyllium) zvy\u0161uje obsah vl\u00e1kniny, \u010d\u00edm m\u00f4\u017ee podpori\u0165&nbsp;<strong>spr\u00e1vne tr\u00e1venie<\/strong>&nbsp;a pom\u00e1ha\u0165&nbsp;<strong>spoma\u013eova\u0165 vstreb\u00e1vanie sacharidov<\/strong>.<\/p>\n\n\n\n<p><strong>Composition:<\/strong>&nbsp;prosov\u00e1 m\u00faka (88 %), pitn\u00e1 voda, m\u00faka zo \u0161upiek skorocelu (psyllium), kurkuma.<\/p>\n\n\n\n<p><strong>Preparation:<\/strong>&nbsp;vlo\u017ete do vriacej vody a varte na miernom ohni&nbsp;<strong>2\u20134 min\u00faty<\/strong>, n\u00e1sledne sce\u010fte a prepl\u00e1chnite dostato\u010dn\u00fdm mno\u017estvom vody. Pod\u00e1vajte pod\u013ea chuti. Dobr\u00fa chu\u0165!<\/p>\n\n\n\n<p><strong>V\u00fd\u017eivov\u00e9 hodnoty v 100 g:<\/strong>&nbsp;energia&nbsp;<strong>1382 kJ \/ 327 kcal<\/strong>, tuky&nbsp;<strong>2,6 g<\/strong>, z toho nas\u00fdten\u00e9 mastn\u00e9 kyseliny&nbsp;<strong>0,5 g<\/strong>, sacharidy&nbsp;<strong>63 g<\/strong>, z toho cukry&nbsp;<strong>&lt;0,5 g<\/strong>, vl\u00e1knina&nbsp;<strong>5,6 g<\/strong>, bielkoviny&nbsp;<strong>9,5 g<\/strong>, so\u013e&nbsp;<strong>&lt;0,01 g<\/strong>.<\/p>\n\n\n\n<p><strong>Storage:<\/strong>&nbsp;uchov\u00e1vajte na&nbsp;<strong>suchom, chladnom mieste chr\u00e1nenom pred slne\u010dn\u00fdm \u017eiaren\u00edm<\/strong>.<\/p>\n\n\n\n<p>Vyroben\u00e9 v z\u00e1vode sprac\u00favaj\u00facom&nbsp;<strong>bezlepkov\u00e9 produkty<\/strong>.<\/p>\n\n\n\n<p><strong>Alerg\u00e9nov\u00e9 inform\u00e1cie:<\/strong>&nbsp;v\u00fdrobok bol vyroben\u00fd v z\u00e1vode, kde sa sprac\u00favaj\u00fa aj&nbsp;<strong>orechy<\/strong>; m\u00f4\u017ee obsahova\u0165 stopy&nbsp;<strong>hor\u010dice a sezamu<\/strong>.<\/p>\n\n\n\n<p><strong>Country of origin:<\/strong>&nbsp;<strong>Ma\u010farsko<\/strong><\/p>\n\n\n\n<p><strong>Net weight:<\/strong>&nbsp;<strong>200 g<\/strong><\/p>\n\n\n\n<p>Minim\u00e1lna trvanlivos\u0165 je uveden\u00e1 na obale. Napriek maxim\u00e1lnej snahe o presnos\u0165 \u00fadajov sa m\u00f4\u017eu inform\u00e1cie meni\u0165, preto odpor\u00fa\u010dame v\u017edy riadi\u0165 sa \u00fadajmi uveden\u00fdmi priamo na obale produktu.<\/p>","protected":false},"excerpt":{"rendered":"<p>Eden Premium prosov\u00e9 cestoviny\u00a0s\u00fa vyr\u00e1&#8230; <a href=\"#tab-description\" class=\"more-link\">Read more<\/a><\/p>","protected":false},"featured_media":11220,"comment_status":"open","ping_status":"closed","template":"","meta":{"inline_featured_image":false},"product_brand":[],"product_cat":[316,71,125],"product_tag":[280,312,281],"class_list":{"0":"post-11219","1":"product","2":"type-product","3":"status-publish","4":"has-post-thumbnail","6":"product_cat-bezlepkove-vyrobky","7":"product_cat-potraviny","8":"product_cat-cestoviny","9":"product_tag-bezglutenove","10":"product_tag-top-potraviny","11":"product_tag-veganske","13":"first","14":"instock","15":"taxable","16":"shipping-taxable","17":"purchasable","18":"product-type-simple"},"aioseo_notices":[],"_links":{"self":[{"href":"https:\/\/www.biokari.sk\/en\/wp-json\/wp\/v2\/product\/11219","targetHints":{"allow":["GET"]}}],"collection":[{"href":"https:\/\/www.biokari.sk\/en\/wp-json\/wp\/v2\/product"}],"about":[{"href":"https:\/\/www.biokari.sk\/en\/wp-json\/wp\/v2\/types\/product"}],"replies":[{"embeddable":true,"href":"https:\/\/www.biokari.sk\/en\/wp-json\/wp\/v2\/comments?post=11219"}],"wp:featuredmedia":[{"embeddable":true,"href":"https:\/\/www.biokari.sk\/en\/wp-json\/wp\/v2\/media\/11220"}],"wp:attachment":[{"href":"https:\/\/www.biokari.sk\/en\/wp-json\/wp\/v2\/media?parent=11219"}],"wp:term":[{"taxonomy":"product_brand","embeddable":true,"href":"https:\/\/www.biokari.sk\/en\/wp-json\/wp\/v2\/product_brand?post=11219"},{"taxonomy":"product_cat","embeddable":true,"href":"https:\/\/www.biokari.sk\/en\/wp-json\/wp\/v2\/product_cat?post=11219"},{"taxonomy":"product_tag","embeddable":true,"href":"https:\/\/www.biokari.sk\/en\/wp-json\/wp\/v2\/product_tag?post=11219"}],"curies":[{"name":"wp","href":"https:\/\/api.w.org\/{rel}","templated":true}]}}